{"id":422,"date":"2024-03-12T12:47:07","date_gmt":"2024-03-12T11:47:07","guid":{"rendered":"https:\/\/www.missionslocalesnormandie.fr\/mission-locale-pays-caux-vallee-seine\/?page_id=422"},"modified":"2024-03-20T16:58:39","modified_gmt":"2024-03-20T15:58:39","slug":"nous-contacter-cllaj","status":"publish","type":"page","link":"https:\/\/www.missionslocalesnormandie.fr\/mission-locale-pays-caux-vallee-seine\/cllaj\/nous-contacter-cllaj\/","title":{"rendered":"Nous contacter"},"content":{"rendered":"\t\t<div data-elementor-type=\"wp-page\" data-elementor-id=\"422\" class=\"elementor elementor-422\">\n\t\t\t\t<div class=\"elementor-element elementor-element-8532387 e-flex e-con-boxed e-con e-parent\" data-id=\"8532387\" data-element_type=\"container\">\n\t\t\t\t\t<div class=\"e-con-inner\">\n\t\t<div class=\"elementor-element elementor-element-c8d17aa e-con-full e-flex e-con e-child\" data-id=\"c8d17aa\" data-element_type=\"container\">\n\t\t\t\t<div class=\"elementor-element elementor-element-74bb451 elementor-widget elementor-widget-block_titre\" data-id=\"74bb451\" data-element_type=\"widget\" data-widget_type=\"block_titre.default\">\n\t\t\t\t<div class=\"elementor-widget-container\">\n\t\t\t    <div class=\"container\">\n        <h2>\n            Permanence T\u00e9l\u00e9phonique\n        <\/h2>\n    <\/div>\n\t\t<\/div>\n\t\t\t\t<\/div>\n\t\t\t\t<div class=\"elementor-element elementor-element-b2ee633 elementor-widget elementor-widget-block_simple_texte\" data-id=\"b2ee633\" data-element_type=\"widget\" data-widget_type=\"block_simple_texte.default\">\n\t\t\t\t<div class=\"elementor-widget-container\">\n\t\t\t    <div class=\"container\">\n        <p style=\"text-align: center\"><span style=\"font-size: 18pt\"><b>02 35 38 19 89<\/b><\/span><\/p><p style=\"text-align: center\"><span style=\"font-size: 14pt\">Du lundi au jeudi de 09h00 \u00e0 12h30 et de 13h30 \u00e0 17h30<\/span><\/p><p style=\"text-align: center\"><span style=\"font-size: 14pt\">Et le vendredi de 09h00 \u00e0 12h30 et de 13h30 \u00e0 16h30<\/span><\/p>\n    <\/div>\n\t\t<\/div>\n\t\t\t\t<\/div>\n\t\t\t\t<\/div>\n\t\t<div class=\"elementor-element elementor-element-7c32410 e-con-full e-flex e-con e-child\" data-id=\"7c32410\" data-element_type=\"container\">\n\t\t\t\t<div class=\"elementor-element elementor-element-155a092 elementor-widget elementor-widget-block_titre\" data-id=\"155a092\" data-element_type=\"widget\" data-widget_type=\"block_titre.default\">\n\t\t\t\t<div class=\"elementor-widget-container\">\n\t\t\t    <div class=\"container\">\n        <h2>\n            Facebook\n        <\/h2>\n    <\/div>\n\t\t<\/div>\n\t\t\t\t<\/div>\n\t\t\t\t<div class=\"elementor-element elementor-element-fe7fa23 elementor-widget elementor-widget-block_simple_texte\" data-id=\"fe7fa23\" data-element_type=\"widget\" data-widget_type=\"block_simple_texte.default\">\n\t\t\t\t<div class=\"elementor-widget-container\">\n\t\t\t    <div class=\"container\">\n        <p style=\"text-align: center\"><span style=\"font-size: 14pt\"><a href=\"https:\/\/www.facebook.com\/CLLAJ\">CLLAJ du Pays de Caux Vall\u00e9e de Seine<\/a><\/span><\/p>\n    <\/div>\n\t\t<\/div>\n\t\t\t\t<\/div>\n\t\t\t\t<\/div>\n\t\t\t\t\t<\/div>\n\t\t\t\t<\/div>\n\t\t<div class=\"elementor-element elementor-element-6cfd997 e-flex e-con-boxed e-con e-parent\" data-id=\"6cfd997\" data-element_type=\"container\">\n\t\t\t\t\t<div class=\"e-con-inner\">\n\t\t<div class=\"elementor-element elementor-element-8a15e90 e-con-full e-flex e-con e-child\" data-id=\"8a15e90\" data-element_type=\"container\">\n\t\t\t\t<div class=\"elementor-element elementor-element-6e0eb7a elementor-widget elementor-widget-block_titre\" data-id=\"6e0eb7a\" data-element_type=\"widget\" data-widget_type=\"block_titre.default\">\n\t\t\t\t<div class=\"elementor-widget-container\">\n\t\t\t    <div class=\"container\">\n        <h2>\n            Responsable de Secteur\n        <\/h2>\n    <\/div>\n\t\t<\/div>\n\t\t\t\t<\/div>\n\t\t\t\t<div class=\"elementor-element elementor-element-40c8d4e elementor-widget elementor-widget-block_simple_texte\" data-id=\"40c8d4e\" data-element_type=\"widget\" data-widget_type=\"block_simple_texte.default\">\n\t\t\t\t<div class=\"elementor-widget-container\">\n\t\t\t    <div class=\"container\">\n        <p><span style=\"font-size: 14pt\">CONTEAUX Louise<\/span><\/p><p><span style=\"font-size: 14pt\">06 66 46 40 20<\/span><\/p><p><span style=\"font-size: 14pt\"><a href=\"l.conteaux@ml-lillebonnecauxseine.fr\">l.conteaux@ml-lillebonnecauxseine.fr<\/a><\/span><\/p>\n    <\/div>\n\t\t<\/div>\n\t\t\t\t<\/div>\n\t\t\t\t<div class=\"elementor-element elementor-element-67201f4 elementor-widget elementor-widget-block_titre\" data-id=\"67201f4\" data-element_type=\"widget\" data-widget_type=\"block_titre.default\">\n\t\t\t\t<div class=\"elementor-widget-container\">\n\t\t\t    <div class=\"container\">\n        <h2>\n            Intervenante Social CEJR\n        <\/h2>\n    <\/div>\n\t\t<\/div>\n\t\t\t\t<\/div>\n\t\t\t\t<div class=\"elementor-element elementor-element-0670daf elementor-widget elementor-widget-block_simple_texte\" data-id=\"0670daf\" data-element_type=\"widget\" data-widget_type=\"block_simple_texte.default\">\n\t\t\t\t<div class=\"elementor-widget-container\">\n\t\t\t    <div class=\"container\">\n        <p><span style=\"font-size: 14pt\">GRAINDOR Manon\u00a0<\/span><\/p><p><span style=\"font-size: 14pt\">07 85 91 17 87<\/span><\/p><p><span style=\"font-size: 14pt\"><a href=\"m.graindor@ml-lillebonnecauxseine.fr\">m.graindor@ml-lillebonnecauxseine.fr<\/a><\/span><\/p>\n    <\/div>\n\t\t<\/div>\n\t\t\t\t<\/div>\n\t\t\t\t<\/div>\n\t\t<div class=\"elementor-element elementor-element-e7e07c0 e-con-full e-flex e-con e-child\" data-id=\"e7e07c0\" data-element_type=\"container\">\n\t\t\t\t<div class=\"elementor-element elementor-element-613c0c0 elementor-widget elementor-widget-block_titre\" data-id=\"613c0c0\" data-element_type=\"widget\" data-widget_type=\"block_titre.default\">\n\t\t\t\t<div class=\"elementor-widget-container\">\n\t\t\t    <div class=\"container\">\n        <h2>\n            Conseill\u00e8res en \u00c9conomie Sociale et Familiale \n        <\/h2>\n    <\/div>\n\t\t<\/div>\n\t\t\t\t<\/div>\n\t\t\t\t<div class=\"elementor-element elementor-element-45f43f6 elementor-widget elementor-widget-block_simple_texte\" data-id=\"45f43f6\" data-element_type=\"widget\" data-widget_type=\"block_simple_texte.default\">\n\t\t\t\t<div class=\"elementor-widget-container\">\n\t\t\t    <div class=\"container\">\n        <p><span style=\"font-size: 14pt\">GRANCHER Alice\u00a0<\/span><\/p><p><span style=\"font-size: 14pt\">07 88 23 84 07<\/span><\/p><p><span style=\"font-size: 14pt\"><a href=\"a.grancher@ml-lillebonnecauxseine.fr\">a.grancher@ml-lillebonnecauxseine.fr<\/a><\/span><\/p><p><span style=\"font-size: 14pt\">DUMONT Ana\u00efs\u00a0<\/span><\/p><p><span style=\"font-size: 14pt\">07 44 31 24 62<\/span><\/p><p><span style=\"font-size: 14pt\"><a href=\"a.dumont@ml-lillebonnecauxseine.fr\">a.dumont@ml-lillebonnecauxseine.fr<\/a><\/span><\/p><p><span style=\"font-size: 14pt\">MOYSAN Jane (Alternante)<\/span><\/p><p><span style=\"font-size: 14pt\">07 57 81 92 10<\/span><\/p><p><span style=\"font-size: 14pt\"><a href=\"j.moysan@ml-lillebonnecauxseine.fr\">j.moysan@ml-lillebonnecauxseine.fr<\/a><\/span><\/p>\n    <\/div>\n\t\t<\/div>\n\t\t\t\t<\/div>\n\t\t\t\t<\/div>\n\t\t\t\t\t<\/div>\n\t\t\t\t<\/div>\n\t\t<div class=\"elementor-element elementor-element-65333f0 e-flex e-con-boxed e-con e-parent\" data-id=\"65333f0\" data-element_type=\"container\">\n\t\t\t\t\t<div class=\"e-con-inner\">\n\t\t\t\t\t<\/div>\n\t\t\t\t<\/div>\n\t\t\t\t<\/div>\n\t\t","protected":false},"excerpt":{"rendered":"<p>Permanence T\u00e9l\u00e9phonique 02 35 38 19 89 Du lundi au jeudi de 09h00 \u00e0 12h30 et de 13h30 \u00e0 17h30 Et le vendredi de 09h00 \u00e0 12h30 et de 13h30 \u00e0 16h30 Facebook CLLAJ du Pays de Caux Vall\u00e9e de Seine Responsable de Secteur CONTEAUX Louise 06 66 46 40 20 l.conteaux@ml-lillebonnecauxseine.fr Intervenante Social CEJR [&hellip;]<\/p>\n","protected":false},"author":11,"featured_media":0,"parent":339,"menu_order":0,"comment_status":"closed","ping_status":"closed","template":"","meta":{"_acf_changed":false,"_crosspost_to_1":false,"_crosspost_to_2":false,"_crosspost_to_3":false,"_crosspost_to_4":false,"_crosspost_to_5":false,"_crosspost_to_6":false,"_crosspost_to_7":false,"_crosspost_to_8":false,"_crosspost_to_12":false,"_crosspost_to_13":false,"_crosspost_to_14":false,"_crosspost_to_15":false,"_crosspost_to_16":false,"inline_featured_image":false,"footnotes":""},"acf":[],"yoast_head":"<!-- This site is optimized with the Yoast SEO plugin v21.9.1 - https:\/\/yoast.com\/wordpress\/plugins\/seo\/ -->\n<title>Nous contacter - MISSION LOCALE PAYS DE CAUX - VALLEE DE SEINE<\/title>\n<meta name=\"robots\" content=\"index, follow, max-snippet:-1, max-image-preview:large, max-video-preview:-1\" \/>\n<link rel=\"canonical\" href=\"https:\/\/www.missionslocalesnormandie.fr\/mission-locale-pays-caux-vallee-seine\/cllaj\/nous-contacter-cllaj\/\" \/>\n<meta property=\"og:locale\" content=\"fr_FR\" \/>\n<meta property=\"og:type\" content=\"article\" \/>\n<meta property=\"og:title\" content=\"Nous contacter - MISSION LOCALE PAYS DE CAUX - VALLEE DE SEINE\" \/>\n<meta property=\"og:description\" content=\"Permanence T\u00e9l\u00e9phonique 02 35 38 19 89 Du lundi au jeudi de 09h00 \u00e0 12h30 et de 13h30 \u00e0 17h30 Et le vendredi de 09h00 \u00e0 12h30 et de 13h30 \u00e0 16h30 Facebook CLLAJ du Pays de Caux Vall\u00e9e de Seine Responsable de Secteur CONTEAUX Louise 06 66 46 40 20 l.conteaux@ml-lillebonnecauxseine.fr Intervenante Social CEJR [&hellip;]\" \/>\n<meta property=\"og:url\" content=\"https:\/\/www.missionslocalesnormandie.fr\/mission-locale-pays-caux-vallee-seine\/cllaj\/nous-contacter-cllaj\/\" \/>\n<meta property=\"og:site_name\" content=\"MISSION LOCALE PAYS DE CAUX - VALLEE DE SEINE\" \/>\n<meta property=\"article:modified_time\" content=\"2024-03-20T15:58:39+00:00\" \/>\n<meta name=\"twitter:card\" content=\"summary_large_image\" \/>\n<meta name=\"twitter:label1\" content=\"Dur\u00e9e de lecture estim\u00e9e\" \/>\n\t<meta name=\"twitter:data1\" content=\"1 minute\" \/>\n<script type=\"application\/ld+json\" class=\"yoast-schema-graph\">{\"@context\":\"https:\/\/schema.org\",\"@graph\":[{\"@type\":\"WebPage\",\"@id\":\"https:\/\/www.missionslocalesnormandie.fr\/mission-locale-pays-caux-vallee-seine\/cllaj\/nous-contacter-cllaj\/\",\"url\":\"https:\/\/www.missionslocalesnormandie.fr\/mission-locale-pays-caux-vallee-seine\/cllaj\/nous-contacter-cllaj\/\",\"name\":\"Nous contacter - MISSION LOCALE PAYS DE CAUX - VALLEE DE SEINE\",\"isPartOf\":{\"@id\":\"https:\/\/www.missionslocalesnormandie.fr\/mission-locale-pays-caux-vallee-seine\/#website\"},\"datePublished\":\"2024-03-12T11:47:07+00:00\",\"dateModified\":\"2024-03-20T15:58:39+00:00\",\"breadcrumb\":{\"@id\":\"https:\/\/www.missionslocalesnormandie.fr\/mission-locale-pays-caux-vallee-seine\/cllaj\/nous-contacter-cllaj\/#breadcrumb\"},\"inLanguage\":\"fr-FR\",\"potentialAction\":[{\"@type\":\"ReadAction\",\"target\":[\"https:\/\/www.missionslocalesnormandie.fr\/mission-locale-pays-caux-vallee-seine\/cllaj\/nous-contacter-cllaj\/\"]}]},{\"@type\":\"BreadcrumbList\",\"@id\":\"https:\/\/www.missionslocalesnormandie.fr\/mission-locale-pays-caux-vallee-seine\/cllaj\/nous-contacter-cllaj\/#breadcrumb\",\"itemListElement\":[{\"@type\":\"ListItem\",\"position\":1,\"name\":\"Home\",\"item\":\"https:\/\/www.missionslocalesnormandie.fr\/mission-locale-pays-caux-vallee-seine\/\"},{\"@type\":\"ListItem\",\"position\":2,\"name\":\"CLLAJ\",\"item\":\"https:\/\/www.missionslocalesnormandie.fr\/mission-locale-pays-caux-vallee-seine\/cllaj\/\"},{\"@type\":\"ListItem\",\"position\":3,\"name\":\"Nous contacter\"}]},{\"@type\":\"WebSite\",\"@id\":\"https:\/\/www.missionslocalesnormandie.fr\/mission-locale-pays-caux-vallee-seine\/#website\",\"url\":\"https:\/\/www.missionslocalesnormandie.fr\/mission-locale-pays-caux-vallee-seine\/\",\"name\":\"MISSION LOCALE PAYS DE CAUX - VALLEE DE SEINE\",\"description\":\"\",\"potentialAction\":[{\"@type\":\"SearchAction\",\"target\":{\"@type\":\"EntryPoint\",\"urlTemplate\":\"https:\/\/www.missionslocalesnormandie.fr\/mission-locale-pays-caux-vallee-seine\/?s={search_term_string}\"},\"query-input\":\"required name=search_term_string\"}],\"inLanguage\":\"fr-FR\"}]}<\/script>\n<!-- \/ Yoast SEO plugin. -->","yoast_head_json":{"title":"Nous contacter - MISSION LOCALE PAYS DE CAUX - VALLEE DE SEINE","robots":{"index":"index","follow":"follow","max-snippet":"max-snippet:-1","max-image-preview":"max-image-preview:large","max-video-preview":"max-video-preview:-1"},"canonical":"https:\/\/www.missionslocalesnormandie.fr\/mission-locale-pays-caux-vallee-seine\/cllaj\/nous-contacter-cllaj\/","og_locale":"fr_FR","og_type":"article","og_title":"Nous contacter - MISSION LOCALE PAYS DE CAUX - VALLEE DE SEINE","og_description":"Permanence T\u00e9l\u00e9phonique 02 35 38 19 89 Du lundi au jeudi de 09h00 \u00e0 12h30 et de 13h30 \u00e0 17h30 Et le vendredi de 09h00 \u00e0 12h30 et de 13h30 \u00e0 16h30 Facebook CLLAJ du Pays de Caux Vall\u00e9e de Seine Responsable de Secteur CONTEAUX Louise 06 66 46 40 20 l.conteaux@ml-lillebonnecauxseine.fr Intervenante Social CEJR [&hellip;]","og_url":"https:\/\/www.missionslocalesnormandie.fr\/mission-locale-pays-caux-vallee-seine\/cllaj\/nous-contacter-cllaj\/","og_site_name":"MISSION LOCALE PAYS DE CAUX - VALLEE DE SEINE","article_modified_time":"2024-03-20T15:58:39+00:00","twitter_card":"summary_large_image","twitter_misc":{"Dur\u00e9e de lecture estim\u00e9e":"1 minute"},"schema":{"@context":"https:\/\/schema.org","@graph":[{"@type":"WebPage","@id":"https:\/\/www.missionslocalesnormandie.fr\/mission-locale-pays-caux-vallee-seine\/cllaj\/nous-contacter-cllaj\/","url":"https:\/\/www.missionslocalesnormandie.fr\/mission-locale-pays-caux-vallee-seine\/cllaj\/nous-contacter-cllaj\/","name":"Nous contacter - MISSION LOCALE PAYS DE CAUX - VALLEE DE SEINE","isPartOf":{"@id":"https:\/\/www.missionslocalesnormandie.fr\/mission-locale-pays-caux-vallee-seine\/#website"},"datePublished":"2024-03-12T11:47:07+00:00","dateModified":"2024-03-20T15:58:39+00:00","breadcrumb":{"@id":"https:\/\/www.missionslocalesnormandie.fr\/mission-locale-pays-caux-vallee-seine\/cllaj\/nous-contacter-cllaj\/#breadcrumb"},"inLanguage":"fr-FR","potentialAction":[{"@type":"ReadAction","target":["https:\/\/www.missionslocalesnormandie.fr\/mission-locale-pays-caux-vallee-seine\/cllaj\/nous-contacter-cllaj\/"]}]},{"@type":"BreadcrumbList","@id":"https:\/\/www.missionslocalesnormandie.fr\/mission-locale-pays-caux-vallee-seine\/cllaj\/nous-contacter-cllaj\/#breadcrumb","itemListElement":[{"@type":"ListItem","position":1,"name":"Home","item":"https:\/\/www.missionslocalesnormandie.fr\/mission-locale-pays-caux-vallee-seine\/"},{"@type":"ListItem","position":2,"name":"CLLAJ","item":"https:\/\/www.missionslocalesnormandie.fr\/mission-locale-pays-caux-vallee-seine\/cllaj\/"},{"@type":"ListItem","position":3,"name":"Nous contacter"}]},{"@type":"WebSite","@id":"https:\/\/www.missionslocalesnormandie.fr\/mission-locale-pays-caux-vallee-seine\/#website","url":"https:\/\/www.missionslocalesnormandie.fr\/mission-locale-pays-caux-vallee-seine\/","name":"MISSION LOCALE PAYS DE CAUX - VALLEE DE SEINE","description":"","potentialAction":[{"@type":"SearchAction","target":{"@type":"EntryPoint","urlTemplate":"https:\/\/www.missionslocalesnormandie.fr\/mission-locale-pays-caux-vallee-seine\/?s={search_term_string}"},"query-input":"required name=search_term_string"}],"inLanguage":"fr-FR"}]}},"_links":{"self":[{"href":"https:\/\/www.missionslocalesnormandie.fr\/mission-locale-pays-caux-vallee-seine\/wp-json\/wp\/v2\/pages\/422"}],"collection":[{"href":"https:\/\/www.missionslocalesnormandie.fr\/mission-locale-pays-caux-vallee-seine\/wp-json\/wp\/v2\/pages"}],"about":[{"href":"https:\/\/www.missionslocalesnormandie.fr\/mission-locale-pays-caux-vallee-seine\/wp-json\/wp\/v2\/types\/page"}],"author":[{"embeddable":true,"href":"https:\/\/www.missionslocalesnormandie.fr\/mission-locale-pays-caux-vallee-seine\/wp-json\/wp\/v2\/users\/11"}],"replies":[{"embeddable":true,"href":"https:\/\/www.missionslocalesnormandie.fr\/mission-locale-pays-caux-vallee-seine\/wp-json\/wp\/v2\/comments?post=422"}],"version-history":[{"count":19,"href":"https:\/\/www.missionslocalesnormandie.fr\/mission-locale-pays-caux-vallee-seine\/wp-json\/wp\/v2\/pages\/422\/revisions"}],"predecessor-version":[{"id":1040,"href":"https:\/\/www.missionslocalesnormandie.fr\/mission-locale-pays-caux-vallee-seine\/wp-json\/wp\/v2\/pages\/422\/revisions\/1040"}],"up":[{"embeddable":true,"href":"https:\/\/www.missionslocalesnormandie.fr\/mission-locale-pays-caux-vallee-seine\/wp-json\/wp\/v2\/pages\/339"}],"wp:attachment":[{"href":"https:\/\/www.missionslocalesnormandie.fr\/mission-locale-pays-caux-vallee-seine\/wp-json\/wp\/v2\/media?parent=422"}],"curies":[{"name":"wp","href":"https:\/\/api.w.org\/{rel}","templated":true}]}}