{"id":448,"date":"2024-03-12T15:08:18","date_gmt":"2024-03-12T14:08:18","guid":{"rendered":"https:\/\/www.missionslocalesnormandie.fr\/mission-locale-pays-caux-vallee-seine\/?page_id=448"},"modified":"2024-04-10T09:46:32","modified_gmt":"2024-04-10T07:46:32","slug":"notre-histoire","status":"publish","type":"page","link":"https:\/\/www.missionslocalesnormandie.fr\/mission-locale-pays-caux-vallee-seine\/notre-histoire\/","title":{"rendered":"Notre histoire"},"content":{"rendered":"\t\t<div data-elementor-type=\"wp-page\" data-elementor-id=\"448\" class=\"elementor elementor-448\">\n\t\t\t\t<div class=\"elementor-element elementor-element-735c72a e-flex e-con-boxed e-con e-parent\" data-id=\"735c72a\" data-element_type=\"container\">\n\t\t\t\t\t<div class=\"e-con-inner\">\n\t\t<div class=\"elementor-element elementor-element-514601f e-con-full e-flex e-con e-child\" data-id=\"514601f\" data-element_type=\"container\">\n\t\t\t\t<div class=\"elementor-element elementor-element-be30a2e elementor-widget elementor-widget-block_titre\" data-id=\"be30a2e\" data-element_type=\"widget\" data-widget_type=\"block_titre.default\">\n\t\t\t\t<div class=\"elementor-widget-container\">\n\t\t\t    <div class=\"container\">\n        <h2>\n            Qu'est ce que la Mission Locale ? \n        <\/h2>\n    <\/div>\n\t\t<\/div>\n\t\t\t\t<\/div>\n\t\t\t\t<div class=\"elementor-element elementor-element-792cab0 elementor-widget elementor-widget-block_simple_texte\" data-id=\"792cab0\" data-element_type=\"widget\" data-widget_type=\"block_simple_texte.default\">\n\t\t\t\t<div class=\"elementor-widget-container\">\n\t\t\t    <div class=\"container\">\n        <p style=\"text-align: justify\"><span style=\"font-size: 14pt\">En 1981, M. Bertrand SCHWARTZ \"Docteur \u00e8s Sciences\" remet au premier ministre de l\u2019\u00e9poque, M. Pierre MAUROY,\u00a0 un rapport qui pr\u00e9conise une politique d\u2019ensemble concernant la qualification des jeunes, le d\u00e9veloppement de l\u2019alternance et du tutorat en entreprise, et la mobilisation de toutes les ressources pour offrir des r\u00e9ponses adapt\u00e9es dans tous les domaines : formation et emploi, loisirs, sant\u00e9, logement, culture.<\/span><\/p><p style=\"text-align: justify\"><span style=\"font-size: 14pt\">En 1982, les Missions Locales sont mises en place, dans un premier temps \u00e0 titre exp\u00e9rimental, pour apporter aux jeunes de 16 \u00e0 25 ans une aide plus \u00e9tendue, d\u00e9passant l\u2019orientation professionnelle, leur permettant d\u2019\u00e9laborer un projet d\u2019insertion sociale et professionnelle, et de le mettre en \u0153uvre dans tous les aspects de la vie quotidienne.<\/span><\/p><p style=\"text-align: justify\"><span style=\"font-size: 14pt\">Les Missions Locales sont constitu\u00e9es sous forme d\u2019associations, pr\u00e9sid\u00e9es par un \u00e9lu et r\u00e9unissant dans leurs instances l\u2019ensemble des partenaires de l\u2019insertion : \u00e9lus, administrations, partenaires \u00e9conomiques et sociaux, et associations.<\/span><\/p>\n    <\/div>\n\t\t<\/div>\n\t\t\t\t<\/div>\n\t\t\t\t<\/div>\n\t\t<div class=\"elementor-element elementor-element-9e34795 e-con-full e-flex e-con e-child\" data-id=\"9e34795\" data-element_type=\"container\">\n\t\t\t\t<div class=\"elementor-element elementor-element-866d22a elementor-widget elementor-widget-block_simple_visuel\" data-id=\"866d22a\" data-element_type=\"widget\" data-widget_type=\"block_simple_visuel.default\">\n\t\t\t\t<div class=\"elementor-widget-container\">\n\t\t\t    <div class=\"container\">\n        <figure>\n                                                    \n                                                            <a href=\"https:\/\/www.missionslocalesnormandie.fr\/content\/uploads\/sites\/11\/2024\/03\/720-trajectoires-inmemmoriam-schwartz-geneve.jpg\">\n                    <img decoding=\"async\" src=\"https:\/\/www.missionslocalesnormandie.fr\/content\/uploads\/sites\/11\/2024\/03\/720-trajectoires-inmemmoriam-schwartz-geneve-950x595-c-default.jpg\"\n                         alt=\"MISSION LOCALE PAYS DE CAUX - VALLEE DE SEINE\"\/>\n                <\/a>\n            \n                            <figcaption>Bertrand SCHWARTZ <\/figcaption>\n                    <\/figure>\n    <\/div>\n\t\t<\/div>\n\t\t\t\t<\/div>\n\t\t\t\t<div class=\"elementor-element elementor-element-c688736 elementor-widget elementor-widget-block_simple_texte\" data-id=\"c688736\" data-element_type=\"widget\" data-widget_type=\"block_simple_texte.default\">\n\t\t\t\t<div class=\"elementor-widget-container\">\n\t\t\t    <div class=\"container\">\n        <p style=\"text-align: justify\"><span style=\"color: #33cccc\"><strong><span style=\"font-size: 14pt\"><i>\u00ab Rien ne se fera sans les jeunes. [Toute politique] ne peut \u00eatre entreprise et men\u00e9e \u00e0 bien qu\u2019avec ceux \u00e0 qui elle s\u2019adresse. C\u2019est \u00e0 eux qu\u2019il revient de donner \u00e0 l\u2019ensemble des forces sociales concern\u00e9es des raisons de s\u2019acharner \u00e0 construire de nouvelles voies. \u00bb <\/i>Citation du Rapport de B. SCHWARTZ sur l\u2019insertion professionnelle et sociale des jeunes.<\/span><\/strong><\/span><\/p>\n    <\/div>\n\t\t<\/div>\n\t\t\t\t<\/div>\n\t\t\t\t<\/div>\n\t\t\t\t\t<\/div>\n\t\t\t\t<\/div>\n\t\t<div class=\"elementor-element elementor-element-c57fcb0 e-flex e-con-boxed e-con e-parent\" data-id=\"c57fcb0\" data-element_type=\"container\">\n\t\t\t\t\t<div class=\"e-con-inner\">\n\t\t\t\t<div class=\"elementor-element elementor-element-74dabb6 elementor-widget elementor-widget-block_titre\" data-id=\"74dabb6\" data-element_type=\"widget\" data-widget_type=\"block_titre.default\">\n\t\t\t\t<div class=\"elementor-widget-container\">\n\t\t\t    <div class=\"container\">\n        <h2>\n            Notre Mission Locale\n        <\/h2>\n    <\/div>\n\t\t<\/div>\n\t\t\t\t<\/div>\n\t\t\t\t<div class=\"elementor-element elementor-element-bf5bdb5 elementor-widget elementor-widget-block_simple_texte\" data-id=\"bf5bdb5\" data-element_type=\"widget\" data-widget_type=\"block_simple_texte.default\">\n\t\t\t\t<div class=\"elementor-widget-container\">\n\t\t\t    <div class=\"container\">\n        <p><span style=\"font-size: 14pt\">En 1985,\u00a0 la PAIO Vall\u00e9e du Commerce (Permanence d'Accueil d'Information et d'Orientation) est cr\u00e9\u00e9e et deviendra Mission Locale en 2003.<\/span><\/p><p><span style=\"font-size: 14pt\">Elle intervient jusqu'en 2006 sur les Communaut\u00e9s de communes de Port J\u00e9r\u00f4me, 3CB et Caudebec Brotonne. L'intercommunalit\u00e9 se modifie et \u00e0 partir de 2006, les territoires d'intervention sont les Communaut\u00e9s de Communes Caux Vall\u00e9e de Seine et Coeur de Caux (qui deviendra Communaut\u00e9 d'Agglom\u00e9ration en 2015).<\/span><\/p><p><span style=\"font-size: 14pt\">Parall\u00e8lement, son territoire d'intervention s'\u00e9tendra \u00e0 partir de 2013 \u00e0 la Communaut\u00e9 de Communes Campagne de Caux (Disparition de la PAIO de Criquetot l'Esneval et r\u00e9cup\u00e9ration du Canton de Goderville).\u00a0<\/span><\/p><p><span style=\"font-size: 14pt\">Situ\u00e9e rue Fauquet Lema\u00eetre\u00a0 \u00e0 Lillebonne, elle d\u00e9m\u00e9nagera\u00a0 au sein de la Maison des Comp\u00e9tences situ\u00e9 2 rue du Manoir \u00e0 Lillebonne en 2010.<\/span><\/p>\n    <\/div>\n\t\t<\/div>\n\t\t\t\t<\/div>\n\t\t\t\t\t<\/div>\n\t\t\t\t<\/div>\n\t\t<div class=\"elementor-element elementor-element-b700f36 e-flex e-con-boxed e-con e-parent\" data-id=\"b700f36\" data-element_type=\"container\">\n\t\t\t\t\t<div class=\"e-con-inner\">\n\t\t<div class=\"elementor-element elementor-element-c8a83c4 e-con-full e-flex e-con e-child\" data-id=\"c8a83c4\" data-element_type=\"container\">\n\t\t\t\t<div class=\"elementor-element elementor-element-29f0683 elementor-widget elementor-widget-block_simple_texte\" data-id=\"29f0683\" data-element_type=\"widget\" data-widget_type=\"block_simple_texte.default\">\n\t\t\t\t<div class=\"elementor-widget-container\">\n\t\t\t    <div class=\"container\">\n        <p style=\"text-align: justify\"><span style=\"font-size: 14pt\">Elle est pr\u00e9sid\u00e9e actuellement par Mme LOISON Marie, D\u00e9l\u00e9gu\u00e9e Communautaire, et a connu respectivement 3 pr\u00e9sidents (Mr EDOUARD, Mr LEROUX, Mr ANNETTA). Elle est constitu\u00e9e de 4 coll\u00e8ges comprenant 36 membres (Coll\u00e8ge des \u00e9lus, coll\u00e8ge des administrations, coll\u00e8ge des socio-\u00e9conomiques et coll\u00e8ge des associations et personnes qualifi\u00e9es)\u00a0<\/span><\/p><p style=\"text-align: justify\"><span style=\"font-size: 14pt\">Le public accueilli est constitu\u00e9 de jeunes de 16 \u00e0 25 ans qui ne sont ni en formation, ni scolaris\u00e9s, ni en apprentissage, ni en emploi. D\u00e8s cette \u00e9poque, l\u2019action des professionnels sur le terrain met en exergue la n\u00e9cessit\u00e9 de prendre en compte les probl\u00e9matiques d\u2019ordre social.<\/span><\/p>\n    <\/div>\n\t\t<\/div>\n\t\t\t\t<\/div>\n\t\t\t\t<\/div>\n\t\t<div class=\"elementor-element elementor-element-25ac9ab e-con-full e-flex e-con e-child\" data-id=\"25ac9ab\" data-element_type=\"container\">\n\t\t\t\t<div class=\"elementor-element elementor-element-6c00f6f elementor-widget elementor-widget-block_simple_visuel\" data-id=\"6c00f6f\" data-element_type=\"widget\" data-widget_type=\"block_simple_visuel.default\">\n\t\t\t\t<div class=\"elementor-widget-container\">\n\t\t\t    <div class=\"container\">\n        <figure>\n                        \n                                                            <a href=\"https:\/\/www.missionslocalesnormandie.fr\/content\/uploads\/sites\/11\/2024\/04\/PSDTS.png\">\n                    <img decoding=\"async\" src=\"https:\/\/www.missionslocalesnormandie.fr\/content\/uploads\/sites\/11\/2024\/04\/PSDTS-950x595-c-default.png\"\n                         alt=\"MISSION LOCALE PAYS DE CAUX - VALLEE DE SEINE\"\/>\n                <\/a>\n            \n                    <\/figure>\n    <\/div>\n\t\t<\/div>\n\t\t\t\t<\/div>\n\t\t\t\t<\/div>\n\t\t\t\t\t<\/div>\n\t\t\t\t<\/div>\n\t\t<div class=\"elementor-element elementor-element-e23131d e-flex e-con-boxed e-con e-parent\" data-id=\"e23131d\" data-element_type=\"container\">\n\t\t\t\t\t<div class=\"e-con-inner\">\n\t\t\t\t<div class=\"elementor-element elementor-element-ac80470 elementor-widget elementor-widget-block_simple_texte\" data-id=\"ac80470\" data-element_type=\"widget\" data-widget_type=\"block_simple_texte.default\">\n\t\t\t\t<div class=\"elementor-widget-container\">\n\t\t\t    <div class=\"container\">\n        <p><span style=\"font-size: 14pt\">Aujourd\u2019hui, la Mission Locale du Pays de Caux Vall\u00e9e de Seine intervient sur le territoire de Caux Seine Agglo et de la communaut\u00e9 de Communes Campagne de Caux (72 communes) et compte 6 lieux d\u2019accueil et 3 permanences.<\/span><\/p>\n    <\/div>\n\t\t<\/div>\n\t\t\t\t<\/div>\n\t\t\t\t\t<\/div>\n\t\t\t\t<\/div>\n\t\t<div class=\"elementor-element elementor-element-ebb45d4 e-flex e-con-boxed e-con e-parent\" data-id=\"ebb45d4\" data-element_type=\"container\">\n\t\t\t\t\t<div class=\"e-con-inner\">\n\t\t\t\t<div class=\"elementor-element elementor-element-0d7b3bf elementor-widget elementor-widget-block_titre\" data-id=\"0d7b3bf\" data-element_type=\"widget\" data-widget_type=\"block_titre.default\">\n\t\t\t\t<div class=\"elementor-widget-container\">\n\t\t\t    <div class=\"container\">\n        <h2>\n            Nos valeurs\n        <\/h2>\n    <\/div>\n\t\t<\/div>\n\t\t\t\t<\/div>\n\t\t\t\t\t<\/div>\n\t\t\t\t<\/div>\n\t\t<div class=\"elementor-element elementor-element-72e89aa e-flex e-con-boxed e-con e-parent\" data-id=\"72e89aa\" data-element_type=\"container\">\n\t\t\t\t\t<div class=\"e-con-inner\">\n\t\t\t\t<div class=\"elementor-element elementor-element-b286838 elementor-widget elementor-widget-block_simple_texte\" data-id=\"b286838\" data-element_type=\"widget\" data-widget_type=\"block_simple_texte.default\">\n\t\t\t\t<div class=\"elementor-widget-container\">\n\t\t\t    <div class=\"container\">\n        <p style=\"text-align: center\"><span style=\"font-size: 18pt;color: #33cccc\"><strong>11 valeurs sont ressorties d'un travail collaboratif \u00e9quipe et Conseil d'Administration (F\u00e9vrier 2024)<\/strong><\/span><\/p>\n    <\/div>\n\t\t<\/div>\n\t\t\t\t<\/div>\n\t\t\t\t\t<\/div>\n\t\t\t\t<\/div>\n\t\t<div class=\"elementor-element elementor-element-349902f e-flex e-con-boxed e-con e-parent\" data-id=\"349902f\" data-element_type=\"container\">\n\t\t\t\t\t<div class=\"e-con-inner\">\n\t\t\t\t<div class=\"elementor-element elementor-element-a82cc43 elementor-widget elementor-widget-block_simple_visuel\" data-id=\"a82cc43\" data-element_type=\"widget\" data-widget_type=\"block_simple_visuel.default\">\n\t\t\t\t<div class=\"elementor-widget-container\">\n\t\t\t    <div class=\"container\">\n        <figure>\n                        \n                                                            <a href=\"https:\/\/www.missionslocalesnormandie.fr\/content\/uploads\/sites\/11\/2024\/04\/NOS-VALEURS.png\">\n                    <img decoding=\"async\" src=\"https:\/\/www.missionslocalesnormandie.fr\/content\/uploads\/sites\/11\/2024\/04\/NOS-VALEURS-950x595-c-default.png\"\n                         alt=\"MISSION LOCALE PAYS DE CAUX - VALLEE DE SEINE\"\/>\n                <\/a>\n            \n                    <\/figure>\n    <\/div>\n\t\t<\/div>\n\t\t\t\t<\/div>\n\t\t\t\t\t<\/div>\n\t\t\t\t<\/div>\n\t\t<div class=\"elementor-element elementor-element-67c2f13 e-flex e-con-boxed e-con e-parent\" data-id=\"67c2f13\" data-element_type=\"container\">\n\t\t\t\t\t<div class=\"e-con-inner\">\n\t\t\t\t<div class=\"elementor-element elementor-element-25a9eca elementor-widget elementor-widget-block_titre\" data-id=\"25a9eca\" data-element_type=\"widget\" data-widget_type=\"block_titre.default\">\n\t\t\t\t<div class=\"elementor-widget-container\">\n\t\t\t    <div class=\"container\">\n        <h2>\n            L'organigramme\n        <\/h2>\n    <\/div>\n\t\t<\/div>\n\t\t\t\t<\/div>\n\t\t\t\t\t<\/div>\n\t\t\t\t<\/div>\n\t\t<div class=\"elementor-element elementor-element-a242533 e-flex e-con-boxed e-con e-parent\" data-id=\"a242533\" data-element_type=\"container\">\n\t\t\t\t\t<div class=\"e-con-inner\">\n\t\t\t\t<div class=\"elementor-element elementor-element-35bf01a elementor-widget elementor-widget-block_simple_visuel\" data-id=\"35bf01a\" data-element_type=\"widget\" data-widget_type=\"block_simple_visuel.default\">\n\t\t\t\t<div class=\"elementor-widget-container\">\n\t\t\t    <div class=\"container\">\n        <figure>\n                                                    \n                                                            <a href=\"https:\/\/www.missionslocalesnormandie.fr\/content\/uploads\/sites\/11\/2024\/03\/ORG-VIERGE-2024.png\">\n                    <img decoding=\"async\" src=\"https:\/\/www.missionslocalesnormandie.fr\/content\/uploads\/sites\/11\/2024\/03\/ORG-VIERGE-2024-950x595-c-default.png\"\n                         alt=\"MISSION LOCALE PAYS DE CAUX - VALLEE DE SEINE\"\/>\n                <\/a>\n            \n                            <figcaption>Organigramme Mission Locale<\/figcaption>\n                    <\/figure>\n    <\/div>\n\t\t<\/div>\n\t\t\t\t<\/div>\n\t\t\t\t\t<\/div>\n\t\t\t\t<\/div>\n\t\t\t\t<\/div>\n\t\t","protected":false},"excerpt":{"rendered":"<p>Qu&#8217;est ce que la Mission Locale ? En 1981, M. Bertrand SCHWARTZ &#8220;Docteur \u00e8s Sciences&#8221; remet au premier ministre de l\u2019\u00e9poque, M. Pierre MAUROY,\u00a0 un rapport qui pr\u00e9conise une politique d\u2019ensemble concernant la qualification des jeunes, le d\u00e9veloppement de l\u2019alternance et du tutorat en entreprise, et la mobilisation de toutes les ressources pour offrir des [&hellip;]<\/p>\n","protected":false},"author":11,"featured_media":0,"parent":0,"menu_order":0,"comment_status":"closed","ping_status":"closed","template":"","meta":{"_acf_changed":false,"_crosspost_to_1":false,"_crosspost_to_2":false,"_crosspost_to_3":false,"_crosspost_to_4":false,"_crosspost_to_5":false,"_crosspost_to_6":false,"_crosspost_to_7":false,"_crosspost_to_8":false,"_crosspost_to_12":false,"_crosspost_to_13":false,"_crosspost_to_14":false,"_crosspost_to_15":false,"_crosspost_to_16":false,"inline_featured_image":false,"footnotes":""},"acf":[],"yoast_head":"<!-- This site is optimized with the Yoast SEO plugin v21.9.1 - https:\/\/yoast.com\/wordpress\/plugins\/seo\/ -->\n<title>Notre histoire - MISSION LOCALE PAYS DE CAUX - VALLEE DE SEINE<\/title>\n<meta name=\"robots\" content=\"index, follow, max-snippet:-1, max-image-preview:large, max-video-preview:-1\" \/>\n<link rel=\"canonical\" href=\"https:\/\/www.missionslocalesnormandie.fr\/mission-locale-pays-caux-vallee-seine\/notre-histoire\/\" \/>\n<meta property=\"og:locale\" content=\"fr_FR\" \/>\n<meta property=\"og:type\" content=\"article\" \/>\n<meta property=\"og:title\" content=\"Notre histoire - MISSION LOCALE PAYS DE CAUX - VALLEE DE SEINE\" \/>\n<meta property=\"og:description\" content=\"Qu&#8217;est ce que la Mission Locale ? En 1981, M. Bertrand SCHWARTZ &#8220;Docteur \u00e8s Sciences&#8221; remet au premier ministre de l\u2019\u00e9poque, M. Pierre MAUROY,\u00a0 un rapport qui pr\u00e9conise une politique d\u2019ensemble concernant la qualification des jeunes, le d\u00e9veloppement de l\u2019alternance et du tutorat en entreprise, et la mobilisation de toutes les ressources pour offrir des [&hellip;]\" \/>\n<meta property=\"og:url\" content=\"https:\/\/www.missionslocalesnormandie.fr\/mission-locale-pays-caux-vallee-seine\/notre-histoire\/\" \/>\n<meta property=\"og:site_name\" content=\"MISSION LOCALE PAYS DE CAUX - VALLEE DE SEINE\" \/>\n<meta property=\"article:modified_time\" content=\"2024-04-10T07:46:32+00:00\" \/>\n<meta property=\"og:image\" content=\"https:\/\/www.missionslocalesnormandie.fr\/content\/uploads\/sites\/11\/2024\/03\/720-trajectoires-inmemmoriam-schwartz-geneve-950x595-c-default.jpg\" \/>\n<meta name=\"twitter:card\" content=\"summary_large_image\" \/>\n<meta name=\"twitter:label1\" content=\"Dur\u00e9e de lecture estim\u00e9e\" \/>\n\t<meta name=\"twitter:data1\" content=\"4 minutes\" \/>\n<script type=\"application\/ld+json\" class=\"yoast-schema-graph\">{\"@context\":\"https:\/\/schema.org\",\"@graph\":[{\"@type\":\"WebPage\",\"@id\":\"https:\/\/www.missionslocalesnormandie.fr\/mission-locale-pays-caux-vallee-seine\/notre-histoire\/\",\"url\":\"https:\/\/www.missionslocalesnormandie.fr\/mission-locale-pays-caux-vallee-seine\/notre-histoire\/\",\"name\":\"Notre histoire - MISSION LOCALE PAYS DE CAUX - VALLEE DE SEINE\",\"isPartOf\":{\"@id\":\"https:\/\/www.missionslocalesnormandie.fr\/mission-locale-pays-caux-vallee-seine\/#website\"},\"datePublished\":\"2024-03-12T14:08:18+00:00\",\"dateModified\":\"2024-04-10T07:46:32+00:00\",\"breadcrumb\":{\"@id\":\"https:\/\/www.missionslocalesnormandie.fr\/mission-locale-pays-caux-vallee-seine\/notre-histoire\/#breadcrumb\"},\"inLanguage\":\"fr-FR\",\"potentialAction\":[{\"@type\":\"ReadAction\",\"target\":[\"https:\/\/www.missionslocalesnormandie.fr\/mission-locale-pays-caux-vallee-seine\/notre-histoire\/\"]}]},{\"@type\":\"BreadcrumbList\",\"@id\":\"https:\/\/www.missionslocalesnormandie.fr\/mission-locale-pays-caux-vallee-seine\/notre-histoire\/#breadcrumb\",\"itemListElement\":[{\"@type\":\"ListItem\",\"position\":1,\"name\":\"Home\",\"item\":\"https:\/\/www.missionslocalesnormandie.fr\/mission-locale-pays-caux-vallee-seine\/\"},{\"@type\":\"ListItem\",\"position\":2,\"name\":\"Notre histoire\"}]},{\"@type\":\"WebSite\",\"@id\":\"https:\/\/www.missionslocalesnormandie.fr\/mission-locale-pays-caux-vallee-seine\/#website\",\"url\":\"https:\/\/www.missionslocalesnormandie.fr\/mission-locale-pays-caux-vallee-seine\/\",\"name\":\"MISSION LOCALE PAYS DE CAUX - VALLEE DE SEINE\",\"description\":\"\",\"potentialAction\":[{\"@type\":\"SearchAction\",\"target\":{\"@type\":\"EntryPoint\",\"urlTemplate\":\"https:\/\/www.missionslocalesnormandie.fr\/mission-locale-pays-caux-vallee-seine\/?s={search_term_string}\"},\"query-input\":\"required name=search_term_string\"}],\"inLanguage\":\"fr-FR\"}]}<\/script>\n<!-- \/ Yoast SEO plugin. -->","yoast_head_json":{"title":"Notre histoire - MISSION LOCALE PAYS DE CAUX - VALLEE DE SEINE","robots":{"index":"index","follow":"follow","max-snippet":"max-snippet:-1","max-image-preview":"max-image-preview:large","max-video-preview":"max-video-preview:-1"},"canonical":"https:\/\/www.missionslocalesnormandie.fr\/mission-locale-pays-caux-vallee-seine\/notre-histoire\/","og_locale":"fr_FR","og_type":"article","og_title":"Notre histoire - MISSION LOCALE PAYS DE CAUX - VALLEE DE SEINE","og_description":"Qu&#8217;est ce que la Mission Locale ? En 1981, M. Bertrand SCHWARTZ &#8220;Docteur \u00e8s Sciences&#8221; remet au premier ministre de l\u2019\u00e9poque, M. Pierre MAUROY,\u00a0 un rapport qui pr\u00e9conise une politique d\u2019ensemble concernant la qualification des jeunes, le d\u00e9veloppement de l\u2019alternance et du tutorat en entreprise, et la mobilisation de toutes les ressources pour offrir des [&hellip;]","og_url":"https:\/\/www.missionslocalesnormandie.fr\/mission-locale-pays-caux-vallee-seine\/notre-histoire\/","og_site_name":"MISSION LOCALE PAYS DE CAUX - VALLEE DE SEINE","article_modified_time":"2024-04-10T07:46:32+00:00","og_image":[{"url":"https:\/\/www.missionslocalesnormandie.fr\/content\/uploads\/sites\/11\/2024\/03\/720-trajectoires-inmemmoriam-schwartz-geneve-950x595-c-default.jpg"}],"twitter_card":"summary_large_image","twitter_misc":{"Dur\u00e9e de lecture estim\u00e9e":"4 minutes"},"schema":{"@context":"https:\/\/schema.org","@graph":[{"@type":"WebPage","@id":"https:\/\/www.missionslocalesnormandie.fr\/mission-locale-pays-caux-vallee-seine\/notre-histoire\/","url":"https:\/\/www.missionslocalesnormandie.fr\/mission-locale-pays-caux-vallee-seine\/notre-histoire\/","name":"Notre histoire - MISSION LOCALE PAYS DE CAUX - VALLEE DE SEINE","isPartOf":{"@id":"https:\/\/www.missionslocalesnormandie.fr\/mission-locale-pays-caux-vallee-seine\/#website"},"datePublished":"2024-03-12T14:08:18+00:00","dateModified":"2024-04-10T07:46:32+00:00","breadcrumb":{"@id":"https:\/\/www.missionslocalesnormandie.fr\/mission-locale-pays-caux-vallee-seine\/notre-histoire\/#breadcrumb"},"inLanguage":"fr-FR","potentialAction":[{"@type":"ReadAction","target":["https:\/\/www.missionslocalesnormandie.fr\/mission-locale-pays-caux-vallee-seine\/notre-histoire\/"]}]},{"@type":"BreadcrumbList","@id":"https:\/\/www.missionslocalesnormandie.fr\/mission-locale-pays-caux-vallee-seine\/notre-histoire\/#breadcrumb","itemListElement":[{"@type":"ListItem","position":1,"name":"Home","item":"https:\/\/www.missionslocalesnormandie.fr\/mission-locale-pays-caux-vallee-seine\/"},{"@type":"ListItem","position":2,"name":"Notre histoire"}]},{"@type":"WebSite","@id":"https:\/\/www.missionslocalesnormandie.fr\/mission-locale-pays-caux-vallee-seine\/#website","url":"https:\/\/www.missionslocalesnormandie.fr\/mission-locale-pays-caux-vallee-seine\/","name":"MISSION LOCALE PAYS DE CAUX - VALLEE DE SEINE","description":"","potentialAction":[{"@type":"SearchAction","target":{"@type":"EntryPoint","urlTemplate":"https:\/\/www.missionslocalesnormandie.fr\/mission-locale-pays-caux-vallee-seine\/?s={search_term_string}"},"query-input":"required name=search_term_string"}],"inLanguage":"fr-FR"}]}},"_links":{"self":[{"href":"https:\/\/www.missionslocalesnormandie.fr\/mission-locale-pays-caux-vallee-seine\/wp-json\/wp\/v2\/pages\/448"}],"collection":[{"href":"https:\/\/www.missionslocalesnormandie.fr\/mission-locale-pays-caux-vallee-seine\/wp-json\/wp\/v2\/pages"}],"about":[{"href":"https:\/\/www.missionslocalesnormandie.fr\/mission-locale-pays-caux-vallee-seine\/wp-json\/wp\/v2\/types\/page"}],"author":[{"embeddable":true,"href":"https:\/\/www.missionslocalesnormandie.fr\/mission-locale-pays-caux-vallee-seine\/wp-json\/wp\/v2\/users\/11"}],"replies":[{"embeddable":true,"href":"https:\/\/www.missionslocalesnormandie.fr\/mission-locale-pays-caux-vallee-seine\/wp-json\/wp\/v2\/comments?post=448"}],"version-history":[{"count":112,"href":"https:\/\/www.missionslocalesnormandie.fr\/mission-locale-pays-caux-vallee-seine\/wp-json\/wp\/v2\/pages\/448\/revisions"}],"predecessor-version":[{"id":1444,"href":"https:\/\/www.missionslocalesnormandie.fr\/mission-locale-pays-caux-vallee-seine\/wp-json\/wp\/v2\/pages\/448\/revisions\/1444"}],"wp:attachment":[{"href":"https:\/\/www.missionslocalesnormandie.fr\/mission-locale-pays-caux-vallee-seine\/wp-json\/wp\/v2\/media?parent=448"}],"curies":[{"name":"wp","href":"https:\/\/api.w.org\/{rel}","templated":true}]}}