{"id":465,"date":"2024-03-12T15:36:18","date_gmt":"2024-03-12T14:36:18","guid":{"rendered":"https:\/\/www.missionslocalesnormandie.fr\/mission-locale-pays-caux-vallee-seine\/?page_id=465"},"modified":"2024-05-13T16:34:53","modified_gmt":"2024-05-13T14:34:53","slug":"nos-financeurs","status":"publish","type":"page","link":"https:\/\/www.missionslocalesnormandie.fr\/mission-locale-pays-caux-vallee-seine\/nos-financeurs\/","title":{"rendered":"Nos financeurs"},"content":{"rendered":"\t\t<div data-elementor-type=\"wp-page\" data-elementor-id=\"465\" class=\"elementor elementor-465\">\n\t\t\t\t<div class=\"elementor-element elementor-element-22f5830 e-flex e-con-boxed e-con e-parent\" data-id=\"22f5830\" data-element_type=\"container\">\n\t\t\t\t\t<div class=\"e-con-inner\">\n\t\t<div class=\"elementor-element elementor-element-930f6c8 e-con-full e-flex e-con e-child\" data-id=\"930f6c8\" data-element_type=\"container\">\n\t\t\t\t<div class=\"elementor-element elementor-element-b0305e1 elementor-widget elementor-widget-block_simple_texte\" data-id=\"b0305e1\" data-element_type=\"widget\" data-widget_type=\"block_simple_texte.default\">\n\t\t\t\t<div class=\"elementor-widget-container\">\n\t\t\t    <div class=\"container\">\n        <p style=\"text-align: center\"><span style=\"font-size: 14pt\"><b>Si la Mission locale peut vous proposer gratuitement ses services, c\u2019est gr\u00e2ce au soutien de ses principaux financeurs <\/b><\/span><\/p><p><b>\u00a0<\/b><\/p><p style=\"text-align: justify\"><span style=\"font-size: 14pt\">La Mission Locale b\u00e9n\u00e9ficie de financements publics permettant de traiter la question de l\u2019inclusion socio-professionnelle des jeunes \u00e2g\u00e9s de 16 \u00e0 25 ans. Cette question concerne toutes les strates de la soci\u00e9t\u00e9. Cela se traduit, pour la Mission Locale par l\u2019attribution d\u2019une mission de service public qui engage tous les niveaux institutionnels<\/span><\/p><p style=\"text-align: justify\"><span style=\"font-size: 14pt\">La Mission Locale est donc financ\u00e9e par les collectivit\u00e9s locales, l\u2019Etat,\u00a0 l\u2019Europe, la R\u00e9gion Normandie, le D\u00e9partement de Seine Maritime.<\/span><\/p><p style=\"text-align: justify\"><span style=\"font-size: 14pt\">De plus, la Mission Locale b\u00e9n\u00e9ficie de nombreux financements sur des appels \u00e0 projets publics.<\/span><\/p>\n    <\/div>\n\t\t<\/div>\n\t\t\t\t<\/div>\n\t\t\t\t<\/div>\n\t\t<div class=\"elementor-element elementor-element-b4f6720 e-con-full e-flex e-con e-child\" data-id=\"b4f6720\" data-element_type=\"container\">\n\t\t\t\t<div class=\"elementor-element elementor-element-dcd8b73 elementor-widget elementor-widget-block_simple_visuel\" data-id=\"dcd8b73\" data-element_type=\"widget\" data-widget_type=\"block_simple_visuel.default\">\n\t\t\t\t<div class=\"elementor-widget-container\">\n\t\t\t    <div class=\"container\">\n        <figure>\n                                                    \n                                                            <a href=\"https:\/\/www.missionslocalesnormandie.fr\/content\/uploads\/sites\/11\/2024\/03\/FINANCEURS.png\">\n                    <img decoding=\"async\" src=\"https:\/\/www.missionslocalesnormandie.fr\/content\/uploads\/sites\/11\/2024\/03\/FINANCEURS-950x595-c-default.png\"\n                         alt=\"MISSION LOCALE PAYS DE CAUX - VALLEE DE SEINE\"\/>\n                <\/a>\n            \n                            <figcaption>Nos financeurs<\/figcaption>\n                    <\/figure>\n    <\/div>\n\t\t<\/div>\n\t\t\t\t<\/div>\n\t\t\t\t<\/div>\n\t\t\t\t\t<\/div>\n\t\t\t\t<\/div>\n\t\t<div class=\"elementor-element elementor-element-b2005ff e-flex e-con-boxed e-con e-parent\" data-id=\"b2005ff\" data-element_type=\"container\">\n\t\t\t\t\t<div class=\"e-con-inner\">\n\t\t<div class=\"elementor-element elementor-element-e6f7437 e-con-full e-flex e-con e-child\" data-id=\"e6f7437\" data-element_type=\"container\">\n\t\t\t\t<div class=\"elementor-element elementor-element-c682058 elementor-widget elementor-widget-block_titre\" data-id=\"c682058\" data-element_type=\"widget\" data-widget_type=\"block_titre.default\">\n\t\t\t\t<div class=\"elementor-widget-container\">\n\t\t\t    <div class=\"container\">\n        <h2>\n            RGPD - Financeurs\n        <\/h2>\n    <\/div>\n\t\t<\/div>\n\t\t\t\t<\/div>\n\t\t\t\t<div class=\"elementor-element elementor-element-fafa12b elementor-widget elementor-widget-block_simple_texte\" data-id=\"fafa12b\" data-element_type=\"widget\" data-widget_type=\"block_simple_texte.default\">\n\t\t\t\t<div class=\"elementor-widget-container\">\n\t\t\t    <div class=\"container\">\n        <p style=\"text-align: justify\"><span style=\"font-size: 14pt\">Conform\u00e9ment \u00e0 notre mission de service public, la Mission Locale du Pays de Caux Vall\u00e9e de Seine collecte des donn\u00e9es \u00e0 caract\u00e8re personnel aupr\u00e8s des jeunes. Dans ce cadre, nous sommes amen\u00e9s \u00e0 \u00e9changer avec vous, en votre qualit\u00e9 de financeur de la Mission Locale, sur ces donn\u00e9es parfois sensibles et sous le signe de la confidentialit\u00e9.<\/span><\/p><p style=\"text-align: justify\"><span style=\"font-size: 14pt\">Aussi, les listes fournies le sont uniquement \u00e0 des fins d\u2019actions relevant des obligations\u00a0qui vous sont d\u00e9volues. En l\u2019absence d\u2019un consentement explicite, vous ne pouvez pas les utiliser \u00e0 d\u2019autres finalit\u00e9s. \u00a0<\/span><\/p><p style=\"text-align: justify\"><span style=\"font-size: 14pt\">Vous mettez en \u0153uvre des traitements de donn\u00e9es \u00e0 caract\u00e8re personnel qu\u2019il vous appartient de g\u00e9rer conform\u00e9ment aux attendus du RGDP et de la loi Informatique et Libert\u00e9s.<\/span><\/p>\n    <\/div>\n\t\t<\/div>\n\t\t\t\t<\/div>\n\t\t\t\t<\/div>\n\t\t<div class=\"elementor-element elementor-element-c8caa0e e-con-full e-flex e-con e-child\" data-id=\"c8caa0e\" data-element_type=\"container\">\n\t\t\t\t<div class=\"elementor-element elementor-element-5b61ef0 elementor-widget elementor-widget-block_simple_visuel\" data-id=\"5b61ef0\" data-element_type=\"widget\" data-widget_type=\"block_simple_visuel.default\">\n\t\t\t\t<div class=\"elementor-widget-container\">\n\t\t\t    <div class=\"container\">\n        <figure>\n                        \n                                                            <a href=\"https:\/\/www.missionslocalesnormandie.fr\/content\/uploads\/sites\/11\/2024\/03\/RGPD.jpg\">\n                    <img decoding=\"async\" src=\"https:\/\/www.missionslocalesnormandie.fr\/content\/uploads\/sites\/11\/2024\/03\/RGPD-950x595-c-default.jpg\"\n                         alt=\"MISSION LOCALE PAYS DE CAUX - VALLEE DE SEINE\"\/>\n                <\/a>\n            \n                    <\/figure>\n    <\/div>\n\t\t<\/div>\n\t\t\t\t<\/div>\n\t\t\t\t<\/div>\n\t\t\t\t\t<\/div>\n\t\t\t\t<\/div>\n\t\t<div class=\"elementor-element elementor-element-f8b29be e-flex e-con-boxed e-con e-parent\" data-id=\"f8b29be\" data-element_type=\"container\">\n\t\t\t\t\t<div class=\"e-con-inner\">\n\t\t\t\t<div class=\"elementor-element elementor-element-beb463c elementor-widget elementor-widget-block_simple_texte\" data-id=\"beb463c\" data-element_type=\"widget\" data-widget_type=\"block_simple_texte.default\">\n\t\t\t\t<div class=\"elementor-widget-container\">\n\t\t\t    <div class=\"container\">\n        <p style=\"text-align: justify\"><span style=\"font-size: 14pt\">Concernant toute \u00e9volution des prestations que vous souhaiteriez mettre en \u0153uvre dans le cadre de notre relation, vous pouvez prendre contact avec notre D\u00e9l\u00e9gu\u00e9 \u00e0 la Protection des Donn\u00e9es.<\/span><\/p><p style=\"text-align: justify\"><span style=\"font-size: 14pt\">Dans le cadre de notre partenariat et afin de pouvoir vous tenir inform\u00e9, le cas \u00e9ch\u00e9ant, de notre actualit\u00e9 et des \u00e9v\u00e9nements que nous organisons, vos coordonn\u00e9es et celles de votre structure font l\u2019objet d\u2019un enregistrement dans notre base de contact.<\/span><\/p><p style=\"text-align: justify\"><span style=\"font-size: 14pt\">Dans ce cadre, vous disposez de droits d\u2019acc\u00e8s, de rectification ou d\u2019effacement que vous pouvez exercer aupr\u00e8s de notre D\u00e9l\u00e9gu\u00e9 \u00e0 la Protection des Donn\u00e9es.<\/span><\/p><p style=\"text-align: justify\"><span style=\"font-size: 14pt\">Pour contacter notre D\u00e9l\u00e9gu\u00e9 \u00e0 la Protection des Donn\u00e9es : <\/span><span style=\"font-size: 14pt\"><a href=\"dpo@ml-lillebonnecauxseine.fr\">dpo@ml-lillebonnecauxseine.fr<\/a><\/span><\/p>\n    <\/div>\n\t\t<\/div>\n\t\t\t\t<\/div>\n\t\t\t\t\t<\/div>\n\t\t\t\t<\/div>\n\t\t\t\t<\/div>\n\t\t","protected":false},"excerpt":{"rendered":"<p>Si la Mission locale peut vous proposer gratuitement ses services, c\u2019est gr\u00e2ce au soutien de ses principaux financeurs \u00a0 La Mission Locale b\u00e9n\u00e9ficie de financements publics permettant de traiter la question de l\u2019inclusion socio-professionnelle des jeunes \u00e2g\u00e9s de 16 \u00e0 25 ans. Cette question concerne toutes les strates de la soci\u00e9t\u00e9. Cela se traduit, pour [&hellip;]<\/p>\n","protected":false},"author":11,"featured_media":0,"parent":0,"menu_order":0,"comment_status":"closed","ping_status":"closed","template":"","meta":{"_acf_changed":false,"_crosspost_to_1":false,"_crosspost_to_2":false,"_crosspost_to_3":false,"_crosspost_to_4":false,"_crosspost_to_5":false,"_crosspost_to_6":false,"_crosspost_to_7":false,"_crosspost_to_8":false,"_crosspost_to_12":false,"_crosspost_to_13":false,"_crosspost_to_14":false,"_crosspost_to_15":false,"_crosspost_to_16":false,"inline_featured_image":false,"footnotes":""},"acf":[],"yoast_head":"<!-- This site is optimized with the Yoast SEO plugin v21.9.1 - https:\/\/yoast.com\/wordpress\/plugins\/seo\/ -->\n<title>Nos financeurs - MISSION LOCALE PAYS DE CAUX - VALLEE DE SEINE<\/title>\n<meta name=\"robots\" content=\"index, follow, max-snippet:-1, max-image-preview:large, max-video-preview:-1\" \/>\n<link rel=\"canonical\" href=\"https:\/\/www.missionslocalesnormandie.fr\/mission-locale-pays-caux-vallee-seine\/nos-financeurs\/\" \/>\n<meta property=\"og:locale\" content=\"fr_FR\" \/>\n<meta property=\"og:type\" content=\"article\" \/>\n<meta property=\"og:title\" content=\"Nos financeurs - MISSION LOCALE PAYS DE CAUX - VALLEE DE SEINE\" \/>\n<meta property=\"og:description\" content=\"Si la Mission locale peut vous proposer gratuitement ses services, c\u2019est gr\u00e2ce au soutien de ses principaux financeurs \u00a0 La Mission Locale b\u00e9n\u00e9ficie de financements publics permettant de traiter la question de l\u2019inclusion socio-professionnelle des jeunes \u00e2g\u00e9s de 16 \u00e0 25 ans. Cette question concerne toutes les strates de la soci\u00e9t\u00e9. Cela se traduit, pour [&hellip;]\" \/>\n<meta property=\"og:url\" content=\"https:\/\/www.missionslocalesnormandie.fr\/mission-locale-pays-caux-vallee-seine\/nos-financeurs\/\" \/>\n<meta property=\"og:site_name\" content=\"MISSION LOCALE PAYS DE CAUX - VALLEE DE SEINE\" \/>\n<meta property=\"article:modified_time\" content=\"2024-05-13T14:34:53+00:00\" \/>\n<meta property=\"og:image\" content=\"https:\/\/www.missionslocalesnormandie.fr\/content\/uploads\/sites\/11\/2024\/03\/FINANCEURS-950x595-c-default.png\" \/>\n<meta name=\"twitter:card\" content=\"summary_large_image\" \/>\n<meta name=\"twitter:label1\" content=\"Dur\u00e9e de lecture estim\u00e9e\" \/>\n\t<meta name=\"twitter:data1\" content=\"3 minutes\" \/>\n<script type=\"application\/ld+json\" class=\"yoast-schema-graph\">{\"@context\":\"https:\/\/schema.org\",\"@graph\":[{\"@type\":\"WebPage\",\"@id\":\"https:\/\/www.missionslocalesnormandie.fr\/mission-locale-pays-caux-vallee-seine\/nos-financeurs\/\",\"url\":\"https:\/\/www.missionslocalesnormandie.fr\/mission-locale-pays-caux-vallee-seine\/nos-financeurs\/\",\"name\":\"Nos financeurs - MISSION LOCALE PAYS DE CAUX - VALLEE DE SEINE\",\"isPartOf\":{\"@id\":\"https:\/\/www.missionslocalesnormandie.fr\/mission-locale-pays-caux-vallee-seine\/#website\"},\"datePublished\":\"2024-03-12T14:36:18+00:00\",\"dateModified\":\"2024-05-13T14:34:53+00:00\",\"breadcrumb\":{\"@id\":\"https:\/\/www.missionslocalesnormandie.fr\/mission-locale-pays-caux-vallee-seine\/nos-financeurs\/#breadcrumb\"},\"inLanguage\":\"fr-FR\",\"potentialAction\":[{\"@type\":\"ReadAction\",\"target\":[\"https:\/\/www.missionslocalesnormandie.fr\/mission-locale-pays-caux-vallee-seine\/nos-financeurs\/\"]}]},{\"@type\":\"BreadcrumbList\",\"@id\":\"https:\/\/www.missionslocalesnormandie.fr\/mission-locale-pays-caux-vallee-seine\/nos-financeurs\/#breadcrumb\",\"itemListElement\":[{\"@type\":\"ListItem\",\"position\":1,\"name\":\"Home\",\"item\":\"https:\/\/www.missionslocalesnormandie.fr\/mission-locale-pays-caux-vallee-seine\/\"},{\"@type\":\"ListItem\",\"position\":2,\"name\":\"Nos financeurs\"}]},{\"@type\":\"WebSite\",\"@id\":\"https:\/\/www.missionslocalesnormandie.fr\/mission-locale-pays-caux-vallee-seine\/#website\",\"url\":\"https:\/\/www.missionslocalesnormandie.fr\/mission-locale-pays-caux-vallee-seine\/\",\"name\":\"MISSION LOCALE PAYS DE CAUX - VALLEE DE SEINE\",\"description\":\"\",\"potentialAction\":[{\"@type\":\"SearchAction\",\"target\":{\"@type\":\"EntryPoint\",\"urlTemplate\":\"https:\/\/www.missionslocalesnormandie.fr\/mission-locale-pays-caux-vallee-seine\/?s={search_term_string}\"},\"query-input\":\"required name=search_term_string\"}],\"inLanguage\":\"fr-FR\"}]}<\/script>\n<!-- \/ Yoast SEO plugin. -->","yoast_head_json":{"title":"Nos financeurs - MISSION LOCALE PAYS DE CAUX - VALLEE DE SEINE","robots":{"index":"index","follow":"follow","max-snippet":"max-snippet:-1","max-image-preview":"max-image-preview:large","max-video-preview":"max-video-preview:-1"},"canonical":"https:\/\/www.missionslocalesnormandie.fr\/mission-locale-pays-caux-vallee-seine\/nos-financeurs\/","og_locale":"fr_FR","og_type":"article","og_title":"Nos financeurs - MISSION LOCALE PAYS DE CAUX - VALLEE DE SEINE","og_description":"Si la Mission locale peut vous proposer gratuitement ses services, c\u2019est gr\u00e2ce au soutien de ses principaux financeurs \u00a0 La Mission Locale b\u00e9n\u00e9ficie de financements publics permettant de traiter la question de l\u2019inclusion socio-professionnelle des jeunes \u00e2g\u00e9s de 16 \u00e0 25 ans. Cette question concerne toutes les strates de la soci\u00e9t\u00e9. Cela se traduit, pour [&hellip;]","og_url":"https:\/\/www.missionslocalesnormandie.fr\/mission-locale-pays-caux-vallee-seine\/nos-financeurs\/","og_site_name":"MISSION LOCALE PAYS DE CAUX - VALLEE DE SEINE","article_modified_time":"2024-05-13T14:34:53+00:00","og_image":[{"url":"https:\/\/www.missionslocalesnormandie.fr\/content\/uploads\/sites\/11\/2024\/03\/FINANCEURS-950x595-c-default.png"}],"twitter_card":"summary_large_image","twitter_misc":{"Dur\u00e9e de lecture estim\u00e9e":"3 minutes"},"schema":{"@context":"https:\/\/schema.org","@graph":[{"@type":"WebPage","@id":"https:\/\/www.missionslocalesnormandie.fr\/mission-locale-pays-caux-vallee-seine\/nos-financeurs\/","url":"https:\/\/www.missionslocalesnormandie.fr\/mission-locale-pays-caux-vallee-seine\/nos-financeurs\/","name":"Nos financeurs - MISSION LOCALE PAYS DE CAUX - VALLEE DE SEINE","isPartOf":{"@id":"https:\/\/www.missionslocalesnormandie.fr\/mission-locale-pays-caux-vallee-seine\/#website"},"datePublished":"2024-03-12T14:36:18+00:00","dateModified":"2024-05-13T14:34:53+00:00","breadcrumb":{"@id":"https:\/\/www.missionslocalesnormandie.fr\/mission-locale-pays-caux-vallee-seine\/nos-financeurs\/#breadcrumb"},"inLanguage":"fr-FR","potentialAction":[{"@type":"ReadAction","target":["https:\/\/www.missionslocalesnormandie.fr\/mission-locale-pays-caux-vallee-seine\/nos-financeurs\/"]}]},{"@type":"BreadcrumbList","@id":"https:\/\/www.missionslocalesnormandie.fr\/mission-locale-pays-caux-vallee-seine\/nos-financeurs\/#breadcrumb","itemListElement":[{"@type":"ListItem","position":1,"name":"Home","item":"https:\/\/www.missionslocalesnormandie.fr\/mission-locale-pays-caux-vallee-seine\/"},{"@type":"ListItem","position":2,"name":"Nos financeurs"}]},{"@type":"WebSite","@id":"https:\/\/www.missionslocalesnormandie.fr\/mission-locale-pays-caux-vallee-seine\/#website","url":"https:\/\/www.missionslocalesnormandie.fr\/mission-locale-pays-caux-vallee-seine\/","name":"MISSION LOCALE PAYS DE CAUX - VALLEE DE SEINE","description":"","potentialAction":[{"@type":"SearchAction","target":{"@type":"EntryPoint","urlTemplate":"https:\/\/www.missionslocalesnormandie.fr\/mission-locale-pays-caux-vallee-seine\/?s={search_term_string}"},"query-input":"required name=search_term_string"}],"inLanguage":"fr-FR"}]}},"_links":{"self":[{"href":"https:\/\/www.missionslocalesnormandie.fr\/mission-locale-pays-caux-vallee-seine\/wp-json\/wp\/v2\/pages\/465"}],"collection":[{"href":"https:\/\/www.missionslocalesnormandie.fr\/mission-locale-pays-caux-vallee-seine\/wp-json\/wp\/v2\/pages"}],"about":[{"href":"https:\/\/www.missionslocalesnormandie.fr\/mission-locale-pays-caux-vallee-seine\/wp-json\/wp\/v2\/types\/page"}],"author":[{"embeddable":true,"href":"https:\/\/www.missionslocalesnormandie.fr\/mission-locale-pays-caux-vallee-seine\/wp-json\/wp\/v2\/users\/11"}],"replies":[{"embeddable":true,"href":"https:\/\/www.missionslocalesnormandie.fr\/mission-locale-pays-caux-vallee-seine\/wp-json\/wp\/v2\/comments?post=465"}],"version-history":[{"count":34,"href":"https:\/\/www.missionslocalesnormandie.fr\/mission-locale-pays-caux-vallee-seine\/wp-json\/wp\/v2\/pages\/465\/revisions"}],"predecessor-version":[{"id":1478,"href":"https:\/\/www.missionslocalesnormandie.fr\/mission-locale-pays-caux-vallee-seine\/wp-json\/wp\/v2\/pages\/465\/revisions\/1478"}],"wp:attachment":[{"href":"https:\/\/www.missionslocalesnormandie.fr\/mission-locale-pays-caux-vallee-seine\/wp-json\/wp\/v2\/media?parent=465"}],"curies":[{"name":"wp","href":"https:\/\/api.w.org\/{rel}","templated":true}]}}