{"id":542,"date":"2024-03-12T17:52:01","date_gmt":"2024-03-12T16:52:01","guid":{"rendered":"https:\/\/www.missionslocalesnormandie.fr\/mission-locale-pays-caux-vallee-seine\/?page_id=542"},"modified":"2025-07-28T14:54:52","modified_gmt":"2025-07-28T12:54:52","slug":"alternance","status":"publish","type":"page","link":"https:\/\/www.missionslocalesnormandie.fr\/mission-locale-pays-caux-vallee-seine\/alternance\/","title":{"rendered":"Alternance"},"content":{"rendered":"\t\t<div data-elementor-type=\"wp-page\" data-elementor-id=\"542\" class=\"elementor elementor-542\">\n\t\t\t\t<div class=\"elementor-element elementor-element-f4b1e0b e-flex e-con-boxed e-con e-parent\" data-id=\"f4b1e0b\" data-element_type=\"container\">\n\t\t\t\t\t<div class=\"e-con-inner\">\n\t\t<div class=\"elementor-element elementor-element-341177e e-con-full e-flex e-con e-child\" data-id=\"341177e\" data-element_type=\"container\">\n\t\t\t\t<div class=\"elementor-element elementor-element-8e813f7 elementor-widget elementor-widget-block_titre\" data-id=\"8e813f7\" data-element_type=\"widget\" data-widget_type=\"block_titre.default\">\n\t\t\t\t<div class=\"elementor-widget-container\">\n\t\t\t    <div class=\"container\">\n        <h2>\n            Une aide pour l'apprentissage ! \n        <\/h2>\n    <\/div>\n\t\t<\/div>\n\t\t\t\t<\/div>\n\t\t\t\t<div class=\"elementor-element elementor-element-0f27b68 elementor-widget elementor-widget-block_simple_texte\" data-id=\"0f27b68\" data-element_type=\"widget\" data-widget_type=\"block_simple_texte.default\">\n\t\t\t\t<div class=\"elementor-widget-container\">\n\t\t\t    <div class=\"container\">\n        <ul><li><span style=\"font-size: 14pt\">Une aide d\u2019un montant de 5 000\u20ac sera vers\u00e9e \u00e0 toutes les entreprises, pour les contrats conclus avec un alternant, mineur comme majeur, du 1er janvier au 31 d\u00e9cembre, pour la premi\u00e8re ann\u00e9e d\u2019ex\u00e9cution du contrat.<\/span><\/li><li><span style=\"font-size: 14pt\">Cette aide s\u2019appliquera pour les contrats conclus en 2024, pour l\u2019embauche d\u2019apprentis et de salari\u00e9s en contrat de professionnalisation de moins de 30 ans.<\/span><\/li><li><span style=\"font-size: 14pt\"><span style=\"font-size: 14pt\">Tous les employeurs d\u2019apprentis et de salari\u00e9s en contrat de professionnalisation jusqu\u2019\u00e0 30 ans auront acc\u00e8s \u00e0 une aide \u00e0 l\u2019embauche. <\/span><\/span><\/li><li><span style=\"font-size: 14pt\">L'<strong>aide maximum<\/strong> allou\u00e9e par contrat est fix\u00e9e \u00e0\u00a0:<\/span>\u00a0<\/li><\/ul><ul><li style=\"list-style-type: none\"><ul class=\"sp-item-list\"><li><span class=\"sp-prix\">5\u00a0000\u00a0\u20ac<\/span>\u00a0pour les<strong>\u00a0entreprises de moins de 250\u00a0salari\u00e9s<\/strong>\u00a0;<\/li><li><span class=\"sp-prix\">2\u00a0000\u00a0\u20ac<\/span>\u00a0pour les\u00a0<strong>entreprises de 250\u00a0salari\u00e9s et plus<\/strong>\u00a0;<\/li><li><span class=\"sp-prix\">6\u00a0000\u00a0\u20ac<\/span>\u00a0<strong>pour le recrutement d'apprentis en situation de handicap<\/strong>\u00a0(aide cumulable avec les\u00a0<a href=\"https:\/\/entreprendre.service-public.fr\/vosdroits\/F15204\">autres aides destin\u00e9es aux travailleurs handicap\u00e9s<\/a>).<\/li><\/ul><\/li><\/ul>\n    <\/div>\n\t\t<\/div>\n\t\t\t\t<\/div>\n\t\t\t\t<\/div>\n\t\t<div class=\"elementor-element elementor-element-ff6c3c7 e-con-full e-flex e-con e-child\" data-id=\"ff6c3c7\" data-element_type=\"container\">\n\t\t\t\t<div class=\"elementor-element elementor-element-a430e6a elementor-widget elementor-widget-block_simple_visuel\" data-id=\"a430e6a\" data-element_type=\"widget\" data-widget_type=\"block_simple_visuel.default\">\n\t\t\t\t<div class=\"elementor-widget-container\">\n\t\t\t    <div class=\"container\">\n        <figure>\n                        \n                                                            <a href=\"https:\/\/www.missionslocalesnormandie.fr\/content\/uploads\/sites\/11\/2024\/03\/AdobeStock_295514017-2.png\">\n                    <img decoding=\"async\" src=\"https:\/\/www.missionslocalesnormandie.fr\/content\/uploads\/sites\/11\/2024\/03\/AdobeStock_295514017-2-950x595-c-default.png\"\n                         alt=\"MISSION LOCALE PAYS DE CAUX - VALLEE DE SEINE\"\/>\n                <\/a>\n            \n                    <\/figure>\n    <\/div>\n\t\t<\/div>\n\t\t\t\t<\/div>\n\t\t\t\t<\/div>\n\t\t\t\t\t<\/div>\n\t\t\t\t<\/div>\n\t\t<div class=\"elementor-element elementor-element-b1f1321 e-flex e-con-boxed e-con e-parent\" data-id=\"b1f1321\" data-element_type=\"container\">\n\t\t\t\t\t<div class=\"e-con-inner\">\n\t\t\t\t<div class=\"elementor-element elementor-element-5f46299 elementor-widget elementor-widget-block_titre\" data-id=\"5f46299\" data-element_type=\"widget\" data-widget_type=\"block_titre.default\">\n\t\t\t\t<div class=\"elementor-widget-container\">\n\t\t\t    <div class=\"container\">\n        <h2>\n            Comment l\u2019aide est-elle vers\u00e9e ? \n        <\/h2>\n    <\/div>\n\t\t<\/div>\n\t\t\t\t<\/div>\n\t\t\t\t<div class=\"elementor-element elementor-element-6974138 elementor-widget elementor-widget-block_simple_texte\" data-id=\"6974138\" data-element_type=\"widget\" data-widget_type=\"block_simple_texte.default\">\n\t\t\t\t<div class=\"elementor-widget-container\">\n\t\t\t    <div class=\"container\">\n        <p><span style=\"font-size: 14pt\">L\u2019aide est vers\u00e9e mensuellement, d\u00e8s le premier mois et d\u00e8s la r\u00e9ception de la\u00a0\u00a0d\u00e9claration sociale nominative (DSN) et contr\u00f4le de celle-ci par l\u2019Agence de services et de paiement (ASP).<\/span><\/p><p><span style=\"font-size: 14pt\">Avec cette mesure, pour les entreprises, le co\u00fbt du recrutement d\u2019un salari\u00e9 en contrat d\u2019apprentissage repr\u00e9sente un faible reste \u00e0 charge \u2013 voire quasi-nul \u2013 pour la 1\u00e8re ann\u00e9e du contrat.<\/span><\/p><p><span style=\"font-size: 14pt\">\u00c1 noter : \u00e0 l\u2019issue de la premi\u00e8re ann\u00e9e d\u2019ex\u00e9cution du contrat, les entreprises \u00e9ligibles \u00e0 l\u2019aide unique pourront b\u00e9n\u00e9ficier de cette aide jusqu\u2019\u00e0 la fin du contrat.<\/span><\/p><p><span style=\"font-size: 14pt\">\u00a0<\/span><\/p>\n    <\/div>\n\t\t<\/div>\n\t\t\t\t<\/div>\n\t\t\t\t\t<\/div>\n\t\t\t\t<\/div>\n\t\t<div class=\"elementor-element elementor-element-60e6c5a e-flex e-con-boxed e-con e-parent\" data-id=\"60e6c5a\" data-element_type=\"container\">\n\t\t\t\t\t<div class=\"e-con-inner\">\n\t\t\t\t<div class=\"elementor-element elementor-element-b2bec92 elementor-widget elementor-widget-block_titre\" data-id=\"b2bec92\" data-element_type=\"widget\" data-widget_type=\"block_titre.default\">\n\t\t\t\t<div class=\"elementor-widget-container\">\n\t\t\t    <div class=\"container\">\n        <h2>\n            Mais aussi : \n        <\/h2>\n    <\/div>\n\t\t<\/div>\n\t\t\t\t<\/div>\n\t\t\t\t<div class=\"elementor-element elementor-element-3623780 elementor-widget elementor-widget-block_simple_texte\" data-id=\"3623780\" data-element_type=\"widget\" data-widget_type=\"block_simple_texte.default\">\n\t\t\t\t<div class=\"elementor-widget-container\">\n\t\t\t    <div class=\"container\">\n        <ul><li><span style=\"font-size: 14pt\">Les contrats de professionnalisation exp\u00e9rimentaux pr\u00e9vus par le\u00a0\u00a0<b>chapitre VI de l\u2019article 28 de la loi du 5 septembre 2018\u00a0<\/b>sont \u00e9galement \u00e9ligibles \u00e0 l\u2019aide.<\/span><\/li><\/ul>\n    <\/div>\n\t\t<\/div>\n\t\t\t\t<\/div>\n\t\t\t\t\t<\/div>\n\t\t\t\t<\/div>\n\t\t\t\t<\/div>\n\t\t","protected":false},"excerpt":{"rendered":"<p>Une aide pour l&#8217;apprentissage ! Une aide d\u2019un montant de 5 000\u20ac sera vers\u00e9e \u00e0 toutes les entreprises, pour les contrats conclus avec un alternant, mineur comme majeur, du 1er janvier au 31 d\u00e9cembre, pour la premi\u00e8re ann\u00e9e d\u2019ex\u00e9cution du contrat. Cette aide s\u2019appliquera pour les contrats conclus en 2024, pour l\u2019embauche d\u2019apprentis et de [&hellip;]<\/p>\n","protected":false},"author":11,"featured_media":0,"parent":0,"menu_order":0,"comment_status":"closed","ping_status":"closed","template":"","meta":{"_acf_changed":false,"_crosspost_to_1":false,"_crosspost_to_2":false,"_crosspost_to_3":false,"_crosspost_to_4":false,"_crosspost_to_5":false,"_crosspost_to_6":false,"_crosspost_to_7":false,"_crosspost_to_8":false,"_crosspost_to_12":false,"_crosspost_to_13":false,"_crosspost_to_14":false,"_crosspost_to_15":false,"_crosspost_to_16":false,"inline_featured_image":false,"footnotes":""},"acf":[],"yoast_head":"<!-- This site is optimized with the Yoast SEO plugin v21.9.1 - https:\/\/yoast.com\/wordpress\/plugins\/seo\/ -->\n<title>Alternance - MISSION LOCALE PAYS DE CAUX - VALLEE DE SEINE<\/title>\n<meta name=\"robots\" content=\"index, follow, max-snippet:-1, max-image-preview:large, max-video-preview:-1\" \/>\n<link rel=\"canonical\" href=\"https:\/\/www.missionslocalesnormandie.fr\/mission-locale-pays-caux-vallee-seine\/alternance\/\" \/>\n<meta property=\"og:locale\" content=\"fr_FR\" \/>\n<meta property=\"og:type\" content=\"article\" \/>\n<meta property=\"og:title\" content=\"Alternance - MISSION LOCALE PAYS DE CAUX - VALLEE DE SEINE\" \/>\n<meta property=\"og:description\" content=\"Une aide pour l&#8217;apprentissage ! Une aide d\u2019un montant de 5 000\u20ac sera vers\u00e9e \u00e0 toutes les entreprises, pour les contrats conclus avec un alternant, mineur comme majeur, du 1er janvier au 31 d\u00e9cembre, pour la premi\u00e8re ann\u00e9e d\u2019ex\u00e9cution du contrat. Cette aide s\u2019appliquera pour les contrats conclus en 2024, pour l\u2019embauche d\u2019apprentis et de [&hellip;]\" \/>\n<meta property=\"og:url\" content=\"https:\/\/www.missionslocalesnormandie.fr\/mission-locale-pays-caux-vallee-seine\/alternance\/\" \/>\n<meta property=\"og:site_name\" content=\"MISSION LOCALE PAYS DE CAUX - VALLEE DE SEINE\" \/>\n<meta property=\"article:modified_time\" content=\"2025-07-28T12:54:52+00:00\" \/>\n<meta property=\"og:image\" content=\"https:\/\/www.missionslocalesnormandie.fr\/content\/uploads\/sites\/11\/2024\/03\/AdobeStock_295514017-2-950x595-c-default.png\" \/>\n<meta name=\"twitter:card\" content=\"summary_large_image\" \/>\n<meta name=\"twitter:label1\" content=\"Dur\u00e9e de lecture estim\u00e9e\" \/>\n\t<meta name=\"twitter:data1\" content=\"2 minutes\" \/>\n<script type=\"application\/ld+json\" class=\"yoast-schema-graph\">{\"@context\":\"https:\/\/schema.org\",\"@graph\":[{\"@type\":\"WebPage\",\"@id\":\"https:\/\/www.missionslocalesnormandie.fr\/mission-locale-pays-caux-vallee-seine\/alternance\/\",\"url\":\"https:\/\/www.missionslocalesnormandie.fr\/mission-locale-pays-caux-vallee-seine\/alternance\/\",\"name\":\"Alternance - MISSION LOCALE PAYS DE CAUX - VALLEE DE SEINE\",\"isPartOf\":{\"@id\":\"https:\/\/www.missionslocalesnormandie.fr\/mission-locale-pays-caux-vallee-seine\/#website\"},\"datePublished\":\"2024-03-12T16:52:01+00:00\",\"dateModified\":\"2025-07-28T12:54:52+00:00\",\"breadcrumb\":{\"@id\":\"https:\/\/www.missionslocalesnormandie.fr\/mission-locale-pays-caux-vallee-seine\/alternance\/#breadcrumb\"},\"inLanguage\":\"fr-FR\",\"potentialAction\":[{\"@type\":\"ReadAction\",\"target\":[\"https:\/\/www.missionslocalesnormandie.fr\/mission-locale-pays-caux-vallee-seine\/alternance\/\"]}]},{\"@type\":\"BreadcrumbList\",\"@id\":\"https:\/\/www.missionslocalesnormandie.fr\/mission-locale-pays-caux-vallee-seine\/alternance\/#breadcrumb\",\"itemListElement\":[{\"@type\":\"ListItem\",\"position\":1,\"name\":\"Home\",\"item\":\"https:\/\/www.missionslocalesnormandie.fr\/mission-locale-pays-caux-vallee-seine\/\"},{\"@type\":\"ListItem\",\"position\":2,\"name\":\"Alternance\"}]},{\"@type\":\"WebSite\",\"@id\":\"https:\/\/www.missionslocalesnormandie.fr\/mission-locale-pays-caux-vallee-seine\/#website\",\"url\":\"https:\/\/www.missionslocalesnormandie.fr\/mission-locale-pays-caux-vallee-seine\/\",\"name\":\"MISSION LOCALE PAYS DE CAUX - VALLEE DE SEINE\",\"description\":\"\",\"potentialAction\":[{\"@type\":\"SearchAction\",\"target\":{\"@type\":\"EntryPoint\",\"urlTemplate\":\"https:\/\/www.missionslocalesnormandie.fr\/mission-locale-pays-caux-vallee-seine\/?s={search_term_string}\"},\"query-input\":\"required name=search_term_string\"}],\"inLanguage\":\"fr-FR\"}]}<\/script>\n<!-- \/ Yoast SEO plugin. -->","yoast_head_json":{"title":"Alternance - MISSION LOCALE PAYS DE CAUX - VALLEE DE SEINE","robots":{"index":"index","follow":"follow","max-snippet":"max-snippet:-1","max-image-preview":"max-image-preview:large","max-video-preview":"max-video-preview:-1"},"canonical":"https:\/\/www.missionslocalesnormandie.fr\/mission-locale-pays-caux-vallee-seine\/alternance\/","og_locale":"fr_FR","og_type":"article","og_title":"Alternance - MISSION LOCALE PAYS DE CAUX - VALLEE DE SEINE","og_description":"Une aide pour l&#8217;apprentissage ! Une aide d\u2019un montant de 5 000\u20ac sera vers\u00e9e \u00e0 toutes les entreprises, pour les contrats conclus avec un alternant, mineur comme majeur, du 1er janvier au 31 d\u00e9cembre, pour la premi\u00e8re ann\u00e9e d\u2019ex\u00e9cution du contrat. Cette aide s\u2019appliquera pour les contrats conclus en 2024, pour l\u2019embauche d\u2019apprentis et de [&hellip;]","og_url":"https:\/\/www.missionslocalesnormandie.fr\/mission-locale-pays-caux-vallee-seine\/alternance\/","og_site_name":"MISSION LOCALE PAYS DE CAUX - VALLEE DE SEINE","article_modified_time":"2025-07-28T12:54:52+00:00","og_image":[{"url":"https:\/\/www.missionslocalesnormandie.fr\/content\/uploads\/sites\/11\/2024\/03\/AdobeStock_295514017-2-950x595-c-default.png"}],"twitter_card":"summary_large_image","twitter_misc":{"Dur\u00e9e de lecture estim\u00e9e":"2 minutes"},"schema":{"@context":"https:\/\/schema.org","@graph":[{"@type":"WebPage","@id":"https:\/\/www.missionslocalesnormandie.fr\/mission-locale-pays-caux-vallee-seine\/alternance\/","url":"https:\/\/www.missionslocalesnormandie.fr\/mission-locale-pays-caux-vallee-seine\/alternance\/","name":"Alternance - MISSION LOCALE PAYS DE CAUX - VALLEE DE SEINE","isPartOf":{"@id":"https:\/\/www.missionslocalesnormandie.fr\/mission-locale-pays-caux-vallee-seine\/#website"},"datePublished":"2024-03-12T16:52:01+00:00","dateModified":"2025-07-28T12:54:52+00:00","breadcrumb":{"@id":"https:\/\/www.missionslocalesnormandie.fr\/mission-locale-pays-caux-vallee-seine\/alternance\/#breadcrumb"},"inLanguage":"fr-FR","potentialAction":[{"@type":"ReadAction","target":["https:\/\/www.missionslocalesnormandie.fr\/mission-locale-pays-caux-vallee-seine\/alternance\/"]}]},{"@type":"BreadcrumbList","@id":"https:\/\/www.missionslocalesnormandie.fr\/mission-locale-pays-caux-vallee-seine\/alternance\/#breadcrumb","itemListElement":[{"@type":"ListItem","position":1,"name":"Home","item":"https:\/\/www.missionslocalesnormandie.fr\/mission-locale-pays-caux-vallee-seine\/"},{"@type":"ListItem","position":2,"name":"Alternance"}]},{"@type":"WebSite","@id":"https:\/\/www.missionslocalesnormandie.fr\/mission-locale-pays-caux-vallee-seine\/#website","url":"https:\/\/www.missionslocalesnormandie.fr\/mission-locale-pays-caux-vallee-seine\/","name":"MISSION LOCALE PAYS DE CAUX - VALLEE DE SEINE","description":"","potentialAction":[{"@type":"SearchAction","target":{"@type":"EntryPoint","urlTemplate":"https:\/\/www.missionslocalesnormandie.fr\/mission-locale-pays-caux-vallee-seine\/?s={search_term_string}"},"query-input":"required name=search_term_string"}],"inLanguage":"fr-FR"}]}},"_links":{"self":[{"href":"https:\/\/www.missionslocalesnormandie.fr\/mission-locale-pays-caux-vallee-seine\/wp-json\/wp\/v2\/pages\/542"}],"collection":[{"href":"https:\/\/www.missionslocalesnormandie.fr\/mission-locale-pays-caux-vallee-seine\/wp-json\/wp\/v2\/pages"}],"about":[{"href":"https:\/\/www.missionslocalesnormandie.fr\/mission-locale-pays-caux-vallee-seine\/wp-json\/wp\/v2\/types\/page"}],"author":[{"embeddable":true,"href":"https:\/\/www.missionslocalesnormandie.fr\/mission-locale-pays-caux-vallee-seine\/wp-json\/wp\/v2\/users\/11"}],"replies":[{"embeddable":true,"href":"https:\/\/www.missionslocalesnormandie.fr\/mission-locale-pays-caux-vallee-seine\/wp-json\/wp\/v2\/comments?post=542"}],"version-history":[{"count":19,"href":"https:\/\/www.missionslocalesnormandie.fr\/mission-locale-pays-caux-vallee-seine\/wp-json\/wp\/v2\/pages\/542\/revisions"}],"predecessor-version":[{"id":2045,"href":"https:\/\/www.missionslocalesnormandie.fr\/mission-locale-pays-caux-vallee-seine\/wp-json\/wp\/v2\/pages\/542\/revisions\/2045"}],"wp:attachment":[{"href":"https:\/\/www.missionslocalesnormandie.fr\/mission-locale-pays-caux-vallee-seine\/wp-json\/wp\/v2\/media?parent=542"}],"curies":[{"name":"wp","href":"https:\/\/api.w.org\/{rel}","templated":true}]}}