{"id":97,"date":"2023-12-14T15:16:31","date_gmt":"2023-12-14T14:16:31","guid":{"rendered":"https:\/\/www.missionslocalesnormandie.fr\/mission-locale-pays-caux-vallee-seine\/?page_id=97"},"modified":"2024-03-28T12:03:31","modified_gmt":"2024-03-28T11:03:31","slug":"recruter","status":"publish","type":"page","link":"https:\/\/www.missionslocalesnormandie.fr\/mission-locale-pays-caux-vallee-seine\/recruter\/","title":{"rendered":"Recruter"},"content":{"rendered":"\t\t<div data-elementor-type=\"wp-page\" data-elementor-id=\"97\" class=\"elementor elementor-97\">\n\t\t\t\t<div class=\"elementor-element elementor-element-13f7458 e-flex e-con-boxed e-con e-parent\" data-id=\"13f7458\" data-element_type=\"container\">\n\t\t\t\t\t<div class=\"e-con-inner\">\n\t\t\t\t<div class=\"elementor-element elementor-element-41db893 elementor-widget elementor-widget-block_titre\" data-id=\"41db893\" data-element_type=\"widget\" data-widget_type=\"block_titre.default\">\n\t\t\t\t<div class=\"elementor-widget-container\">\n\t\t\t    <div class=\"container\">\n        <h2>\n            Trouver le bon candidat avec la Mission Locale !\n        <\/h2>\n    <\/div>\n\t\t<\/div>\n\t\t\t\t<\/div>\n\t\t\t\t<div class=\"elementor-element elementor-element-6eb6ecb elementor-widget elementor-widget-block_simple_texte\" data-id=\"6eb6ecb\" data-element_type=\"widget\" data-widget_type=\"block_simple_texte.default\">\n\t\t\t\t<div class=\"elementor-widget-container\">\n\t\t\t    <div class=\"container\">\n        <p><span style=\"font-size: 14pt\"><strong>La Mission Locale vous propose un service de conseil et d\u2019appui d\u00e9di\u00e9 aux recrutements. Elle vous aide \u00e0 identifier et rencontrer des jeunes motiv\u00e9s.<\/strong><\/span><\/p>\n    <\/div>\n\t\t<\/div>\n\t\t\t\t<\/div>\n\t\t\t\t\t<\/div>\n\t\t\t\t<\/div>\n\t\t<div class=\"elementor-element elementor-element-fe52802 e-flex e-con-boxed e-con e-parent\" data-id=\"fe52802\" data-element_type=\"container\">\n\t\t\t\t\t<div class=\"e-con-inner\">\n\t\t\t\t<div class=\"elementor-element elementor-element-fbb65a8 elementor-widget elementor-widget-block_titre\" data-id=\"fbb65a8\" data-element_type=\"widget\" data-widget_type=\"block_titre.default\">\n\t\t\t\t<div class=\"elementor-widget-container\">\n\t\t\t    <div class=\"container\">\n        <h3>\n            La Mission Locale vous pr\u00e9sente des profils adapt\u00e9s \u00e0 vos besoins gr\u00e2ce une \u00e9quipe d\u00e9di\u00e9e : Le Service Emploi\n        <\/h3>\n    <\/div>\n\t\t<\/div>\n\t\t\t\t<\/div>\n\t\t\t\t<div class=\"elementor-element elementor-element-d20f860 elementor-widget elementor-widget-block_simple_texte\" data-id=\"d20f860\" data-element_type=\"widget\" data-widget_type=\"block_simple_texte.default\">\n\t\t\t\t<div class=\"elementor-widget-container\">\n\t\t\t    <div class=\"container\">\n        <p><span style=\"font-size: 14pt\">Une \u00e9quipe pour sourcer, pr\u00e9parer et vous orienter les candidats les plus adapt\u00e9s \u00e0 votre offre d\u2019emploi et assurer une r\u00e9elle expertise.<\/span><\/p>\n    <\/div>\n\t\t<\/div>\n\t\t\t\t<\/div>\n\t\t\t\t\t<\/div>\n\t\t\t\t<\/div>\n\t\t<div class=\"elementor-element elementor-element-62560ea e-flex e-con-boxed e-con e-parent\" data-id=\"62560ea\" data-element_type=\"container\">\n\t\t\t\t\t<div class=\"e-con-inner\">\n\t\t<div class=\"elementor-element elementor-element-da4e58d e-con-full e-flex e-con e-child\" data-id=\"da4e58d\" data-element_type=\"container\">\n\t\t\t\t<div class=\"elementor-element elementor-element-452a1e1 elementor-widget elementor-widget-block_simple_texte\" data-id=\"452a1e1\" data-element_type=\"widget\" data-widget_type=\"block_simple_texte.default\">\n\t\t\t\t<div class=\"elementor-widget-container\">\n\t\t\t    <div class=\"container\">\n        <p><span style=\"font-size: 14pt\"><b>\u00c9coute et analyse de vos besoins<\/b><\/span><\/p><ul><li><span style=\"font-size: 14pt\">R\u00e9alisation d\u2019une analyse de vos postes de travail et de vos besoins en comp\u00e9tences<\/span><\/li><li><span style=\"font-size: 14pt\">Proposition d\u2019accompagnement sur mesure<\/span><\/li><li><span style=\"font-size: 14pt\">Information sur les mesures d\u2019aide \u00e0 l\u2019embauche<\/span><\/li><\/ul><p><span style=\"font-size: 14pt\"><b>Accompagnement avant l\u2019embauche<\/b><\/span><\/p><ul><li><span style=\"font-size: 14pt\">Analyse des comp\u00e9tences requises par une situation de travail<\/span><\/li><li><span style=\"font-size: 14pt\">Apport d\u2019une aide pour d\u00e9finir, \u00e9largir et diversifier le profil de vos candidats.<\/span><\/li><li><span style=\"font-size: 14pt\">Aide \u00e0 l\u2019\u00e9laboration des fiches de poste<\/span><\/li><li><span style=\"font-size: 14pt\">Recueil des offres d\u2019emploi<\/span><\/li><\/ul>\n    <\/div>\n\t\t<\/div>\n\t\t\t\t<\/div>\n\t\t\t\t<\/div>\n\t\t<div class=\"elementor-element elementor-element-630d51b e-con-full e-flex e-con e-child\" data-id=\"630d51b\" data-element_type=\"container\">\n\t\t\t\t<div class=\"elementor-element elementor-element-50e6ce2 elementor-widget elementor-widget-block_simple_visuel\" data-id=\"50e6ce2\" data-element_type=\"widget\" data-widget_type=\"block_simple_visuel.default\">\n\t\t\t\t<div class=\"elementor-widget-container\">\n\t\t\t    <div class=\"container\">\n        <figure>\n                        \n                                            <img decoding=\"async\" src=\"https:\/\/www.missionslocalesnormandie.fr\/content\/uploads\/sites\/11\/2023\/12\/missions-locales-normandie-defaut-grande-950x595-c-default.png\"\n                     alt=\"MISSION LOCALE PAYS DE CAUX - VALLEE DE SEINE\"\/>\n            \n                    <\/figure>\n    <\/div>\n\t\t<\/div>\n\t\t\t\t<\/div>\n\t\t\t\t<\/div>\n\t\t\t\t\t<\/div>\n\t\t\t\t<\/div>\n\t\t<div class=\"elementor-element elementor-element-41d54f3 e-flex e-con-boxed e-con e-parent\" data-id=\"41d54f3\" data-element_type=\"container\">\n\t\t\t\t\t<div class=\"e-con-inner\">\n\t\t<div class=\"elementor-element elementor-element-c2a701d e-con-full e-flex e-con e-child\" data-id=\"c2a701d\" data-element_type=\"container\">\n\t\t\t\t<div class=\"elementor-element elementor-element-87b0c04 elementor-widget elementor-widget-block_simple_texte\" data-id=\"87b0c04\" data-element_type=\"widget\" data-widget_type=\"block_simple_texte.default\">\n\t\t\t\t<div class=\"elementor-widget-container\">\n\t\t\t    <div class=\"container\">\n        <p><span style=\"font-size: 14pt\"><b>Pr\u00e9s\u00e9lection des candidats<\/b><\/span><\/p><ul><li><span style=\"font-size: 14pt\">Rep\u00e9rage des candidats correspondants \u00e0 l\u2019offre<\/span><\/li><li><span style=\"font-size: 14pt\">V\u00e9rification des pr\u00e9-requis et de la motivation en individuel<\/span><\/li><li><span style=\"font-size: 14pt\">Ateliers collectifs de pr\u00e9paration au recrutement<\/span><\/li><li><span style=\"font-size: 14pt\">Coaching sur le savoir-\u00eatre, les attentes de l\u2019employeur\u2026<\/span><\/li><\/ul><p><span style=\"font-size: 14pt\"><b>Mise en relation avec les candidats<\/b><\/span><\/p><ul><li><span style=\"font-size: 14pt\">Organisation de journ\u00e9es de recrutement<\/span><\/li><li><span style=\"font-size: 14pt\">Organisation de r\u00e9unions collectives<\/span><\/li><li><span style=\"font-size: 14pt\">Mise \u00e0 disposition de salles \u00e0 la Mission Locale<\/span><\/li><li><span style=\"font-size: 14pt\">Conseils pour le choix de la mesure d\u2019aide \u00e0 l\u2019embauche la plus adapt\u00e9e<\/span><\/li><\/ul>\n    <\/div>\n\t\t<\/div>\n\t\t\t\t<\/div>\n\t\t\t\t<\/div>\n\t\t<div class=\"elementor-element elementor-element-2a3edb5 e-con-full e-flex e-con e-child\" data-id=\"2a3edb5\" data-element_type=\"container\">\n\t\t\t\t<div class=\"elementor-element elementor-element-b758817 elementor-widget elementor-widget-block_simple_visuel\" data-id=\"b758817\" data-element_type=\"widget\" data-widget_type=\"block_simple_visuel.default\">\n\t\t\t\t<div class=\"elementor-widget-container\">\n\t\t\t    <div class=\"container\">\n        <figure>\n                        \n                                            <img decoding=\"async\" src=\"https:\/\/www.missionslocalesnormandie.fr\/content\/uploads\/sites\/11\/2023\/12\/missions-locales-normandie-defaut-grande-950x595-c-default.png\"\n                     alt=\"MISSION LOCALE PAYS DE CAUX - VALLEE DE SEINE\"\/>\n            \n                    <\/figure>\n    <\/div>\n\t\t<\/div>\n\t\t\t\t<\/div>\n\t\t\t\t<\/div>\n\t\t\t\t\t<\/div>\n\t\t\t\t<\/div>\n\t\t<div class=\"elementor-element elementor-element-9ae126a e-flex e-con-boxed e-con e-parent\" data-id=\"9ae126a\" data-element_type=\"container\">\n\t\t\t\t\t<div class=\"e-con-inner\">\n\t\t<div class=\"elementor-element elementor-element-abce9d9 e-con-full e-flex e-con e-child\" data-id=\"abce9d9\" data-element_type=\"container\">\n\t\t\t\t<div class=\"elementor-element elementor-element-a1a5d2b elementor-widget elementor-widget-block_simple_texte\" data-id=\"a1a5d2b\" data-element_type=\"widget\" data-widget_type=\"block_simple_texte.default\">\n\t\t\t\t<div class=\"elementor-widget-container\">\n\t\t\t    <div class=\"container\">\n        <p><span style=\"font-size: 14pt\"><b>Suivi post-embauche<\/b><\/span><\/p><ul><li><span style=\"font-size: 14pt\">M\u00e9diation et intervention en entreprise suite \u00e0 la signature d\u2019un contrat<\/span><\/li><li><span style=\"font-size: 14pt\">Suivi du jeune jusqu\u2019en entreprise par un conseiller<\/span><\/li><li><span style=\"font-size: 14pt\">Des conseils pour r\u00e9ussir l\u2019accueil, l\u2019int\u00e9gration et la fid\u00e9lisation des jeunes avec la mise en place de tutorat au besoin<\/span><\/li><\/ul>\n    <\/div>\n\t\t<\/div>\n\t\t\t\t<\/div>\n\t\t\t\t<\/div>\n\t\t<div class=\"elementor-element elementor-element-08f67a7 e-con-full e-flex e-con e-child\" data-id=\"08f67a7\" data-element_type=\"container\">\n\t\t\t\t<div class=\"elementor-element elementor-element-361cecb elementor-widget elementor-widget-block_simple_visuel\" data-id=\"361cecb\" data-element_type=\"widget\" data-widget_type=\"block_simple_visuel.default\">\n\t\t\t\t<div class=\"elementor-widget-container\">\n\t\t\t    <div class=\"container\">\n        <figure>\n                        \n                                            <img decoding=\"async\" src=\"https:\/\/www.missionslocalesnormandie.fr\/content\/uploads\/sites\/11\/2023\/12\/missions-locales-normandie-defaut-grande-950x595-c-default.png\"\n                     alt=\"MISSION LOCALE PAYS DE CAUX - VALLEE DE SEINE\"\/>\n            \n                    <\/figure>\n    <\/div>\n\t\t<\/div>\n\t\t\t\t<\/div>\n\t\t\t\t<\/div>\n\t\t\t\t\t<\/div>\n\t\t\t\t<\/div>\n\t\t\t\t<\/div>\n\t\t","protected":false},"excerpt":{"rendered":"<p>Trouver le bon candidat avec la Mission Locale ! La Mission Locale vous propose un service de conseil et d\u2019appui d\u00e9di\u00e9 aux recrutements. Elle vous aide \u00e0 identifier et rencontrer des jeunes motiv\u00e9s. La Mission Locale vous pr\u00e9sente des profils adapt\u00e9s \u00e0 vos besoins gr\u00e2ce une \u00e9quipe d\u00e9di\u00e9e : Le Service Emploi Une \u00e9quipe pour [&hellip;]<\/p>\n","protected":false},"author":1,"featured_media":0,"parent":0,"menu_order":0,"comment_status":"closed","ping_status":"closed","template":"","meta":{"_acf_changed":false,"_crosspost_to_1":false,"_crosspost_to_2":false,"_crosspost_to_3":false,"_crosspost_to_4":false,"_crosspost_to_5":false,"_crosspost_to_6":false,"_crosspost_to_7":false,"_crosspost_to_8":false,"_crosspost_to_12":false,"_crosspost_to_13":false,"_crosspost_to_14":false,"_crosspost_to_15":false,"_crosspost_to_16":false,"inline_featured_image":false,"footnotes":""},"acf":[],"yoast_head":"<!-- This site is optimized with the Yoast SEO plugin v21.9.1 - https:\/\/yoast.com\/wordpress\/plugins\/seo\/ -->\n<title>Recruter - MISSION LOCALE PAYS DE CAUX - VALLEE DE SEINE<\/title>\n<meta name=\"robots\" content=\"index, follow, max-snippet:-1, max-image-preview:large, max-video-preview:-1\" \/>\n<link rel=\"canonical\" href=\"https:\/\/www.missionslocalesnormandie.fr\/mission-locale-pays-caux-vallee-seine\/recruter\/\" \/>\n<meta property=\"og:locale\" content=\"fr_FR\" \/>\n<meta property=\"og:type\" content=\"article\" \/>\n<meta property=\"og:title\" content=\"Recruter - MISSION LOCALE PAYS DE CAUX - VALLEE DE SEINE\" \/>\n<meta property=\"og:description\" content=\"Trouver le bon candidat avec la Mission Locale ! La Mission Locale vous propose un service de conseil et d\u2019appui d\u00e9di\u00e9 aux recrutements. Elle vous aide \u00e0 identifier et rencontrer des jeunes motiv\u00e9s. La Mission Locale vous pr\u00e9sente des profils adapt\u00e9s \u00e0 vos besoins gr\u00e2ce une \u00e9quipe d\u00e9di\u00e9e : Le Service Emploi Une \u00e9quipe pour [&hellip;]\" \/>\n<meta property=\"og:url\" content=\"https:\/\/www.missionslocalesnormandie.fr\/mission-locale-pays-caux-vallee-seine\/recruter\/\" \/>\n<meta property=\"og:site_name\" content=\"MISSION LOCALE PAYS DE CAUX - VALLEE DE SEINE\" \/>\n<meta property=\"article:modified_time\" content=\"2024-03-28T11:03:31+00:00\" \/>\n<meta property=\"og:image\" content=\"https:\/\/www.missionslocalesnormandie.fr\/content\/uploads\/sites\/11\/2023\/12\/missions-locales-normandie-defaut-grande-950x595-c-default.png\" \/>\n<meta name=\"twitter:card\" content=\"summary_large_image\" \/>\n<meta name=\"twitter:label1\" content=\"Dur\u00e9e de lecture estim\u00e9e\" \/>\n\t<meta name=\"twitter:data1\" content=\"2 minutes\" \/>\n<script type=\"application\/ld+json\" class=\"yoast-schema-graph\">{\"@context\":\"https:\/\/schema.org\",\"@graph\":[{\"@type\":\"WebPage\",\"@id\":\"https:\/\/www.missionslocalesnormandie.fr\/mission-locale-pays-caux-vallee-seine\/recruter\/\",\"url\":\"https:\/\/www.missionslocalesnormandie.fr\/mission-locale-pays-caux-vallee-seine\/recruter\/\",\"name\":\"Recruter - MISSION LOCALE PAYS DE CAUX - VALLEE DE SEINE\",\"isPartOf\":{\"@id\":\"https:\/\/www.missionslocalesnormandie.fr\/mission-locale-pays-caux-vallee-seine\/#website\"},\"datePublished\":\"2023-12-14T14:16:31+00:00\",\"dateModified\":\"2024-03-28T11:03:31+00:00\",\"breadcrumb\":{\"@id\":\"https:\/\/www.missionslocalesnormandie.fr\/mission-locale-pays-caux-vallee-seine\/recruter\/#breadcrumb\"},\"inLanguage\":\"fr-FR\",\"potentialAction\":[{\"@type\":\"ReadAction\",\"target\":[\"https:\/\/www.missionslocalesnormandie.fr\/mission-locale-pays-caux-vallee-seine\/recruter\/\"]}]},{\"@type\":\"BreadcrumbList\",\"@id\":\"https:\/\/www.missionslocalesnormandie.fr\/mission-locale-pays-caux-vallee-seine\/recruter\/#breadcrumb\",\"itemListElement\":[{\"@type\":\"ListItem\",\"position\":1,\"name\":\"Home\",\"item\":\"https:\/\/www.missionslocalesnormandie.fr\/mission-locale-pays-caux-vallee-seine\/\"},{\"@type\":\"ListItem\",\"position\":2,\"name\":\"Recruter\"}]},{\"@type\":\"WebSite\",\"@id\":\"https:\/\/www.missionslocalesnormandie.fr\/mission-locale-pays-caux-vallee-seine\/#website\",\"url\":\"https:\/\/www.missionslocalesnormandie.fr\/mission-locale-pays-caux-vallee-seine\/\",\"name\":\"MISSION LOCALE PAYS DE CAUX - VALLEE DE SEINE\",\"description\":\"\",\"potentialAction\":[{\"@type\":\"SearchAction\",\"target\":{\"@type\":\"EntryPoint\",\"urlTemplate\":\"https:\/\/www.missionslocalesnormandie.fr\/mission-locale-pays-caux-vallee-seine\/?s={search_term_string}\"},\"query-input\":\"required name=search_term_string\"}],\"inLanguage\":\"fr-FR\"}]}<\/script>\n<!-- \/ Yoast SEO plugin. -->","yoast_head_json":{"title":"Recruter - MISSION LOCALE PAYS DE CAUX - VALLEE DE SEINE","robots":{"index":"index","follow":"follow","max-snippet":"max-snippet:-1","max-image-preview":"max-image-preview:large","max-video-preview":"max-video-preview:-1"},"canonical":"https:\/\/www.missionslocalesnormandie.fr\/mission-locale-pays-caux-vallee-seine\/recruter\/","og_locale":"fr_FR","og_type":"article","og_title":"Recruter - MISSION LOCALE PAYS DE CAUX - VALLEE DE SEINE","og_description":"Trouver le bon candidat avec la Mission Locale ! La Mission Locale vous propose un service de conseil et d\u2019appui d\u00e9di\u00e9 aux recrutements. Elle vous aide \u00e0 identifier et rencontrer des jeunes motiv\u00e9s. La Mission Locale vous pr\u00e9sente des profils adapt\u00e9s \u00e0 vos besoins gr\u00e2ce une \u00e9quipe d\u00e9di\u00e9e : Le Service Emploi Une \u00e9quipe pour [&hellip;]","og_url":"https:\/\/www.missionslocalesnormandie.fr\/mission-locale-pays-caux-vallee-seine\/recruter\/","og_site_name":"MISSION LOCALE PAYS DE CAUX - VALLEE DE SEINE","article_modified_time":"2024-03-28T11:03:31+00:00","og_image":[{"url":"https:\/\/www.missionslocalesnormandie.fr\/content\/uploads\/sites\/11\/2023\/12\/missions-locales-normandie-defaut-grande-950x595-c-default.png"}],"twitter_card":"summary_large_image","twitter_misc":{"Dur\u00e9e de lecture estim\u00e9e":"2 minutes"},"schema":{"@context":"https:\/\/schema.org","@graph":[{"@type":"WebPage","@id":"https:\/\/www.missionslocalesnormandie.fr\/mission-locale-pays-caux-vallee-seine\/recruter\/","url":"https:\/\/www.missionslocalesnormandie.fr\/mission-locale-pays-caux-vallee-seine\/recruter\/","name":"Recruter - MISSION LOCALE PAYS DE CAUX - VALLEE DE SEINE","isPartOf":{"@id":"https:\/\/www.missionslocalesnormandie.fr\/mission-locale-pays-caux-vallee-seine\/#website"},"datePublished":"2023-12-14T14:16:31+00:00","dateModified":"2024-03-28T11:03:31+00:00","breadcrumb":{"@id":"https:\/\/www.missionslocalesnormandie.fr\/mission-locale-pays-caux-vallee-seine\/recruter\/#breadcrumb"},"inLanguage":"fr-FR","potentialAction":[{"@type":"ReadAction","target":["https:\/\/www.missionslocalesnormandie.fr\/mission-locale-pays-caux-vallee-seine\/recruter\/"]}]},{"@type":"BreadcrumbList","@id":"https:\/\/www.missionslocalesnormandie.fr\/mission-locale-pays-caux-vallee-seine\/recruter\/#breadcrumb","itemListElement":[{"@type":"ListItem","position":1,"name":"Home","item":"https:\/\/www.missionslocalesnormandie.fr\/mission-locale-pays-caux-vallee-seine\/"},{"@type":"ListItem","position":2,"name":"Recruter"}]},{"@type":"WebSite","@id":"https:\/\/www.missionslocalesnormandie.fr\/mission-locale-pays-caux-vallee-seine\/#website","url":"https:\/\/www.missionslocalesnormandie.fr\/mission-locale-pays-caux-vallee-seine\/","name":"MISSION LOCALE PAYS DE CAUX - VALLEE DE SEINE","description":"","potentialAction":[{"@type":"SearchAction","target":{"@type":"EntryPoint","urlTemplate":"https:\/\/www.missionslocalesnormandie.fr\/mission-locale-pays-caux-vallee-seine\/?s={search_term_string}"},"query-input":"required name=search_term_string"}],"inLanguage":"fr-FR"}]}},"_links":{"self":[{"href":"https:\/\/www.missionslocalesnormandie.fr\/mission-locale-pays-caux-vallee-seine\/wp-json\/wp\/v2\/pages\/97"}],"collection":[{"href":"https:\/\/www.missionslocalesnormandie.fr\/mission-locale-pays-caux-vallee-seine\/wp-json\/wp\/v2\/pages"}],"about":[{"href":"https:\/\/www.missionslocalesnormandie.fr\/mission-locale-pays-caux-vallee-seine\/wp-json\/wp\/v2\/types\/page"}],"author":[{"embeddable":true,"href":"https:\/\/www.missionslocalesnormandie.fr\/mission-locale-pays-caux-vallee-seine\/wp-json\/wp\/v2\/users\/1"}],"replies":[{"embeddable":true,"href":"https:\/\/www.missionslocalesnormandie.fr\/mission-locale-pays-caux-vallee-seine\/wp-json\/wp\/v2\/comments?post=97"}],"version-history":[{"count":21,"href":"https:\/\/www.missionslocalesnormandie.fr\/mission-locale-pays-caux-vallee-seine\/wp-json\/wp\/v2\/pages\/97\/revisions"}],"predecessor-version":[{"id":1337,"href":"https:\/\/www.missionslocalesnormandie.fr\/mission-locale-pays-caux-vallee-seine\/wp-json\/wp\/v2\/pages\/97\/revisions\/1337"}],"wp:attachment":[{"href":"https:\/\/www.missionslocalesnormandie.fr\/mission-locale-pays-caux-vallee-seine\/wp-json\/wp\/v2\/media?parent=97"}],"curies":[{"name":"wp","href":"https:\/\/api.w.org\/{rel}","templated":true}]}}