{"id":151,"date":"2023-12-14T15:36:07","date_gmt":"2023-12-14T14:36:07","guid":{"rendered":"https:\/\/www.missionslocalesnormandie.fr\/mission-locale-vernon-seine-vexin\/?page_id=151"},"modified":"2025-09-26T13:56:12","modified_gmt":"2025-09-26T11:56:12","slug":"morienter","status":"publish","type":"page","link":"https:\/\/www.missionslocalesnormandie.fr\/mission-locale-vernon-seine-vexin\/morienter\/","title":{"rendered":"S&#8217;orienter et se former"},"content":{"rendered":"\t\t<div data-elementor-type=\"wp-page\" data-elementor-id=\"151\" class=\"elementor elementor-151\">\n\t\t\t\t<div class=\"elementor-element elementor-element-988d6cd e-flex e-con-boxed e-con e-parent\" data-id=\"988d6cd\" data-element_type=\"container\">\n\t\t\t\t\t<div class=\"e-con-inner\">\n\t\t\t\t<div class=\"elementor-element elementor-element-97716fb elementor-widget elementor-widget-block_titre\" data-id=\"97716fb\" data-element_type=\"widget\" data-widget_type=\"block_titre.default\">\n\t\t\t\t<div class=\"elementor-widget-container\">\n\t\t\t    <div class=\"container\">\n        <h2>\n            Explor'm\u00e9tiers : d\u00e9couvre, oriente-toi, construis ton avenir !\n        <\/h2>\n    <\/div>\n\t\t<\/div>\n\t\t\t\t<\/div>\n\t\t\t\t<div class=\"elementor-element elementor-element-4b49602 elementor-widget elementor-widget-block_titre_texte_visuel\" data-id=\"4b49602\" data-element_type=\"widget\" data-widget_type=\"block_titre_texte_visuel.default\">\n\t\t\t\t<div class=\"elementor-widget-container\">\n\t\t\t    <div class=\"container\">\n        <div class=\"row my-4\">\n            <div class=\"col-lg-6 mb-4 mb-lg-0\">\n                \n                    <div class=\"\">\n        <div class=\"edito-intro\">\n            <p data-start=\"173\" data-end=\"328\">Tu te poses des questions sur ton orientation ou tu souhaites d\u00e9couvrir diff\u00e9rents m\u00e9tiers ? Le dispositif <strong data-start=\"321\" data-end=\"338\">ExplorM\u00e9tiers<\/strong> est con\u00e7u pour t\u2019aider \u00e0 faire tes premiers pas vers un projet professionnel solide et adapt\u00e9 \u00e0 tes envies.<\/p><p data-start=\"173\" data-end=\"328\">Pour cela, <strong data-start=\"459\" data-end=\"513\">ExplorM\u00e9tiers repose sur deux axes compl\u00e9mentaires<\/strong>. D\u2019une part, la d\u00e9couverte des m\u00e9tiers te permet de mieux conna\u00eetre les secteurs, les activit\u00e9s et les comp\u00e9tences requises. D\u2019autre part, l\u2019orientation vise \u00e0 faciliter ton acc\u00e8s aux formations adapt\u00e9es \u00e0 ton profil et \u00e0 tes objectifs.<\/p>\n        <\/div>\n    <\/div>\n\n                            <\/div>\n            <div class=\"col-lg-6 \">\n                                    <figure>\n                                                \n                                                                                                            <a href=\"https:\/\/www.missionslocalesnormandie.fr\/content\/uploads\/sites\/16\/2025\/09\/explore-metier-mission-locale-vernon-seine-vexin.jpg\">\n                                <img decoding=\"async\" src=\"https:\/\/www.missionslocalesnormandie.fr\/content\/uploads\/sites\/16\/2025\/09\/explore-metier-mission-locale-vernon-seine-vexin-675x425-c-default.jpg\"\n                                     alt=\"MISSION LOCALE VERNON SEINE VEXIN\"\/>\n                            <\/a>\n                        \n                                            <\/figure>\n                \n\n            <\/div>\n        <\/div>\n    <\/div>\n\t\t<\/div>\n\t\t\t\t<\/div>\n\t\t\t\t<div class=\"elementor-element elementor-element-7d4c58e elementor-widget elementor-widget-block_simple_texte\" data-id=\"7d4c58e\" data-element_type=\"widget\" data-widget_type=\"block_simple_texte.default\">\n\t\t\t\t<div class=\"elementor-widget-container\">\n\t\t\t    <div class=\"container\">\n        <h3 data-start=\"484\" data-end=\"526\">\ud83d\udcac Concr\u00e8tement, comment \u00e7a se passe ?<\/h3><p data-start=\"528\" data-end=\"808\">Tout commence par des <strong data-start=\"774\" data-end=\"797\">ateliers collectifs<\/strong> o\u00f9 tu explores plusieurs univers professionnels et parcours de formation. Ces ateliers te donnent l\u2019occasion de poser des questions, d\u2019\u00e9changer avec d\u2019autres jeunes et de mieux comprendre les r\u00e9alit\u00e9s du monde du travail. Par la suite, tu peux b\u00e9n\u00e9ficier d\u2019un <strong data-start=\"1058\" data-end=\"1087\">accompagnement individuel<\/strong> avec un r\u00e9f\u00e9rent qui t\u2019aide \u00e0 clarifier ton projet, \u00e0 surmonter tes difficult\u00e9s et \u00e0 avancer \u00e0 ton rythme.<\/p><h3 data-start=\"815\" data-end=\"873\">\ud83c\udfed\ud83d\ude8d Des immersions pour mieux comprendre le monde pro<\/h3><p data-start=\"875\" data-end=\"1089\">Afin de t\u2019immerger concr\u00e8tement dans le monde professionnel, nous organisons r\u00e9guli\u00e8rement des <strong data-start=\"1293\" data-end=\"1318\">visites d\u2019entreprises<\/strong> en partenariat avec le service emploi. Ces sorties te permettent de d\u00e9couvrir les m\u00e9tiers sur le terrain, d\u2019observer le quotidien des professionnels et de te projeter dans un futur m\u00e9tier. Par ailleurs, des <strong data-start=\"1526\" data-end=\"1563\">visites d\u2019organismes de formation<\/strong> sont \u00e9galement propos\u00e9es pour que tu puisses rencontrer des formateurs, comprendre les contenus et conditions des formations, et mieux pr\u00e9parer ton parcours.<\/p><h3 data-start=\"1286\" data-end=\"1333\">\ud83e\udd1d Des rencontres inspirantes avec des pros<\/h3><p data-start=\"1335\" data-end=\"1562\">Enfin, tout au long du dispositif, nous invitons des partenaires \u00e0 venir te pr\u00e9senter leurs m\u00e9tiers, les comp\u00e9tences attendues, ainsi que les formations accessibles. Ces \u00e9changes enrichissent ta r\u00e9flexion et t\u2019aident \u00e0 faire des choix \u00e9clair\u00e9s.<\/p><p data-start=\"1335\" data-end=\"1562\">En r\u00e9sum\u00e9, <strong data-start=\"1980\" data-end=\"2109\">ExplorM\u00e9tiers est une \u00e9tape cl\u00e9 pour explorer, t\u2019orienter et te lancer dans ta vie professionnelle avec confiance et m\u00e9thode.<\/strong> \ud83d\udcbc\u2728<\/p><p style=\"text-align: right\" data-start=\"1335\" data-end=\"1562\"><em>Avec le soutien de la <a href=\"https:\/\/www.normandie.fr\/\">R\u00e9gion Normandie<\/a> et du Fonds Social Europ\u00e9en<\/em><\/p>\n    <\/div>\n\t\t<\/div>\n\t\t\t\t<\/div>\n\t\t\t\t\t<\/div>\n\t\t\t\t<\/div>\n\t\t\t\t<\/div>\n\t\t","protected":false},"excerpt":{"rendered":"<p>Explor&#8217;m\u00e9tiers : d\u00e9couvre, oriente-toi, construis ton avenir ! Tu te poses des questions sur ton orientation ou tu souhaites d\u00e9couvrir diff\u00e9rents m\u00e9tiers ? Le dispositif ExplorM\u00e9tiers est con\u00e7u pour t\u2019aider \u00e0 faire tes premiers pas vers un projet professionnel solide et adapt\u00e9 \u00e0 tes envies. Pour cela, ExplorM\u00e9tiers repose sur deux axes compl\u00e9mentaires. D\u2019une part, [&hellip;]<\/p>\n","protected":false},"author":1,"featured_media":0,"parent":0,"menu_order":0,"comment_status":"closed","ping_status":"closed","template":"","meta":{"_acf_changed":false,"_crosspost_to_1":false,"_crosspost_to_2":false,"_crosspost_to_3":false,"_crosspost_to_4":false,"_crosspost_to_5":false,"_crosspost_to_6":false,"_crosspost_to_7":false,"_crosspost_to_8":false,"_crosspost_to_11":false,"_crosspost_to_12":false,"_crosspost_to_13":false,"_crosspost_to_14":false,"_crosspost_to_15":false,"inline_featured_image":false,"footnotes":""},"acf":[],"yoast_head":"<!-- This site is optimized with the Yoast SEO plugin v21.9.1 - https:\/\/yoast.com\/wordpress\/plugins\/seo\/ -->\n<title>S&#039;orienter et se former - MISSION LOCALE VERNON SEINE VEXIN<\/title>\n<meta name=\"description\" content=\"Un accompagnement personnalis\u00e9 pour construire son projet pro et acc\u00e9der \u00e0 une formation adapt\u00e9e avec l\u2019aide de la Mission Locale.\" \/>\n<meta name=\"robots\" content=\"index, follow, max-snippet:-1, max-image-preview:large, max-video-preview:-1\" \/>\n<link rel=\"canonical\" href=\"https:\/\/www.missionslocalesnormandie.fr\/mission-locale-vernon-seine-vexin\/morienter\/\" \/>\n<meta property=\"og:locale\" content=\"fr_FR\" \/>\n<meta property=\"og:type\" content=\"article\" \/>\n<meta property=\"og:title\" content=\"S&#039;orienter et se former - MISSION LOCALE VERNON SEINE VEXIN\" \/>\n<meta property=\"og:description\" content=\"Un accompagnement personnalis\u00e9 pour construire son projet pro et acc\u00e9der \u00e0 une formation adapt\u00e9e avec l\u2019aide de la Mission Locale.\" \/>\n<meta property=\"og:url\" content=\"https:\/\/www.missionslocalesnormandie.fr\/mission-locale-vernon-seine-vexin\/morienter\/\" \/>\n<meta property=\"og:site_name\" content=\"MISSION LOCALE VERNON SEINE VEXIN\" \/>\n<meta property=\"article:modified_time\" content=\"2025-09-26T11:56:12+00:00\" \/>\n<meta property=\"og:image\" content=\"https:\/\/www.missionslocalesnormandie.fr\/content\/uploads\/sites\/16\/2025\/09\/explore-metier-mission-locale-vernon-seine-vexin-675x425-c-default.jpg\" \/>\n<meta name=\"twitter:card\" content=\"summary_large_image\" \/>\n<meta name=\"twitter:label1\" content=\"Dur\u00e9e de lecture estim\u00e9e\" \/>\n\t<meta name=\"twitter:data1\" content=\"2 minutes\" \/>\n<script type=\"application\/ld+json\" class=\"yoast-schema-graph\">{\"@context\":\"https:\/\/schema.org\",\"@graph\":[{\"@type\":\"WebPage\",\"@id\":\"https:\/\/www.missionslocalesnormandie.fr\/mission-locale-vernon-seine-vexin\/morienter\/\",\"url\":\"https:\/\/www.missionslocalesnormandie.fr\/mission-locale-vernon-seine-vexin\/morienter\/\",\"name\":\"S'orienter et se former - MISSION LOCALE VERNON SEINE VEXIN\",\"isPartOf\":{\"@id\":\"https:\/\/www.missionslocalesnormandie.fr\/mission-locale-vernon-seine-vexin\/#website\"},\"datePublished\":\"2023-12-14T14:36:07+00:00\",\"dateModified\":\"2025-09-26T11:56:12+00:00\",\"description\":\"Un accompagnement personnalis\u00e9 pour construire son projet pro et acc\u00e9der \u00e0 une formation adapt\u00e9e avec l\u2019aide de la Mission Locale.\",\"breadcrumb\":{\"@id\":\"https:\/\/www.missionslocalesnormandie.fr\/mission-locale-vernon-seine-vexin\/morienter\/#breadcrumb\"},\"inLanguage\":\"fr-FR\",\"potentialAction\":[{\"@type\":\"ReadAction\",\"target\":[\"https:\/\/www.missionslocalesnormandie.fr\/mission-locale-vernon-seine-vexin\/morienter\/\"]}]},{\"@type\":\"BreadcrumbList\",\"@id\":\"https:\/\/www.missionslocalesnormandie.fr\/mission-locale-vernon-seine-vexin\/morienter\/#breadcrumb\",\"itemListElement\":[{\"@type\":\"ListItem\",\"position\":1,\"name\":\"Home\",\"item\":\"https:\/\/www.missionslocalesnormandie.fr\/mission-locale-vernon-seine-vexin\/\"},{\"@type\":\"ListItem\",\"position\":2,\"name\":\"S&rsquo;orienter et se former\"}]},{\"@type\":\"WebSite\",\"@id\":\"https:\/\/www.missionslocalesnormandie.fr\/mission-locale-vernon-seine-vexin\/#website\",\"url\":\"https:\/\/www.missionslocalesnormandie.fr\/mission-locale-vernon-seine-vexin\/\",\"name\":\"MISSION LOCALE VERNON SEINE VEXIN\",\"description\":\"\",\"potentialAction\":[{\"@type\":\"SearchAction\",\"target\":{\"@type\":\"EntryPoint\",\"urlTemplate\":\"https:\/\/www.missionslocalesnormandie.fr\/mission-locale-vernon-seine-vexin\/?s={search_term_string}\"},\"query-input\":\"required name=search_term_string\"}],\"inLanguage\":\"fr-FR\"}]}<\/script>\n<!-- \/ Yoast SEO plugin. -->","yoast_head_json":{"title":"S'orienter et se former - MISSION LOCALE VERNON SEINE VEXIN","description":"Un accompagnement personnalis\u00e9 pour construire son projet pro et acc\u00e9der \u00e0 une formation adapt\u00e9e avec l\u2019aide de la Mission Locale.","robots":{"index":"index","follow":"follow","max-snippet":"max-snippet:-1","max-image-preview":"max-image-preview:large","max-video-preview":"max-video-preview:-1"},"canonical":"https:\/\/www.missionslocalesnormandie.fr\/mission-locale-vernon-seine-vexin\/morienter\/","og_locale":"fr_FR","og_type":"article","og_title":"S'orienter et se former - MISSION LOCALE VERNON SEINE VEXIN","og_description":"Un accompagnement personnalis\u00e9 pour construire son projet pro et acc\u00e9der \u00e0 une formation adapt\u00e9e avec l\u2019aide de la Mission Locale.","og_url":"https:\/\/www.missionslocalesnormandie.fr\/mission-locale-vernon-seine-vexin\/morienter\/","og_site_name":"MISSION LOCALE VERNON SEINE VEXIN","article_modified_time":"2025-09-26T11:56:12+00:00","og_image":[{"url":"https:\/\/www.missionslocalesnormandie.fr\/content\/uploads\/sites\/16\/2025\/09\/explore-metier-mission-locale-vernon-seine-vexin-675x425-c-default.jpg"}],"twitter_card":"summary_large_image","twitter_misc":{"Dur\u00e9e de lecture estim\u00e9e":"2 minutes"},"schema":{"@context":"https:\/\/schema.org","@graph":[{"@type":"WebPage","@id":"https:\/\/www.missionslocalesnormandie.fr\/mission-locale-vernon-seine-vexin\/morienter\/","url":"https:\/\/www.missionslocalesnormandie.fr\/mission-locale-vernon-seine-vexin\/morienter\/","name":"S'orienter et se former - MISSION LOCALE VERNON SEINE VEXIN","isPartOf":{"@id":"https:\/\/www.missionslocalesnormandie.fr\/mission-locale-vernon-seine-vexin\/#website"},"datePublished":"2023-12-14T14:36:07+00:00","dateModified":"2025-09-26T11:56:12+00:00","description":"Un accompagnement personnalis\u00e9 pour construire son projet pro et acc\u00e9der \u00e0 une formation adapt\u00e9e avec l\u2019aide de la Mission Locale.","breadcrumb":{"@id":"https:\/\/www.missionslocalesnormandie.fr\/mission-locale-vernon-seine-vexin\/morienter\/#breadcrumb"},"inLanguage":"fr-FR","potentialAction":[{"@type":"ReadAction","target":["https:\/\/www.missionslocalesnormandie.fr\/mission-locale-vernon-seine-vexin\/morienter\/"]}]},{"@type":"BreadcrumbList","@id":"https:\/\/www.missionslocalesnormandie.fr\/mission-locale-vernon-seine-vexin\/morienter\/#breadcrumb","itemListElement":[{"@type":"ListItem","position":1,"name":"Home","item":"https:\/\/www.missionslocalesnormandie.fr\/mission-locale-vernon-seine-vexin\/"},{"@type":"ListItem","position":2,"name":"S&rsquo;orienter et se former"}]},{"@type":"WebSite","@id":"https:\/\/www.missionslocalesnormandie.fr\/mission-locale-vernon-seine-vexin\/#website","url":"https:\/\/www.missionslocalesnormandie.fr\/mission-locale-vernon-seine-vexin\/","name":"MISSION LOCALE VERNON SEINE VEXIN","description":"","potentialAction":[{"@type":"SearchAction","target":{"@type":"EntryPoint","urlTemplate":"https:\/\/www.missionslocalesnormandie.fr\/mission-locale-vernon-seine-vexin\/?s={search_term_string}"},"query-input":"required name=search_term_string"}],"inLanguage":"fr-FR"}]}},"_links":{"self":[{"href":"https:\/\/www.missionslocalesnormandie.fr\/mission-locale-vernon-seine-vexin\/wp-json\/wp\/v2\/pages\/151"}],"collection":[{"href":"https:\/\/www.missionslocalesnormandie.fr\/mission-locale-vernon-seine-vexin\/wp-json\/wp\/v2\/pages"}],"about":[{"href":"https:\/\/www.missionslocalesnormandie.fr\/mission-locale-vernon-seine-vexin\/wp-json\/wp\/v2\/types\/page"}],"author":[{"embeddable":true,"href":"https:\/\/www.missionslocalesnormandie.fr\/mission-locale-vernon-seine-vexin\/wp-json\/wp\/v2\/users\/1"}],"replies":[{"embeddable":true,"href":"https:\/\/www.missionslocalesnormandie.fr\/mission-locale-vernon-seine-vexin\/wp-json\/wp\/v2\/comments?post=151"}],"version-history":[{"count":31,"href":"https:\/\/www.missionslocalesnormandie.fr\/mission-locale-vernon-seine-vexin\/wp-json\/wp\/v2\/pages\/151\/revisions"}],"predecessor-version":[{"id":734,"href":"https:\/\/www.missionslocalesnormandie.fr\/mission-locale-vernon-seine-vexin\/wp-json\/wp\/v2\/pages\/151\/revisions\/734"}],"wp:attachment":[{"href":"https:\/\/www.missionslocalesnormandie.fr\/mission-locale-vernon-seine-vexin\/wp-json\/wp\/v2\/media?parent=151"}],"curies":[{"name":"wp","href":"https:\/\/api.w.org\/{rel}","templated":true}]}}