{"id":162,"date":"2023-12-14T15:37:19","date_gmt":"2023-12-14T14:37:19","guid":{"rendered":"https:\/\/www.missionslocalesnormandie.fr\/mission-locale-vernon-seine-vexin\/?page_id=162"},"modified":"2025-09-26T14:23:57","modified_gmt":"2025-09-26T12:23:57","slug":"mobilite","status":"publish","type":"page","link":"https:\/\/www.missionslocalesnormandie.fr\/mission-locale-vernon-seine-vexin\/mobilite\/","title":{"rendered":"Entreprendre et partir \u00e0 l&#8217;\u00e9tranger"},"content":{"rendered":"\t\t<div data-elementor-type=\"wp-page\" data-elementor-id=\"162\" class=\"elementor elementor-162\">\n\t\t\t\t<div class=\"elementor-element elementor-element-e03c28b e-flex e-con-boxed e-con e-parent\" data-id=\"e03c28b\" data-element_type=\"container\">\n\t\t\t\t\t<div class=\"e-con-inner\">\n\t\t\t\t<div class=\"elementor-element elementor-element-672a932 elementor-widget elementor-widget-block_titre\" data-id=\"672a932\" data-element_type=\"widget\" data-widget_type=\"block_titre.default\">\n\t\t\t\t<div class=\"elementor-widget-container\">\n\t\t\t    <div class=\"container\">\n        <h2>\n            Le Groupement de Cr\u00e9ateurs\n        <\/h2>\n    <\/div>\n\t\t<\/div>\n\t\t\t\t<\/div>\n\t\t\t\t<div class=\"elementor-element elementor-element-9c79c6f elementor-widget elementor-widget-block_titre_texte_visuel\" data-id=\"9c79c6f\" data-element_type=\"widget\" data-widget_type=\"block_titre_texte_visuel.default\">\n\t\t\t\t<div class=\"elementor-widget-container\">\n\t\t\t    <div class=\"container\">\n        <div class=\"row my-4\">\n            <div class=\"col-lg-6 mb-4 mb-lg-0\">\n                \n                    <div class=\"\">\n        <div class=\"edito-intro\">\n            <h3 data-start=\"116\" data-end=\"159\">\ud83c\udfaf Tu as une id\u00e9e, un r\u00eave, un projet ?<\/h3><p data-start=\"160\" data-end=\"313\">Le <strong data-start=\"163\" data-end=\"190\">Groupement de Cr\u00e9ateurs<\/strong> peut t\u2019accompagner gratuitement pour transformer ton id\u00e9e en vrai projet, m\u00eame si tu n\u2019as pas de dipl\u00f4me ou d\u2019exp\u00e9rience !<\/p><h3 data-start=\"320\" data-end=\"350\">\ud83d\udd39 L\u2019\u00c9MERGENCE<\/h3><p data-start=\"351\" data-end=\"385\">C\u2019est un parcours pour t\u2019aider \u00e0 :<\/p><ul data-start=\"386\" data-end=\"528\"><li data-start=\"386\" data-end=\"410\"><p data-start=\"388\" data-end=\"410\"><strong data-start=\"388\" data-end=\"410\">Mieux te conna\u00eetre<\/strong><\/p><\/li><li data-start=\"411\" data-end=\"434\"><p data-start=\"413\" data-end=\"434\"><strong data-start=\"413\" data-end=\"434\">Pr\u00e9ciser ton id\u00e9e<\/strong><\/p><\/li><li data-start=\"435\" data-end=\"480\"><p data-start=\"437\" data-end=\"480\"><strong data-start=\"437\" data-end=\"480\">D\u00e9couvrir le monde autour de ton projet<\/strong><\/p><\/li><li data-start=\"481\" data-end=\"528\"><p data-start=\"483\" data-end=\"528\"><strong data-start=\"483\" data-end=\"528\">Voir si ton projet te correspond vraiment<\/strong><\/p><\/li><\/ul><p data-start=\"530\" data-end=\"651\">Tu participeras \u00e0 des <strong data-start=\"552\" data-end=\"566\">entretiens<\/strong>, des <strong data-start=\"572\" data-end=\"594\">ateliers en groupe<\/strong> et du <strong data-start=\"601\" data-end=\"618\">travail perso<\/strong> pour passer de l\u2019id\u00e9e au projet.<\/p><p data-start=\"653\" data-end=\"813\">\ud83d\udcac <em data-start=\"656\" data-end=\"761\">\"On avait trop d'id\u00e9es au d\u00e9part, mais ce parcours nous a aid\u00e9es \u00e0 y voir clair et \u00e0 oser nous lancer.\"<\/em><br data-start=\"761\" data-end=\"764\" \/>\u2013 Sha\u00efma &amp; Cha\u00efmae, jeunes cr\u00e9atrices<\/p><h3 data-start=\"820\" data-end=\"858\">\ud83d\udd38 Et si tu veux aller plus loin ?<\/h3><p data-start=\"908\" data-end=\"1017\"><strong data-start=\"908\" data-end=\"939\">2. Accompagnement technique<\/strong><br data-start=\"939\" data-end=\"942\" \/>\u27a1\ufe0f Apprendre \u00e0 faire un vrai plan, choisir un statut, g\u00e9rer le budget, etc.<\/p><p data-start=\"1019\" data-end=\"1086\"><strong data-start=\"1019\" data-end=\"1037\">3. Financement<\/strong><br data-start=\"1037\" data-end=\"1040\" \/>\u27a1\ufe0f Trouver de l\u2019aide pour financer ton projet.<\/p><p data-start=\"1088\" data-end=\"1184\"><strong data-start=\"1088\" data-end=\"1108\">4. Post-cr\u00e9ation<\/strong><br data-start=\"1108\" data-end=\"1111\" \/>\u27a1\ufe0f \u00catre soutenu une fois ton projet lanc\u00e9, pour qu\u2019il dure dans le temps.<\/p><p data-start=\"1088\" data-end=\"1184\">Pour plus d'informations, n'h\u00e9sites pas \u00e0 contacter <strong>francisco.costamoreno@mlvsv.fr<\/strong><\/p><p style=\"text-align: center\" data-start=\"1088\" data-end=\"1184\"><em>La Cr\u00e9a\u2019Acad\u00e9my a d\u00e9marr\u00e9 \u00e0 la MLVSV au 01 janvier 2025 jusqu\u2019au 31\/12\/2026 avec le soutien du Fond Social Europ\u00e9en.<\/em><\/p>\n        <\/div>\n    <\/div>\n\n                    <div class=\"\">\n        <p><img fetchpriority=\"high\" decoding=\"async\" class=\"alignnone wp-image-696 alignleft\" src=\"https:\/\/www.missionslocalesnormandie.fr\/content\/uploads\/sites\/16\/2025\/09\/Logo-LEurope-sengage-en-France-FSE-300x188.png\" alt=\"\" width=\"305\" height=\"191\" srcset=\"https:\/\/www.missionslocalesnormandie.fr\/content\/uploads\/sites\/16\/2025\/09\/Logo-LEurope-sengage-en-France-FSE-300x188.png 300w, https:\/\/www.missionslocalesnormandie.fr\/content\/uploads\/sites\/16\/2025\/09\/Logo-LEurope-sengage-en-France-FSE.png 400w\" sizes=\"(max-width: 305px) 100vw, 305px\" \/><\/p>\n    <\/div>\n            <\/div>\n            <div class=\"col-lg-6 \">\n                                    <figure>\n                                                                                                    \n                                                                                                            <a href=\"https:\/\/www.missionslocalesnormandie.fr\/content\/uploads\/sites\/16\/2025\/09\/Design-sans-titre-6.png\">\n                                <img decoding=\"async\" src=\"https:\/\/www.missionslocalesnormandie.fr\/content\/uploads\/sites\/16\/2025\/09\/Design-sans-titre-6-675x425-c-default.png\"\n                                     alt=\"MISSION LOCALE VERNON SEINE VEXIN\"\/>\n                            <\/a>\n                        \n                                                    <figcaption>Avec le soutien du Fond Social Europ\u00e9en.<\/figcaption>\n                                            <\/figure>\n                \n\n            <\/div>\n        <\/div>\n    <\/div>\n\t\t<\/div>\n\t\t\t\t<\/div>\n\t\t\t\t<div class=\"elementor-element elementor-element-a0060d8 elementor-widget elementor-widget-block_titre\" data-id=\"a0060d8\" data-element_type=\"widget\" data-widget_type=\"block_titre.default\">\n\t\t\t\t<div class=\"elementor-widget-container\">\n\t\t\t    <div class=\"container\">\n        <h2>\n            La Mobilit\u00e9 Internationale\n        <\/h2>\n    <\/div>\n\t\t<\/div>\n\t\t\t\t<\/div>\n\t\t\t\t<div class=\"elementor-element elementor-element-3d6f36f elementor-widget elementor-widget-block_simple_texte\" data-id=\"3d6f36f\" data-element_type=\"widget\" data-widget_type=\"block_simple_texte.default\">\n\t\t\t\t<div class=\"elementor-widget-container\">\n\t\t\t    <div class=\"container\">\n        <h3 data-start=\"820\" data-end=\"858\">\ud83d\udd38 Envie de partir \u00e0 l'\u00e9tranger ?<\/h3><p data-start=\"71\" data-end=\"201\">La Mission Locale peut t\u2019aider \u00e0 vivre une exp\u00e9rience unique \u00e0 l\u2019\u00e9tranger, que ce soit pour :<\/p><ul data-start=\"203\" data-end=\"432\"><li data-start=\"203\" data-end=\"241\"><p data-start=\"205\" data-end=\"241\"><strong data-start=\"205\" data-end=\"239\">D\u00e9couvrir une nouvelle culture<\/strong><\/p><\/li><li data-start=\"242\" data-end=\"292\"><p data-start=\"244\" data-end=\"292\"><strong data-start=\"244\" data-end=\"290\">Am\u00e9liorer ton niveau en langues \u00e9trang\u00e8res<\/strong><\/p><\/li><li data-start=\"293\" data-end=\"336\"><p data-start=\"295\" data-end=\"336\"><strong data-start=\"295\" data-end=\"334\">Gagner en autonomie et en confiance<\/strong><\/p><\/li><li data-start=\"337\" data-end=\"392\"><p data-start=\"339\" data-end=\"392\"><strong data-start=\"339\" data-end=\"390\">Travailler ou faire du volontariat \u00e0 l\u2019\u00e9tranger<\/strong><\/p><\/li><li data-start=\"393\" data-end=\"432\"><p data-start=\"395\" data-end=\"432\"><strong data-start=\"395\" data-end=\"432\">Booster ton CV et tes comp\u00e9tences<\/strong><\/p><\/li><\/ul><p data-start=\"434\" data-end=\"537\">\ud83d\udc49 Peu importe ton niveau d\u2019\u00e9tudes ou ta situation, la mobilit\u00e9 internationale est <strong data-start=\"517\" data-end=\"535\">ouverte \u00e0 tous<\/strong> !<\/p><p data-start=\"539\" data-end=\"736\">Francisco pourra t\u2019accompagner, te pr\u00e9senter les possibilit\u00e9s (Erasmus+, volontariat international, etc.) et t\u2019aider \u00e0 bien pr\u00e9parer ton d\u00e9part.<\/p><p data-start=\"738\" data-end=\"838\"><strong data-start=\"738\" data-end=\"765\">Partir, \u00e7a se pr\u00e9pare !<\/strong> Mais avec un bon accompagnement, c\u2019est une vraie chance pour ton avenir.<\/p>\n    <\/div>\n\t\t<\/div>\n\t\t\t\t<\/div>\n\t\t\t\t\t<\/div>\n\t\t\t\t<\/div>\n\t\t\t\t<\/div>\n\t\t","protected":false},"excerpt":{"rendered":"<p>Le Groupement de Cr\u00e9ateurs \ud83c\udfaf Tu as une id\u00e9e, un r\u00eave, un projet ? Le Groupement de Cr\u00e9ateurs peut t\u2019accompagner gratuitement pour transformer ton id\u00e9e en vrai projet, m\u00eame si tu n\u2019as pas de dipl\u00f4me ou d\u2019exp\u00e9rience ! \ud83d\udd39 L\u2019\u00c9MERGENCE C\u2019est un parcours pour t\u2019aider \u00e0 : Mieux te conna\u00eetre Pr\u00e9ciser ton id\u00e9e D\u00e9couvrir le [&hellip;]<\/p>\n","protected":false},"author":1,"featured_media":0,"parent":0,"menu_order":0,"comment_status":"closed","ping_status":"closed","template":"","meta":{"_acf_changed":false,"_crosspost_to_1":false,"_crosspost_to_2":false,"_crosspost_to_3":false,"_crosspost_to_4":false,"_crosspost_to_5":false,"_crosspost_to_6":false,"_crosspost_to_7":false,"_crosspost_to_8":false,"_crosspost_to_11":false,"_crosspost_to_12":false,"_crosspost_to_13":false,"_crosspost_to_14":false,"_crosspost_to_15":false,"inline_featured_image":false,"footnotes":""},"acf":[],"yoast_head":"<!-- This site is optimized with the Yoast SEO plugin v21.9.1 - https:\/\/yoast.com\/wordpress\/plugins\/seo\/ -->\n<title>Entreprendre et partir \u00e0 l&#039;\u00e9tranger - MISSION LOCALE VERNON SEINE VEXIN<\/title>\n<meta name=\"description\" content=\"Entrepreneuriat et mobilit\u00e9 internationale : explorez les opportunit\u00e9s pour \u00e9largir vos horizons et vos projets.\" \/>\n<meta name=\"robots\" content=\"index, follow, max-snippet:-1, max-image-preview:large, max-video-preview:-1\" \/>\n<link rel=\"canonical\" href=\"https:\/\/www.missionslocalesnormandie.fr\/mission-locale-vernon-seine-vexin\/mobilite\/\" \/>\n<meta property=\"og:locale\" content=\"fr_FR\" \/>\n<meta property=\"og:type\" content=\"article\" \/>\n<meta property=\"og:title\" content=\"Entreprendre et partir \u00e0 l&#039;\u00e9tranger - MISSION LOCALE VERNON SEINE VEXIN\" \/>\n<meta property=\"og:description\" content=\"Entrepreneuriat et mobilit\u00e9 internationale : explorez les opportunit\u00e9s pour \u00e9largir vos horizons et vos projets.\" \/>\n<meta property=\"og:url\" content=\"https:\/\/www.missionslocalesnormandie.fr\/mission-locale-vernon-seine-vexin\/mobilite\/\" \/>\n<meta property=\"og:site_name\" content=\"MISSION LOCALE VERNON SEINE VEXIN\" \/>\n<meta property=\"article:modified_time\" content=\"2025-09-26T12:23:57+00:00\" \/>\n<meta property=\"og:image\" content=\"https:\/\/www.missionslocalesnormandie.fr\/content\/uploads\/sites\/16\/2025\/09\/Logo-LEurope-sengage-en-France-FSE.png\" \/>\n\t<meta property=\"og:image:width\" content=\"400\" \/>\n\t<meta property=\"og:image:height\" content=\"250\" \/>\n\t<meta property=\"og:image:type\" content=\"image\/png\" \/>\n<meta name=\"twitter:card\" content=\"summary_large_image\" \/>\n<meta name=\"twitter:label1\" content=\"Dur\u00e9e de lecture estim\u00e9e\" \/>\n\t<meta name=\"twitter:data1\" content=\"2 minutes\" \/>\n<script type=\"application\/ld+json\" class=\"yoast-schema-graph\">{\"@context\":\"https:\/\/schema.org\",\"@graph\":[{\"@type\":\"WebPage\",\"@id\":\"https:\/\/www.missionslocalesnormandie.fr\/mission-locale-vernon-seine-vexin\/mobilite\/\",\"url\":\"https:\/\/www.missionslocalesnormandie.fr\/mission-locale-vernon-seine-vexin\/mobilite\/\",\"name\":\"Entreprendre et partir \u00e0 l'\u00e9tranger - MISSION LOCALE VERNON SEINE VEXIN\",\"isPartOf\":{\"@id\":\"https:\/\/www.missionslocalesnormandie.fr\/mission-locale-vernon-seine-vexin\/#website\"},\"datePublished\":\"2023-12-14T14:37:19+00:00\",\"dateModified\":\"2025-09-26T12:23:57+00:00\",\"description\":\"Entrepreneuriat et mobilit\u00e9 internationale : explorez les opportunit\u00e9s pour \u00e9largir vos horizons et vos projets.\",\"breadcrumb\":{\"@id\":\"https:\/\/www.missionslocalesnormandie.fr\/mission-locale-vernon-seine-vexin\/mobilite\/#breadcrumb\"},\"inLanguage\":\"fr-FR\",\"potentialAction\":[{\"@type\":\"ReadAction\",\"target\":[\"https:\/\/www.missionslocalesnormandie.fr\/mission-locale-vernon-seine-vexin\/mobilite\/\"]}]},{\"@type\":\"BreadcrumbList\",\"@id\":\"https:\/\/www.missionslocalesnormandie.fr\/mission-locale-vernon-seine-vexin\/mobilite\/#breadcrumb\",\"itemListElement\":[{\"@type\":\"ListItem\",\"position\":1,\"name\":\"Home\",\"item\":\"https:\/\/www.missionslocalesnormandie.fr\/mission-locale-vernon-seine-vexin\/\"},{\"@type\":\"ListItem\",\"position\":2,\"name\":\"Entreprendre et partir \u00e0 l&rsquo;\u00e9tranger\"}]},{\"@type\":\"WebSite\",\"@id\":\"https:\/\/www.missionslocalesnormandie.fr\/mission-locale-vernon-seine-vexin\/#website\",\"url\":\"https:\/\/www.missionslocalesnormandie.fr\/mission-locale-vernon-seine-vexin\/\",\"name\":\"MISSION LOCALE VERNON SEINE VEXIN\",\"description\":\"\",\"potentialAction\":[{\"@type\":\"SearchAction\",\"target\":{\"@type\":\"EntryPoint\",\"urlTemplate\":\"https:\/\/www.missionslocalesnormandie.fr\/mission-locale-vernon-seine-vexin\/?s={search_term_string}\"},\"query-input\":\"required name=search_term_string\"}],\"inLanguage\":\"fr-FR\"}]}<\/script>\n<!-- \/ Yoast SEO plugin. -->","yoast_head_json":{"title":"Entreprendre et partir \u00e0 l'\u00e9tranger - MISSION LOCALE VERNON SEINE VEXIN","description":"Entrepreneuriat et mobilit\u00e9 internationale : explorez les opportunit\u00e9s pour \u00e9largir vos horizons et vos projets.","robots":{"index":"index","follow":"follow","max-snippet":"max-snippet:-1","max-image-preview":"max-image-preview:large","max-video-preview":"max-video-preview:-1"},"canonical":"https:\/\/www.missionslocalesnormandie.fr\/mission-locale-vernon-seine-vexin\/mobilite\/","og_locale":"fr_FR","og_type":"article","og_title":"Entreprendre et partir \u00e0 l'\u00e9tranger - MISSION LOCALE VERNON SEINE VEXIN","og_description":"Entrepreneuriat et mobilit\u00e9 internationale : explorez les opportunit\u00e9s pour \u00e9largir vos horizons et vos projets.","og_url":"https:\/\/www.missionslocalesnormandie.fr\/mission-locale-vernon-seine-vexin\/mobilite\/","og_site_name":"MISSION LOCALE VERNON SEINE VEXIN","article_modified_time":"2025-09-26T12:23:57+00:00","og_image":[{"width":400,"height":250,"url":"https:\/\/www.missionslocalesnormandie.fr\/content\/uploads\/sites\/16\/2025\/09\/Logo-LEurope-sengage-en-France-FSE.png","type":"image\/png"}],"twitter_card":"summary_large_image","twitter_misc":{"Dur\u00e9e de lecture estim\u00e9e":"2 minutes"},"schema":{"@context":"https:\/\/schema.org","@graph":[{"@type":"WebPage","@id":"https:\/\/www.missionslocalesnormandie.fr\/mission-locale-vernon-seine-vexin\/mobilite\/","url":"https:\/\/www.missionslocalesnormandie.fr\/mission-locale-vernon-seine-vexin\/mobilite\/","name":"Entreprendre et partir \u00e0 l'\u00e9tranger - MISSION LOCALE VERNON SEINE VEXIN","isPartOf":{"@id":"https:\/\/www.missionslocalesnormandie.fr\/mission-locale-vernon-seine-vexin\/#website"},"datePublished":"2023-12-14T14:37:19+00:00","dateModified":"2025-09-26T12:23:57+00:00","description":"Entrepreneuriat et mobilit\u00e9 internationale : explorez les opportunit\u00e9s pour \u00e9largir vos horizons et vos projets.","breadcrumb":{"@id":"https:\/\/www.missionslocalesnormandie.fr\/mission-locale-vernon-seine-vexin\/mobilite\/#breadcrumb"},"inLanguage":"fr-FR","potentialAction":[{"@type":"ReadAction","target":["https:\/\/www.missionslocalesnormandie.fr\/mission-locale-vernon-seine-vexin\/mobilite\/"]}]},{"@type":"BreadcrumbList","@id":"https:\/\/www.missionslocalesnormandie.fr\/mission-locale-vernon-seine-vexin\/mobilite\/#breadcrumb","itemListElement":[{"@type":"ListItem","position":1,"name":"Home","item":"https:\/\/www.missionslocalesnormandie.fr\/mission-locale-vernon-seine-vexin\/"},{"@type":"ListItem","position":2,"name":"Entreprendre et partir \u00e0 l&rsquo;\u00e9tranger"}]},{"@type":"WebSite","@id":"https:\/\/www.missionslocalesnormandie.fr\/mission-locale-vernon-seine-vexin\/#website","url":"https:\/\/www.missionslocalesnormandie.fr\/mission-locale-vernon-seine-vexin\/","name":"MISSION LOCALE VERNON SEINE VEXIN","description":"","potentialAction":[{"@type":"SearchAction","target":{"@type":"EntryPoint","urlTemplate":"https:\/\/www.missionslocalesnormandie.fr\/mission-locale-vernon-seine-vexin\/?s={search_term_string}"},"query-input":"required name=search_term_string"}],"inLanguage":"fr-FR"}]}},"_links":{"self":[{"href":"https:\/\/www.missionslocalesnormandie.fr\/mission-locale-vernon-seine-vexin\/wp-json\/wp\/v2\/pages\/162"}],"collection":[{"href":"https:\/\/www.missionslocalesnormandie.fr\/mission-locale-vernon-seine-vexin\/wp-json\/wp\/v2\/pages"}],"about":[{"href":"https:\/\/www.missionslocalesnormandie.fr\/mission-locale-vernon-seine-vexin\/wp-json\/wp\/v2\/types\/page"}],"author":[{"embeddable":true,"href":"https:\/\/www.missionslocalesnormandie.fr\/mission-locale-vernon-seine-vexin\/wp-json\/wp\/v2\/users\/1"}],"replies":[{"embeddable":true,"href":"https:\/\/www.missionslocalesnormandie.fr\/mission-locale-vernon-seine-vexin\/wp-json\/wp\/v2\/comments?post=162"}],"version-history":[{"count":58,"href":"https:\/\/www.missionslocalesnormandie.fr\/mission-locale-vernon-seine-vexin\/wp-json\/wp\/v2\/pages\/162\/revisions"}],"predecessor-version":[{"id":773,"href":"https:\/\/www.missionslocalesnormandie.fr\/mission-locale-vernon-seine-vexin\/wp-json\/wp\/v2\/pages\/162\/revisions\/773"}],"wp:attachment":[{"href":"https:\/\/www.missionslocalesnormandie.fr\/mission-locale-vernon-seine-vexin\/wp-json\/wp\/v2\/media?parent=162"}],"curies":[{"name":"wp","href":"https:\/\/api.w.org\/{rel}","templated":true}]}}