{"id":167,"date":"2023-12-14T15:37:45","date_gmt":"2023-12-14T14:37:45","guid":{"rendered":"https:\/\/www.missionslocalesnormandie.fr\/mission-locale-vernon-seine-vexin\/?page_id=167"},"modified":"2025-07-31T14:05:27","modified_gmt":"2025-07-31T12:05:27","slug":"travailler","status":"publish","type":"page","link":"https:\/\/www.missionslocalesnormandie.fr\/mission-locale-vernon-seine-vexin\/travailler\/","title":{"rendered":"Travailler"},"content":{"rendered":"\t\t<div data-elementor-type=\"wp-page\" data-elementor-id=\"167\" class=\"elementor elementor-167\">\n\t\t\t\t<div class=\"elementor-element elementor-element-7b65be8 e-flex e-con-boxed e-con e-parent\" data-id=\"7b65be8\" data-element_type=\"container\">\n\t\t\t\t\t<div class=\"e-con-inner\">\n\t\t\t\t<div class=\"elementor-element elementor-element-ecd3993 elementor-widget elementor-widget-block_titre\" data-id=\"ecd3993\" data-element_type=\"widget\" data-widget_type=\"block_titre.default\">\n\t\t\t\t<div class=\"elementor-widget-container\">\n\t\t\t    <div class=\"container\">\n        <h2>\n            Besoin de travailler ? On t'accompagne de A \u00e0 Z !\n        <\/h2>\n    <\/div>\n\t\t<\/div>\n\t\t\t\t<\/div>\n\t\t\t\t<div class=\"elementor-element elementor-element-435ff92 elementor-widget elementor-widget-block_simple_texte\" data-id=\"435ff92\" data-element_type=\"widget\" data-widget_type=\"block_simple_texte.default\">\n\t\t\t\t<div class=\"elementor-widget-container\">\n\t\t\t    <div class=\"container\">\n        <h3 data-start=\"219\" data-end=\"289\">\ud83e\udd1d <strong data-start=\"222\" data-end=\"289\">La Mission Locale t\u2019accompagne vers l\u2019emploi, \u00e9tape par \u00e9tape !<\/strong><\/h3><p data-start=\"291\" data-end=\"499\"><strong data-start=\"291\" data-end=\"337\">Chercher un emploi, \u00e7a ne s\u2019improvise pas.<\/strong> Heureusement, tu n\u2019es pas seul. En te rendant \u00e0 la Mission Locale, tu b\u00e9n\u00e9ficies d\u2019un <strong data-start=\"424\" data-end=\"453\">accompagnement sur mesure<\/strong> pour avancer dans ton parcours professionnel.<\/p><p data-start=\"501\" data-end=\"892\">D\u00e8s le premier \u00e9change, nous <strong data-start=\"530\" data-end=\"556\">analysons ta situation<\/strong> : tes envies, tes difficult\u00e9s, tes comp\u00e9tences et tes projets. Ensuite, nous te fournissons des <strong data-start=\"653\" data-end=\"677\">informations claires<\/strong> sur les m\u00e9tiers qui t\u2019int\u00e9ressent, les formations possibles, et les moyens d\u2019y acc\u00e9der. En parall\u00e8le, nous t\u2019aidons \u00e0 cibler les <strong data-start=\"807\" data-end=\"833\">secteurs qui recrutent<\/strong> et \u00e0 structurer ton projet professionnel, \u00e9tape par \u00e9tape.<\/p><h3 data-start=\"894\" data-end=\"963\">\ud83d\udcc4 <strong data-start=\"897\" data-end=\"963\">CV, lettre de motivation : mets toutes les chances de ton c\u00f4t\u00e9<\/strong><\/h3><p data-start=\"965\" data-end=\"1296\">R\u00e9diger un CV ou une lettre de motivation ne s\u2019improvise pas. C\u2019est pourquoi nous t\u2019accompagnons pour les rendre <strong data-start=\"1078\" data-end=\"1110\">clairs, efficaces et adapt\u00e9s<\/strong>. Tu d\u00e9couvriras comment bien structurer ton CV, choisir le bon ton, et surtout, valoriser tes points forts. De plus, nous t\u2019aidons \u00e0 comprendre ce que les employeurs attendent vraiment.<\/p><p data-start=\"1298\" data-end=\"1394\">\u270d\ufe0f R\u00e9sultat : tu repars avec des <strong data-start=\"1331\" data-end=\"1364\">outils concrets et pertinents<\/strong> pour postuler avec confiance.<\/p><h3 data-start=\"1396\" data-end=\"1443\">\ud83c\udfa4 <strong data-start=\"1399\" data-end=\"1443\">Entra\u00eene-toi pour r\u00e9ussir tes entretiens<\/strong><\/h3><p data-start=\"1445\" data-end=\"1729\">Une fois ton CV pr\u00eat, encore faut-il convaincre lors de l\u2019entretien. Pour cela, nous te proposons des <strong data-start=\"1547\" data-end=\"1562\">simulations<\/strong>, des <strong data-start=\"1568\" data-end=\"1594\">conseils personnalis\u00e9s<\/strong> et des <strong data-start=\"1602\" data-end=\"1623\">astuces pratiques<\/strong>. Tu apprendras \u00e0 te pr\u00e9senter avec assurance, \u00e0 r\u00e9pondre aux questions avec clart\u00e9 et \u00e0 g\u00e9rer ton stress.<\/p><h3 data-start=\"1731\" data-end=\"1769\">\ud83d\udcbc <strong data-start=\"1734\" data-end=\"1769\">Acc\u00e8de \u00e0 de vraies opportunit\u00e9s<\/strong><\/h3><p data-start=\"1771\" data-end=\"1909\">Gr\u00e2ce \u00e0 notre r\u00e9seau, nous pouvons te proposer des <strong data-start=\"1822\" data-end=\"1832\">stages<\/strong>, des <strong data-start=\"1838\" data-end=\"1856\">contrats aid\u00e9s<\/strong>, de l\u2019<strong data-start=\"1863\" data-end=\"1877\">alternance<\/strong> ou des missions en <strong data-start=\"1897\" data-end=\"1908\">int\u00e9rim<\/strong>.<\/p><p data-start=\"1911\" data-end=\"2029\">\ud83c\udf1f Enfin, tu peux aussi b\u00e9n\u00e9ficier du <strong data-start=\"1949\" data-end=\"1963\">parrainage<\/strong> : un professionnel t\u2019accompagne, te motive et t\u2019ouvre son r\u00e9seau.<\/p><p data-start=\"2031\" data-end=\"2154\" data-is-last-node=\"\" data-is-only-node=\"\">\ud83d\udce3 Tu as un projet ? Une id\u00e9e ? Un doute ? <strong data-start=\"2074\" data-end=\"2151\">Viens nous rencontrer : on t\u2019aide \u00e0 avancer, \u00e0 t\u2019organiser et \u00e0 r\u00e9ussir !<\/strong> \ud83d\ude80<\/p>\n    <\/div>\n\t\t<\/div>\n\t\t\t\t<\/div>\n\t\t\t\t\t<\/div>\n\t\t\t\t<\/div>\n\t\t\t\t<\/div>\n\t\t","protected":false},"excerpt":{"rendered":"<p>Besoin de travailler ? On t&#8217;accompagne de A \u00e0 Z ! \ud83e\udd1d La Mission Locale t\u2019accompagne vers l\u2019emploi, \u00e9tape par \u00e9tape ! Chercher un emploi, \u00e7a ne s\u2019improvise pas. Heureusement, tu n\u2019es pas seul. En te rendant \u00e0 la Mission Locale, tu b\u00e9n\u00e9ficies d\u2019un accompagnement sur mesure pour avancer dans ton parcours professionnel. D\u00e8s le [&hellip;]<\/p>\n","protected":false},"author":1,"featured_media":0,"parent":0,"menu_order":0,"comment_status":"closed","ping_status":"closed","template":"","meta":{"_acf_changed":false,"_crosspost_to_1":false,"_crosspost_to_2":false,"_crosspost_to_3":false,"_crosspost_to_4":false,"_crosspost_to_5":false,"_crosspost_to_6":false,"_crosspost_to_7":false,"_crosspost_to_8":false,"_crosspost_to_11":false,"_crosspost_to_12":false,"_crosspost_to_13":false,"_crosspost_to_14":false,"_crosspost_to_15":false,"inline_featured_image":false,"footnotes":""},"acf":[],"yoast_head":"<!-- This site is optimized with the Yoast SEO plugin v21.9.1 - https:\/\/yoast.com\/wordpress\/plugins\/seo\/ -->\n<title>Travailler - MISSION LOCALE VERNON SEINE VEXIN<\/title>\n<meta name=\"description\" content=\"La Mission Locale t\u2019accompagne vers l\u2019emploi : aide au CV, pr\u00e9paration \u00e0 l\u2019entretien, offres, parrainage... pour construire ton avenir pro !\" \/>\n<meta name=\"robots\" content=\"index, follow, max-snippet:-1, max-image-preview:large, max-video-preview:-1\" \/>\n<link rel=\"canonical\" href=\"https:\/\/www.missionslocalesnormandie.fr\/mission-locale-vernon-seine-vexin\/travailler\/\" \/>\n<meta property=\"og:locale\" content=\"fr_FR\" \/>\n<meta property=\"og:type\" content=\"article\" \/>\n<meta property=\"og:title\" content=\"Travailler - MISSION LOCALE VERNON SEINE VEXIN\" \/>\n<meta property=\"og:description\" content=\"La Mission Locale t\u2019accompagne vers l\u2019emploi : aide au CV, pr\u00e9paration \u00e0 l\u2019entretien, offres, parrainage... pour construire ton avenir pro !\" \/>\n<meta property=\"og:url\" content=\"https:\/\/www.missionslocalesnormandie.fr\/mission-locale-vernon-seine-vexin\/travailler\/\" \/>\n<meta property=\"og:site_name\" content=\"MISSION LOCALE VERNON SEINE VEXIN\" \/>\n<meta property=\"article:modified_time\" content=\"2025-07-31T12:05:27+00:00\" \/>\n<meta name=\"twitter:card\" content=\"summary_large_image\" \/>\n<meta name=\"twitter:label1\" content=\"Dur\u00e9e de lecture estim\u00e9e\" \/>\n\t<meta name=\"twitter:data1\" content=\"2 minutes\" \/>\n<script type=\"application\/ld+json\" class=\"yoast-schema-graph\">{\"@context\":\"https:\/\/schema.org\",\"@graph\":[{\"@type\":\"WebPage\",\"@id\":\"https:\/\/www.missionslocalesnormandie.fr\/mission-locale-vernon-seine-vexin\/travailler\/\",\"url\":\"https:\/\/www.missionslocalesnormandie.fr\/mission-locale-vernon-seine-vexin\/travailler\/\",\"name\":\"Travailler - MISSION LOCALE VERNON SEINE VEXIN\",\"isPartOf\":{\"@id\":\"https:\/\/www.missionslocalesnormandie.fr\/mission-locale-vernon-seine-vexin\/#website\"},\"datePublished\":\"2023-12-14T14:37:45+00:00\",\"dateModified\":\"2025-07-31T12:05:27+00:00\",\"description\":\"La Mission Locale t\u2019accompagne vers l\u2019emploi : aide au CV, pr\u00e9paration \u00e0 l\u2019entretien, offres, parrainage... pour construire ton avenir pro !\",\"breadcrumb\":{\"@id\":\"https:\/\/www.missionslocalesnormandie.fr\/mission-locale-vernon-seine-vexin\/travailler\/#breadcrumb\"},\"inLanguage\":\"fr-FR\",\"potentialAction\":[{\"@type\":\"ReadAction\",\"target\":[\"https:\/\/www.missionslocalesnormandie.fr\/mission-locale-vernon-seine-vexin\/travailler\/\"]}]},{\"@type\":\"BreadcrumbList\",\"@id\":\"https:\/\/www.missionslocalesnormandie.fr\/mission-locale-vernon-seine-vexin\/travailler\/#breadcrumb\",\"itemListElement\":[{\"@type\":\"ListItem\",\"position\":1,\"name\":\"Home\",\"item\":\"https:\/\/www.missionslocalesnormandie.fr\/mission-locale-vernon-seine-vexin\/\"},{\"@type\":\"ListItem\",\"position\":2,\"name\":\"Travailler\"}]},{\"@type\":\"WebSite\",\"@id\":\"https:\/\/www.missionslocalesnormandie.fr\/mission-locale-vernon-seine-vexin\/#website\",\"url\":\"https:\/\/www.missionslocalesnormandie.fr\/mission-locale-vernon-seine-vexin\/\",\"name\":\"MISSION LOCALE VERNON SEINE VEXIN\",\"description\":\"\",\"potentialAction\":[{\"@type\":\"SearchAction\",\"target\":{\"@type\":\"EntryPoint\",\"urlTemplate\":\"https:\/\/www.missionslocalesnormandie.fr\/mission-locale-vernon-seine-vexin\/?s={search_term_string}\"},\"query-input\":\"required name=search_term_string\"}],\"inLanguage\":\"fr-FR\"}]}<\/script>\n<!-- \/ Yoast SEO plugin. -->","yoast_head_json":{"title":"Travailler - MISSION LOCALE VERNON SEINE VEXIN","description":"La Mission Locale t\u2019accompagne vers l\u2019emploi : aide au CV, pr\u00e9paration \u00e0 l\u2019entretien, offres, parrainage... pour construire ton avenir pro !","robots":{"index":"index","follow":"follow","max-snippet":"max-snippet:-1","max-image-preview":"max-image-preview:large","max-video-preview":"max-video-preview:-1"},"canonical":"https:\/\/www.missionslocalesnormandie.fr\/mission-locale-vernon-seine-vexin\/travailler\/","og_locale":"fr_FR","og_type":"article","og_title":"Travailler - MISSION LOCALE VERNON SEINE VEXIN","og_description":"La Mission Locale t\u2019accompagne vers l\u2019emploi : aide au CV, pr\u00e9paration \u00e0 l\u2019entretien, offres, parrainage... pour construire ton avenir pro !","og_url":"https:\/\/www.missionslocalesnormandie.fr\/mission-locale-vernon-seine-vexin\/travailler\/","og_site_name":"MISSION LOCALE VERNON SEINE VEXIN","article_modified_time":"2025-07-31T12:05:27+00:00","twitter_card":"summary_large_image","twitter_misc":{"Dur\u00e9e de lecture estim\u00e9e":"2 minutes"},"schema":{"@context":"https:\/\/schema.org","@graph":[{"@type":"WebPage","@id":"https:\/\/www.missionslocalesnormandie.fr\/mission-locale-vernon-seine-vexin\/travailler\/","url":"https:\/\/www.missionslocalesnormandie.fr\/mission-locale-vernon-seine-vexin\/travailler\/","name":"Travailler - MISSION LOCALE VERNON SEINE VEXIN","isPartOf":{"@id":"https:\/\/www.missionslocalesnormandie.fr\/mission-locale-vernon-seine-vexin\/#website"},"datePublished":"2023-12-14T14:37:45+00:00","dateModified":"2025-07-31T12:05:27+00:00","description":"La Mission Locale t\u2019accompagne vers l\u2019emploi : aide au CV, pr\u00e9paration \u00e0 l\u2019entretien, offres, parrainage... pour construire ton avenir pro !","breadcrumb":{"@id":"https:\/\/www.missionslocalesnormandie.fr\/mission-locale-vernon-seine-vexin\/travailler\/#breadcrumb"},"inLanguage":"fr-FR","potentialAction":[{"@type":"ReadAction","target":["https:\/\/www.missionslocalesnormandie.fr\/mission-locale-vernon-seine-vexin\/travailler\/"]}]},{"@type":"BreadcrumbList","@id":"https:\/\/www.missionslocalesnormandie.fr\/mission-locale-vernon-seine-vexin\/travailler\/#breadcrumb","itemListElement":[{"@type":"ListItem","position":1,"name":"Home","item":"https:\/\/www.missionslocalesnormandie.fr\/mission-locale-vernon-seine-vexin\/"},{"@type":"ListItem","position":2,"name":"Travailler"}]},{"@type":"WebSite","@id":"https:\/\/www.missionslocalesnormandie.fr\/mission-locale-vernon-seine-vexin\/#website","url":"https:\/\/www.missionslocalesnormandie.fr\/mission-locale-vernon-seine-vexin\/","name":"MISSION LOCALE VERNON SEINE VEXIN","description":"","potentialAction":[{"@type":"SearchAction","target":{"@type":"EntryPoint","urlTemplate":"https:\/\/www.missionslocalesnormandie.fr\/mission-locale-vernon-seine-vexin\/?s={search_term_string}"},"query-input":"required name=search_term_string"}],"inLanguage":"fr-FR"}]}},"_links":{"self":[{"href":"https:\/\/www.missionslocalesnormandie.fr\/mission-locale-vernon-seine-vexin\/wp-json\/wp\/v2\/pages\/167"}],"collection":[{"href":"https:\/\/www.missionslocalesnormandie.fr\/mission-locale-vernon-seine-vexin\/wp-json\/wp\/v2\/pages"}],"about":[{"href":"https:\/\/www.missionslocalesnormandie.fr\/mission-locale-vernon-seine-vexin\/wp-json\/wp\/v2\/types\/page"}],"author":[{"embeddable":true,"href":"https:\/\/www.missionslocalesnormandie.fr\/mission-locale-vernon-seine-vexin\/wp-json\/wp\/v2\/users\/1"}],"replies":[{"embeddable":true,"href":"https:\/\/www.missionslocalesnormandie.fr\/mission-locale-vernon-seine-vexin\/wp-json\/wp\/v2\/comments?post=167"}],"version-history":[{"count":15,"href":"https:\/\/www.missionslocalesnormandie.fr\/mission-locale-vernon-seine-vexin\/wp-json\/wp\/v2\/pages\/167\/revisions"}],"predecessor-version":[{"id":598,"href":"https:\/\/www.missionslocalesnormandie.fr\/mission-locale-vernon-seine-vexin\/wp-json\/wp\/v2\/pages\/167\/revisions\/598"}],"wp:attachment":[{"href":"https:\/\/www.missionslocalesnormandie.fr\/mission-locale-vernon-seine-vexin\/wp-json\/wp\/v2\/media?parent=167"}],"curies":[{"name":"wp","href":"https:\/\/api.w.org\/{rel}","templated":true}]}}