{"id":247,"date":"2023-12-15T09:08:27","date_gmt":"2023-12-15T08:08:27","guid":{"rendered":"https:\/\/www.missionslocalesnormandie.fr\/mission-locale-vernon-seine-vexin\/?page_id=247"},"modified":"2025-09-26T14:06:35","modified_gmt":"2025-09-26T12:06:35","slug":"dispositifs","status":"publish","type":"page","link":"https:\/\/www.missionslocalesnormandie.fr\/mission-locale-vernon-seine-vexin\/dispositifs\/","title":{"rendered":"Dispositifs d&#8217;accompagnement"},"content":{"rendered":"\t\t<div data-elementor-type=\"wp-page\" data-elementor-id=\"247\" class=\"elementor elementor-247\">\n\t\t\t\t<div class=\"elementor-element elementor-element-54e018d e-flex e-con-boxed e-con e-parent\" data-id=\"54e018d\" data-element_type=\"container\">\n\t\t\t\t\t<div class=\"e-con-inner\">\n\t\t\t\t<div class=\"elementor-element elementor-element-de12ba2 elementor-widget elementor-widget-block_titre\" data-id=\"de12ba2\" data-element_type=\"widget\" data-widget_type=\"block_titre.default\">\n\t\t\t\t<div class=\"elementor-widget-container\">\n\t\t\t    <div class=\"container\">\n        <h2>\n            Le Parcours Contractualis\u00e9 d'Accompagnement vers l'Emploi et l'Autonomie (PACEA)\n        <\/h2>\n    <\/div>\n\t\t<\/div>\n\t\t\t\t<\/div>\n\t\t\t\t<div class=\"elementor-element elementor-element-a7a2101 elementor-widget elementor-widget-block_titre_texte_visuel\" data-id=\"a7a2101\" data-element_type=\"widget\" data-widget_type=\"block_titre_texte_visuel.default\">\n\t\t\t\t<div class=\"elementor-widget-container\">\n\t\t\t    <div class=\"container\">\n        <div class=\"row my-4\">\n            <div class=\"col-lg-6 mb-4 mb-lg-0\">\n                \n                    <div class=\"\">\n        <div class=\"edito-intro\">\n            <p data-start=\"213\" data-end=\"383\"><span style=\"font-size: 12pt\">Tu as entre <strong data-start=\"225\" data-end=\"241\">16 et 25 ans<\/strong>\u00a0? Viens d\u00e9couvrir le <strong data-start=\"301\" data-end=\"310\">PACEA<\/strong> \u00e0 la Mission Locale : un vrai coup de pouce pour construire ton avenir !<\/span><\/p><p data-start=\"385\" data-end=\"612\"><span style=\"font-size: 12pt\">\ud83d\udc65 <strong data-start=\"388\" data-end=\"420\">Un accompagnement sur mesure<\/strong><\/span><br data-start=\"420\" data-end=\"423\" \/><span style=\"font-size: 12pt\">Avec un conseiller \u00e0 tes c\u00f4t\u00e9s, tu fais le point sur ta situation, tes envies, tes projets. Ensemble, vous construisez un parcours personnalis\u00e9 vers <strong data-start=\"572\" data-end=\"592\">l\u2019emploi durable<\/strong> et <strong data-start=\"596\" data-end=\"611\">l\u2019autonomie<\/strong>.<\/span><\/p><p data-start=\"614\" data-end=\"804\"><span style=\"font-size: 12pt\">\ud83d\udcdd <strong data-start=\"617\" data-end=\"645\">Un engagement r\u00e9ciproque<\/strong><\/span><br data-start=\"645\" data-end=\"648\" \/><span style=\"font-size: 12pt\">Tu signes un contrat avec la Mission Locale, pour avancer \u00e0 ton rythme, avec des objectifs clairs. Et pas de panique : c\u2019est toi qui choisis les priorit\u00e9s !<\/span><\/p><p data-start=\"806\" data-end=\"853\"><span style=\"font-size: 12pt\">\ud83d\ude80 <strong data-start=\"809\" data-end=\"851\">Un parcours flexible selon tes besoins<\/strong><\/span><\/p><ul><li data-start=\"856\" data-end=\"868\"><span style=\"font-size: 12pt\">Formations<\/span><\/li><li data-start=\"869\" data-end=\"907\"><p data-start=\"871\" data-end=\"907\"><span style=\"font-size: 12pt\">Stages ou immersions en entreprise<\/span><\/p><\/li><li data-start=\"908\" data-end=\"957\"><p data-start=\"910\" data-end=\"957\"><span style=\"font-size: 12pt\">Acc\u00e8s aux droits (logement, sant\u00e9, mobilit\u00e9\u2026)<\/span><\/p><\/li><li data-start=\"958\" data-end=\"981\"><p data-start=\"960\" data-end=\"981\"><span style=\"font-size: 12pt\">Cr\u00e9ation d\u2019activit\u00e9<\/span><\/p><\/li><li data-start=\"982\" data-end=\"1023\"><p data-start=\"984\" data-end=\"1023\"><span style=\"font-size: 12pt\">Service Civique<\/span><br data-start=\"999\" data-end=\"1002\" \/><span style=\"font-size: 12pt\">\u2026 tout est possible !<\/span><\/p><\/li><\/ul><p data-start=\"1025\" data-end=\"1146\"><span style=\"font-size: 12pt\">\ud83d\udcb8 <strong data-start=\"1028\" data-end=\"1059\">Besoin d\u2019un coup de pouce ?<\/strong><\/span><br data-start=\"1059\" data-end=\"1062\" \/><span style=\"font-size: 12pt\">Une <strong data-start=\"1066\" data-end=\"1096\">aide financi\u00e8re ponctuelle<\/strong> peut t\u2019\u00eatre accord\u00e9e en fonction de ta situation.<\/span><\/p><p data-start=\"1148\" data-end=\"1263\"><span style=\"font-size: 12pt\">\u23f3 <strong data-start=\"1150\" data-end=\"1177\">2 ans max, renouvelable<\/strong><\/span><br data-start=\"1177\" data-end=\"1180\" \/><span style=\"font-size: 12pt\">Le temps qu\u2019il faut pour te permettre de concr\u00e9tiser ton projet et trouver ta voie.<\/span><\/p><p data-start=\"1265\" data-end=\"1401\"><span style=\"font-size: 12pt\">\ud83d\udccd <strong data-start=\"1268\" data-end=\"1288\">\u00c7a se passe o\u00f9 ?<\/strong><\/span><br data-start=\"1288\" data-end=\"1291\" \/><span style=\"font-size: 12pt\">\u00c0 la <strong data-start=\"1296\" data-end=\"1314\">Mission Locale<\/strong>. Tu y rencontreras un conseiller qui t\u2019aidera \u00e0 passer \u00e0 l\u2019action.<\/span><\/p>\n        <\/div>\n    <\/div>\n\n                            <\/div>\n            <div class=\"col-lg-6 \">\n                                    <figure>\n                                                \n                                                                                                            <a href=\"https:\/\/www.missionslocalesnormandie.fr\/content\/uploads\/sites\/16\/2025\/09\/Design-sans-titre-5.png\">\n                                <img decoding=\"async\" src=\"https:\/\/www.missionslocalesnormandie.fr\/content\/uploads\/sites\/16\/2025\/09\/Design-sans-titre-5-675x425-c-default.png\"\n                                     alt=\"MISSION LOCALE VERNON SEINE VEXIN\"\/>\n                            <\/a>\n                        \n                                            <\/figure>\n                \n\n            <\/div>\n        <\/div>\n    <\/div>\n\t\t<\/div>\n\t\t\t\t<\/div>\n\t\t\t\t<div class=\"elementor-element elementor-element-e602123 elementor-widget elementor-widget-block_titre\" data-id=\"e602123\" data-element_type=\"widget\" data-widget_type=\"block_titre.default\">\n\t\t\t\t<div class=\"elementor-widget-container\">\n\t\t\t    <div class=\"container\">\n        <h2>\n            Le Contrat d'Engagement Jeune (CEJ)\n        <\/h2>\n    <\/div>\n\t\t<\/div>\n\t\t\t\t<\/div>\n\t\t\t\t<div class=\"elementor-element elementor-element-51e5d72 elementor-widget elementor-widget-block_simple_texte\" data-id=\"51e5d72\" data-element_type=\"widget\" data-widget_type=\"block_simple_texte.default\">\n\t\t\t\t<div class=\"elementor-widget-container\">\n\t\t\t    <div class=\"container\">\n        <p data-start=\"229\" data-end=\"462\">Tu as entre <strong data-start=\"241\" data-end=\"257\">16 et 25 ans<\/strong> (ou moins de <strong data-start=\"271\" data-end=\"315\">30 ans si tu es en situation de handicap<\/strong>) ?<br data-start=\"318\" data-end=\"321\" \/>Tu n\u2019es <strong data-start=\"329\" data-end=\"362\">ni en emploi, ni en formation<\/strong>\u00a0?<br data-start=\"402\" data-end=\"405\" \/>Le <strong data-start=\"408\" data-end=\"444\">Contrat d\u2019Engagement Jeune (CEJ)<\/strong> est l\u00e0 pour toi !<\/p><p data-start=\"464\" data-end=\"597\">\ud83d\udc65 <strong data-start=\"467\" data-end=\"505\">Un conseiller toujours \u00e0 tes c\u00f4t\u00e9s<\/strong><br data-start=\"505\" data-end=\"508\" \/>Tu avances avec un conseiller qui te suit de pr\u00e8s et t\u2019aide \u00e0 te bouger, \u00e9tape par \u00e9tape.<\/p><p data-start=\"599\" data-end=\"749\">\ud83d\udcc6 <strong data-start=\"602\" data-end=\"634\">Des activit\u00e9s chaque semaine<\/strong><br data-start=\"634\" data-end=\"637\" \/>Ateliers, immersions en entreprise, formations, projets concrets\u2026 Tu restes actif(ve) et tu gagnes en confiance.<\/p><p data-start=\"751\" data-end=\"884\">\ud83d\udcbc <strong data-start=\"754\" data-end=\"782\">Des stages en entreprise<\/strong><br data-start=\"782\" data-end=\"785\" \/>Pour d\u00e9couvrir des m\u00e9tiers, tester, apprendre, te faire rep\u00e9rer\u2026 bref, te rapprocher d\u2019un vrai job.<\/p><p data-start=\"886\" data-end=\"1007\">\ud83c\udfaf <strong data-start=\"889\" data-end=\"936\">Objectif : un emploi durable et l\u2019autonomie<\/strong><br data-start=\"936\" data-end=\"939\" \/>Le CEJ, c\u2019est un tremplin pour trouver ta voie et prendre ton envol.<\/p><p data-start=\"1009\" data-end=\"1117\">\ud83d\udcb8 <strong data-start=\"1012\" data-end=\"1054\">Et le bonus ? Jusqu\u2019\u00e0 561,68\u20ac par mois (selon ta situation fiscale)<\/strong><br data-start=\"1054\" data-end=\"1057\" \/>Parce qu\u2019un coup de main, \u00e7a peut faire toute la diff\u00e9rence.<\/p><p data-start=\"1119\" data-end=\"1252\">\ud83d\udcf2 <strong data-start=\"1122\" data-end=\"1140\">Int\u00e9ress\u00e9(e) ?<\/strong><br data-start=\"1140\" data-end=\"1143\" \/>Parle-en vite \u00e0 <strong data-start=\"1159\" data-end=\"1195\">ta conseill\u00e8re ou ton conseiller<\/strong> \u00e0 la <strong data-start=\"1201\" data-end=\"1219\">Mission Locale<\/strong>. On t\u2019attend pour en discuter \ud83d\ude09<\/p>\n    <\/div>\n\t\t<\/div>\n\t\t\t\t<\/div>\n\t\t\t\t<div class=\"elementor-element elementor-element-12a69b5 elementor-widget__width-initial elementor-widget elementor-widget-image\" data-id=\"12a69b5\" data-element_type=\"widget\" data-widget_type=\"image.default\">\n\t\t\t\t<div class=\"elementor-widget-container\">\n\t\t\t\t\t\t\t\t\t\t\t\t\t<img fetchpriority=\"high\" decoding=\"async\" width=\"1024\" height=\"609\" src=\"https:\/\/www.missionslocalesnormandie.fr\/content\/uploads\/sites\/16\/2025\/09\/logo-CEJ-1024x609.png\" class=\"attachment-large size-large wp-image-745\" alt=\"\" srcset=\"https:\/\/www.missionslocalesnormandie.fr\/content\/uploads\/sites\/16\/2025\/09\/logo-CEJ-1024x609.png 1024w, https:\/\/www.missionslocalesnormandie.fr\/content\/uploads\/sites\/16\/2025\/09\/logo-CEJ-300x178.png 300w, https:\/\/www.missionslocalesnormandie.fr\/content\/uploads\/sites\/16\/2025\/09\/logo-CEJ-768x457.png 768w, https:\/\/www.missionslocalesnormandie.fr\/content\/uploads\/sites\/16\/2025\/09\/logo-CEJ-1536x913.png 1536w, https:\/\/www.missionslocalesnormandie.fr\/content\/uploads\/sites\/16\/2025\/09\/logo-CEJ.png 1781w\" sizes=\"(max-width: 1024px) 100vw, 1024px\" \/>\t\t\t\t\t\t\t\t\t\t\t\t\t<\/div>\n\t\t\t\t<\/div>\n\t\t\t\t\t<\/div>\n\t\t\t\t<\/div>\n\t\t\t\t<\/div>\n\t\t","protected":false},"excerpt":{"rendered":"<p>Le Parcours Contractualis\u00e9 d&#8217;Accompagnement vers l&#8217;Emploi et l&#8217;Autonomie (PACEA) Tu as entre 16 et 25 ans\u00a0? Viens d\u00e9couvrir le PACEA \u00e0 la Mission Locale : un vrai coup de pouce pour construire ton avenir ! \ud83d\udc65 Un accompagnement sur mesureAvec un conseiller \u00e0 tes c\u00f4t\u00e9s, tu fais le point sur ta situation, tes envies, tes [&hellip;]<\/p>\n","protected":false},"author":1,"featured_media":0,"parent":0,"menu_order":0,"comment_status":"closed","ping_status":"closed","template":"","meta":{"_acf_changed":false,"_crosspost_to_1":false,"_crosspost_to_2":false,"_crosspost_to_3":false,"_crosspost_to_4":false,"_crosspost_to_5":false,"_crosspost_to_6":false,"_crosspost_to_7":false,"_crosspost_to_8":false,"_crosspost_to_11":false,"_crosspost_to_12":false,"_crosspost_to_13":false,"_crosspost_to_14":false,"_crosspost_to_15":false,"inline_featured_image":false,"footnotes":""},"acf":[],"yoast_head":"<!-- This site is optimized with the Yoast SEO plugin v21.9.1 - https:\/\/yoast.com\/wordpress\/plugins\/seo\/ -->\n<title>Dispositifs d&#039;accompagnement - MISSION LOCALE VERNON SEINE VEXIN<\/title>\n<meta name=\"description\" content=\"D\u00e9couvrez les dispositifs d&#039;accompagnement de la Mission Locale pour aider les jeunes \u00e0 construire leur avenir professionnel et personnel.\" \/>\n<meta name=\"robots\" content=\"index, follow, max-snippet:-1, max-image-preview:large, max-video-preview:-1\" \/>\n<link rel=\"canonical\" href=\"https:\/\/www.missionslocalesnormandie.fr\/mission-locale-vernon-seine-vexin\/dispositifs\/\" \/>\n<meta property=\"og:locale\" content=\"fr_FR\" \/>\n<meta property=\"og:type\" content=\"article\" \/>\n<meta property=\"og:title\" content=\"Dispositifs d&#039;accompagnement - MISSION LOCALE VERNON SEINE VEXIN\" \/>\n<meta property=\"og:description\" content=\"D\u00e9couvrez les dispositifs d&#039;accompagnement de la Mission Locale pour aider les jeunes \u00e0 construire leur avenir professionnel et personnel.\" \/>\n<meta property=\"og:url\" content=\"https:\/\/www.missionslocalesnormandie.fr\/mission-locale-vernon-seine-vexin\/dispositifs\/\" \/>\n<meta property=\"og:site_name\" content=\"MISSION LOCALE VERNON SEINE VEXIN\" \/>\n<meta property=\"article:modified_time\" content=\"2025-09-26T12:06:35+00:00\" \/>\n<meta property=\"og:image\" content=\"https:\/\/www.missionslocalesnormandie.fr\/content\/uploads\/sites\/16\/2025\/09\/Design-sans-titre-5-675x425-c-default.png\" \/>\n<meta name=\"twitter:card\" content=\"summary_large_image\" \/>\n<meta name=\"twitter:label1\" content=\"Dur\u00e9e de lecture estim\u00e9e\" \/>\n\t<meta name=\"twitter:data1\" content=\"3 minutes\" \/>\n<script type=\"application\/ld+json\" class=\"yoast-schema-graph\">{\"@context\":\"https:\/\/schema.org\",\"@graph\":[{\"@type\":\"WebPage\",\"@id\":\"https:\/\/www.missionslocalesnormandie.fr\/mission-locale-vernon-seine-vexin\/dispositifs\/\",\"url\":\"https:\/\/www.missionslocalesnormandie.fr\/mission-locale-vernon-seine-vexin\/dispositifs\/\",\"name\":\"Dispositifs d'accompagnement - MISSION LOCALE VERNON SEINE VEXIN\",\"isPartOf\":{\"@id\":\"https:\/\/www.missionslocalesnormandie.fr\/mission-locale-vernon-seine-vexin\/#website\"},\"datePublished\":\"2023-12-15T08:08:27+00:00\",\"dateModified\":\"2025-09-26T12:06:35+00:00\",\"description\":\"D\u00e9couvrez les dispositifs d'accompagnement de la Mission Locale pour aider les jeunes \u00e0 construire leur avenir professionnel et personnel.\",\"breadcrumb\":{\"@id\":\"https:\/\/www.missionslocalesnormandie.fr\/mission-locale-vernon-seine-vexin\/dispositifs\/#breadcrumb\"},\"inLanguage\":\"fr-FR\",\"potentialAction\":[{\"@type\":\"ReadAction\",\"target\":[\"https:\/\/www.missionslocalesnormandie.fr\/mission-locale-vernon-seine-vexin\/dispositifs\/\"]}]},{\"@type\":\"BreadcrumbList\",\"@id\":\"https:\/\/www.missionslocalesnormandie.fr\/mission-locale-vernon-seine-vexin\/dispositifs\/#breadcrumb\",\"itemListElement\":[{\"@type\":\"ListItem\",\"position\":1,\"name\":\"Home\",\"item\":\"https:\/\/www.missionslocalesnormandie.fr\/mission-locale-vernon-seine-vexin\/\"},{\"@type\":\"ListItem\",\"position\":2,\"name\":\"Dispositifs d&rsquo;accompagnement\"}]},{\"@type\":\"WebSite\",\"@id\":\"https:\/\/www.missionslocalesnormandie.fr\/mission-locale-vernon-seine-vexin\/#website\",\"url\":\"https:\/\/www.missionslocalesnormandie.fr\/mission-locale-vernon-seine-vexin\/\",\"name\":\"MISSION LOCALE VERNON SEINE VEXIN\",\"description\":\"\",\"potentialAction\":[{\"@type\":\"SearchAction\",\"target\":{\"@type\":\"EntryPoint\",\"urlTemplate\":\"https:\/\/www.missionslocalesnormandie.fr\/mission-locale-vernon-seine-vexin\/?s={search_term_string}\"},\"query-input\":\"required name=search_term_string\"}],\"inLanguage\":\"fr-FR\"}]}<\/script>\n<!-- \/ Yoast SEO plugin. -->","yoast_head_json":{"title":"Dispositifs d'accompagnement - MISSION LOCALE VERNON SEINE VEXIN","description":"D\u00e9couvrez les dispositifs d'accompagnement de la Mission Locale pour aider les jeunes \u00e0 construire leur avenir professionnel et personnel.","robots":{"index":"index","follow":"follow","max-snippet":"max-snippet:-1","max-image-preview":"max-image-preview:large","max-video-preview":"max-video-preview:-1"},"canonical":"https:\/\/www.missionslocalesnormandie.fr\/mission-locale-vernon-seine-vexin\/dispositifs\/","og_locale":"fr_FR","og_type":"article","og_title":"Dispositifs d'accompagnement - MISSION LOCALE VERNON SEINE VEXIN","og_description":"D\u00e9couvrez les dispositifs d'accompagnement de la Mission Locale pour aider les jeunes \u00e0 construire leur avenir professionnel et personnel.","og_url":"https:\/\/www.missionslocalesnormandie.fr\/mission-locale-vernon-seine-vexin\/dispositifs\/","og_site_name":"MISSION LOCALE VERNON SEINE VEXIN","article_modified_time":"2025-09-26T12:06:35+00:00","og_image":[{"url":"https:\/\/www.missionslocalesnormandie.fr\/content\/uploads\/sites\/16\/2025\/09\/Design-sans-titre-5-675x425-c-default.png"}],"twitter_card":"summary_large_image","twitter_misc":{"Dur\u00e9e de lecture estim\u00e9e":"3 minutes"},"schema":{"@context":"https:\/\/schema.org","@graph":[{"@type":"WebPage","@id":"https:\/\/www.missionslocalesnormandie.fr\/mission-locale-vernon-seine-vexin\/dispositifs\/","url":"https:\/\/www.missionslocalesnormandie.fr\/mission-locale-vernon-seine-vexin\/dispositifs\/","name":"Dispositifs d'accompagnement - MISSION LOCALE VERNON SEINE VEXIN","isPartOf":{"@id":"https:\/\/www.missionslocalesnormandie.fr\/mission-locale-vernon-seine-vexin\/#website"},"datePublished":"2023-12-15T08:08:27+00:00","dateModified":"2025-09-26T12:06:35+00:00","description":"D\u00e9couvrez les dispositifs d'accompagnement de la Mission Locale pour aider les jeunes \u00e0 construire leur avenir professionnel et personnel.","breadcrumb":{"@id":"https:\/\/www.missionslocalesnormandie.fr\/mission-locale-vernon-seine-vexin\/dispositifs\/#breadcrumb"},"inLanguage":"fr-FR","potentialAction":[{"@type":"ReadAction","target":["https:\/\/www.missionslocalesnormandie.fr\/mission-locale-vernon-seine-vexin\/dispositifs\/"]}]},{"@type":"BreadcrumbList","@id":"https:\/\/www.missionslocalesnormandie.fr\/mission-locale-vernon-seine-vexin\/dispositifs\/#breadcrumb","itemListElement":[{"@type":"ListItem","position":1,"name":"Home","item":"https:\/\/www.missionslocalesnormandie.fr\/mission-locale-vernon-seine-vexin\/"},{"@type":"ListItem","position":2,"name":"Dispositifs d&rsquo;accompagnement"}]},{"@type":"WebSite","@id":"https:\/\/www.missionslocalesnormandie.fr\/mission-locale-vernon-seine-vexin\/#website","url":"https:\/\/www.missionslocalesnormandie.fr\/mission-locale-vernon-seine-vexin\/","name":"MISSION LOCALE VERNON SEINE VEXIN","description":"","potentialAction":[{"@type":"SearchAction","target":{"@type":"EntryPoint","urlTemplate":"https:\/\/www.missionslocalesnormandie.fr\/mission-locale-vernon-seine-vexin\/?s={search_term_string}"},"query-input":"required name=search_term_string"}],"inLanguage":"fr-FR"}]}},"_links":{"self":[{"href":"https:\/\/www.missionslocalesnormandie.fr\/mission-locale-vernon-seine-vexin\/wp-json\/wp\/v2\/pages\/247"}],"collection":[{"href":"https:\/\/www.missionslocalesnormandie.fr\/mission-locale-vernon-seine-vexin\/wp-json\/wp\/v2\/pages"}],"about":[{"href":"https:\/\/www.missionslocalesnormandie.fr\/mission-locale-vernon-seine-vexin\/wp-json\/wp\/v2\/types\/page"}],"author":[{"embeddable":true,"href":"https:\/\/www.missionslocalesnormandie.fr\/mission-locale-vernon-seine-vexin\/wp-json\/wp\/v2\/users\/1"}],"replies":[{"embeddable":true,"href":"https:\/\/www.missionslocalesnormandie.fr\/mission-locale-vernon-seine-vexin\/wp-json\/wp\/v2\/comments?post=247"}],"version-history":[{"count":34,"href":"https:\/\/www.missionslocalesnormandie.fr\/mission-locale-vernon-seine-vexin\/wp-json\/wp\/v2\/pages\/247\/revisions"}],"predecessor-version":[{"id":906,"href":"https:\/\/www.missionslocalesnormandie.fr\/mission-locale-vernon-seine-vexin\/wp-json\/wp\/v2\/pages\/247\/revisions\/906"}],"wp:attachment":[{"href":"https:\/\/www.missionslocalesnormandie.fr\/mission-locale-vernon-seine-vexin\/wp-json\/wp\/v2\/media?parent=247"}],"curies":[{"name":"wp","href":"https:\/\/api.w.org\/{rel}","templated":true}]}}