{"id":25,"date":"2023-12-14T14:52:53","date_gmt":"2023-12-14T13:52:53","guid":{"rendered":"https:\/\/www.missionslocalesnormandie.fr\/mission-locale-vernon-seine-vexin\/?page_id=25"},"modified":"2025-09-26T14:13:44","modified_gmt":"2025-09-26T12:13:44","slug":"nos-services","status":"publish","type":"page","link":"https:\/\/www.missionslocalesnormandie.fr\/mission-locale-vernon-seine-vexin\/nos-services\/","title":{"rendered":"Nos services"},"content":{"rendered":"\t\t<div data-elementor-type=\"wp-page\" data-elementor-id=\"25\" class=\"elementor elementor-25\">\n\t\t\t\t<div class=\"elementor-element elementor-element-e60a544 e-flex e-con-boxed e-con e-parent\" data-id=\"e60a544\" data-element_type=\"container\">\n\t\t\t\t\t<div class=\"e-con-inner\">\n\t\t\t\t<div class=\"elementor-element elementor-element-207818d elementor-widget elementor-widget-block_titre_texte_visuel\" data-id=\"207818d\" data-element_type=\"widget\" data-widget_type=\"block_titre_texte_visuel.default\">\n\t\t\t\t<div class=\"elementor-widget-container\">\n\t\t\t    <div class=\"container\">\n        <div class=\"row my-4\">\n            <div class=\"col-lg-6 mb-4 mb-lg-0\">\n                    <div class=\"\">\n        <h2>\n            Nos Services aux jeunes\n        <\/h2>\n    <\/div>\n\n                    <div class=\"\">\n        <div class=\"edito-intro\">\n            <p data-start=\"136\" data-end=\"503\">\ud83d\udca1 La <strong data-start=\"142\" data-end=\"160\">Mission Locale<\/strong> vous accompagne \u00e0 chaque \u00e9tape de votre <strong data-start=\"201\" data-end=\"227\">parcours vers l\u2019avenir<\/strong>.<br data-start=\"228\" data-end=\"231\" \/>Vous avez entre <strong data-start=\"247\" data-end=\"263\">16 et 25 ans<\/strong> et vous avez quitt\u00e9 le <strong data-start=\"287\" data-end=\"307\" data-is-only-node=\"\">syst\u00e8me scolaire<\/strong> ? Alors, poussez la porte de la <strong data-start=\"340\" data-end=\"358\">Mission Locale<\/strong> ! D\u00e8s votre arriv\u00e9e, nos \u00e9quipes vous <strong data-start=\"397\" data-end=\"412\">accueillent<\/strong>, vous <strong data-start=\"419\" data-end=\"432\">informent<\/strong>, vous <strong data-start=\"439\" data-end=\"452\">orientent<\/strong> et vous <strong data-start=\"461\" data-end=\"476\">soutiennent<\/strong> dans toutes vos d\u00e9marches.<\/p><p data-start=\"505\" data-end=\"549\">Vous avez besoin d\u2019un coup de pouce pour :<\/p><ul data-start=\"550\" data-end=\"805\"><li data-start=\"550\" data-end=\"579\"><p data-start=\"552\" data-end=\"579\">Trouver une <strong data-start=\"564\" data-end=\"577\">formation<\/strong><\/p><\/li><li data-start=\"580\" data-end=\"606\"><p data-start=\"582\" data-end=\"606\">Chercher un <strong data-start=\"594\" data-end=\"604\">emploi<\/strong><\/p><\/li><li data-start=\"607\" data-end=\"636\"><p data-start=\"609\" data-end=\"636\">Acc\u00e9der \u00e0 un <strong data-start=\"622\" data-end=\"634\">logement<\/strong><\/p><\/li><li data-start=\"637\" data-end=\"666\"><p data-start=\"639\" data-end=\"666\">Parler de votre <strong data-start=\"655\" data-end=\"664\">sant\u00e9<\/strong><\/p><\/li><li data-start=\"667\" data-end=\"697\"><p data-start=\"669\" data-end=\"697\">G\u00e9rer vos <strong data-start=\"679\" data-end=\"695\">d\u00e9placements<\/strong><\/p><\/li><li data-start=\"698\" data-end=\"768\"><p data-start=\"700\" data-end=\"768\">Vous investir dans les <strong data-start=\"723\" data-end=\"734\">loisirs<\/strong>, le <strong data-start=\"739\" data-end=\"748\">sport<\/strong> ou la <strong data-start=\"755\" data-end=\"766\">culture<\/strong><\/p><\/li><li data-start=\"769\" data-end=\"805\"><p data-start=\"771\" data-end=\"805\">Vous <strong data-start=\"776\" data-end=\"787\">engager<\/strong> comme citoyen(ne)<\/p><\/li><\/ul><p data-start=\"807\" data-end=\"1064\" data-is-last-node=\"\" data-is-only-node=\"\">Gr\u00e2ce \u00e0 un accompagnement <strong data-start=\"833\" data-end=\"843\">global<\/strong> et <strong data-start=\"847\" data-end=\"863\">personnalis\u00e9<\/strong>, vous avancez \u00e0 <strong data-start=\"880\" data-end=\"896\">votre rythme<\/strong>, selon <strong data-start=\"904\" data-end=\"919\">vos besoins<\/strong> et <strong data-start=\"923\" data-end=\"937\">vos envies<\/strong>.<\/p><p data-start=\"807\" data-end=\"1064\" data-is-last-node=\"\" data-is-only-node=\"\">\ud83d\udc49 La <strong data-start=\"947\" data-end=\"965\">Mission Locale<\/strong>, c\u2019est une <strong data-start=\"977\" data-end=\"1002\">\u00e9quipe proche de vous<\/strong>, pr\u00eate \u00e0 vous guider vers l\u2019<strong data-start=\"1031\" data-end=\"1044\">autonomie<\/strong> et la <strong data-start=\"1051\" data-end=\"1063\">r\u00e9ussite<\/strong>.<\/p>\n        <\/div>\n    <\/div>\n\n                            <\/div>\n            <div class=\"col-lg-6 \">\n                                    <figure>\n                                                \n                                                                                                            <a href=\"https:\/\/www.missionslocalesnormandie.fr\/content\/uploads\/sites\/16\/2025\/09\/amis-marchant-ensemble-dans-un-champ-exterieur-v2.png\">\n                                <img decoding=\"async\" src=\"https:\/\/www.missionslocalesnormandie.fr\/content\/uploads\/sites\/16\/2025\/09\/amis-marchant-ensemble-dans-un-champ-exterieur-v2-675x425-c-default.png\"\n                                     alt=\"MISSION LOCALE VERNON SEINE VEXIN\"\/>\n                            <\/a>\n                        \n                                            <\/figure>\n                \n\n            <\/div>\n        <\/div>\n    <\/div>\n\t\t<\/div>\n\t\t\t\t<\/div>\n\t\t\t\t<div class=\"elementor-element elementor-element-7923cf4 elementor-widget elementor-widget-block_titre\" data-id=\"7923cf4\" data-element_type=\"widget\" data-widget_type=\"block_titre.default\">\n\t\t\t\t<div class=\"elementor-widget-container\">\n\t\t\t    <div class=\"container\">\n        <h2>\n            Nos services aux entreprises\n        <\/h2>\n    <\/div>\n\t\t<\/div>\n\t\t\t\t<\/div>\n\t\t\t\t\t<\/div>\n\t\t\t\t<\/div>\n\t\t<div class=\"elementor-element elementor-element-65f0466 e-flex e-con-boxed e-con e-parent\" data-id=\"65f0466\" data-element_type=\"container\">\n\t\t\t\t\t<div class=\"e-con-inner\">\n\t\t\t\t<div class=\"elementor-element elementor-element-7a9e4c6 elementor-widget elementor-widget-block_titre_texte_visuel\" data-id=\"7a9e4c6\" data-element_type=\"widget\" data-widget_type=\"block_titre_texte_visuel.default\">\n\t\t\t\t<div class=\"elementor-widget-container\">\n\t\t\t    <div class=\"container\">\n        <div class=\"row my-4\">\n            <div class=\"col-lg-6 order-last mt-4 mt-lg-0\">\n                \n                    <div class=\"\">\n        <div class=\"edito-intro\">\n            <p data-start=\"169\" data-end=\"314\">\ud83d\udc54 <strong data-start=\"172\" data-end=\"185\">Employeurs<\/strong>, vous cherchez des solutions efficaces pour recruter ? La <strong data-start=\"244\" data-end=\"262\">Mission Locale<\/strong> devient votre <strong data-start=\"277\" data-end=\"311\">partenaire emploi de proximit\u00e9<\/strong>.<\/p><p data-start=\"316\" data-end=\"686\">Gr\u00e2ce \u00e0 son <strong data-start=\"328\" data-end=\"346\">service emploi<\/strong>, elle vous accompagne \u00e0 chaque \u00e9tape du recrutement. D\u2019abord, nous r\u00e9alisons une <strong data-start=\"428\" data-end=\"450\">prospection cibl\u00e9e<\/strong> en fonction de vos besoins. Ensuite, nous recueillons et diffusons vos <strong data-start=\"522\" data-end=\"541\">offres d\u2019emploi<\/strong>, puis nous <strong data-start=\"553\" data-end=\"595\">pr\u00e9s\u00e9lectionnons des candidats motiv\u00e9s<\/strong>. Enfin, nous assurons une <strong data-start=\"622\" data-end=\"649\">mise en relation rapide<\/strong> avec des jeunes pr\u00eats \u00e0 s\u2019engager.<\/p><p data-start=\"688\" data-end=\"831\">Par ailleurs, nous mobilisons des <strong data-start=\"722\" data-end=\"745\">dispositifs adapt\u00e9s<\/strong> : <strong data-start=\"748\" data-end=\"766\">contrats aid\u00e9s<\/strong> (CAE-PEC), <strong data-start=\"778\" data-end=\"792\">alternance<\/strong>, ou encore <strong data-start=\"804\" data-end=\"828\">actions de formation<\/strong>.<\/p><p data-start=\"833\" data-end=\"904\">Pour aller plus loin, notre <strong data-start=\"861\" data-end=\"882\">\u00c9quipe Entreprise<\/strong> propose \u00e9galement :<\/p><ul data-start=\"905\" data-end=\"1140\"><li data-start=\"905\" data-end=\"950\"><p data-start=\"907\" data-end=\"950\">du <strong data-start=\"910\" data-end=\"924\">parrainage<\/strong> par des professionnels,<\/p><\/li><li data-start=\"951\" data-end=\"1026\"><p data-start=\"953\" data-end=\"1026\">la <strong data-start=\"956\" data-end=\"985\">pr\u00e9paration des candidats<\/strong> (coaching, ateliers CV et entretiens),<\/p><\/li><li data-start=\"1027\" data-end=\"1077\"><p data-start=\"1029\" data-end=\"1077\">un <strong data-start=\"1032\" data-end=\"1054\">suivi personnalis\u00e9<\/strong> des jeunes en poste,<\/p><\/li><li data-start=\"1078\" data-end=\"1140\"><p data-start=\"1080\" data-end=\"1140\">et un <strong data-start=\"1086\" data-end=\"1109\">appui administratif<\/strong> pour simplifier vos d\u00e9marches.<\/p><\/li><\/ul><p data-start=\"1142\" data-end=\"1253\" data-is-last-node=\"\" data-is-only-node=\"\">\ud83d\udc49 <strong data-start=\"1145\" data-end=\"1164\">Gagnez du temps<\/strong>, s\u00e9curisez vos recrutements et agissez pour l\u2019insertion des jeunes de votre territoire\u202f!<\/p>\n        <\/div>\n    <\/div>\n\n                            <\/div>\n            <div class=\"col-lg-6 order-first\">\n                                    <figure>\n                                                \n                                                                                                            <a href=\"https:\/\/www.missionslocalesnormandie.fr\/content\/uploads\/sites\/16\/2025\/07\/RELATION-ENTREPRISE-MLVSV.png\">\n                                <img decoding=\"async\" src=\"https:\/\/www.missionslocalesnormandie.fr\/content\/uploads\/sites\/16\/2025\/07\/RELATION-ENTREPRISE-MLVSV-675x425-c-default.png\"\n                                     alt=\"La Mission Locale de Vernon Seine Vexin, votre partenaire id\u00e9al pour votre entreprise\"\/>\n                            <\/a>\n                        \n                                            <\/figure>\n                \n\n            <\/div>\n        <\/div>\n    <\/div>\n\t\t<\/div>\n\t\t\t\t<\/div>\n\t\t\t\t\t<\/div>\n\t\t\t\t<\/div>\n\t\t\t\t<\/div>\n\t\t","protected":false},"excerpt":{"rendered":"<p>Nos Services aux jeunes \ud83d\udca1 La Mission Locale vous accompagne \u00e0 chaque \u00e9tape de votre parcours vers l\u2019avenir.Vous avez entre 16 et 25 ans et vous avez quitt\u00e9 le syst\u00e8me scolaire ? Alors, poussez la porte de la Mission Locale ! D\u00e8s votre arriv\u00e9e, nos \u00e9quipes vous accueillent, vous informent, vous orientent et vous soutiennent [&hellip;]<\/p>\n","protected":false},"author":1,"featured_media":0,"parent":0,"menu_order":0,"comment_status":"closed","ping_status":"closed","template":"","meta":{"_acf_changed":false,"_crosspost_to_1":false,"_crosspost_to_2":false,"_crosspost_to_3":false,"_crosspost_to_4":false,"_crosspost_to_5":false,"_crosspost_to_6":false,"_crosspost_to_7":false,"_crosspost_to_8":false,"_crosspost_to_11":false,"_crosspost_to_12":false,"_crosspost_to_13":false,"_crosspost_to_14":false,"_crosspost_to_15":false,"inline_featured_image":false,"footnotes":""},"acf":[],"yoast_head":"<!-- This site is optimized with the Yoast SEO plugin v21.9.1 - https:\/\/yoast.com\/wordpress\/plugins\/seo\/ -->\n<title>Nos services - MISSION LOCALE VERNON SEINE VEXIN<\/title>\n<meta name=\"description\" content=\"Emploi, formation, logement, sant\u00e9, mobilit\u00e9\u2026 un accompagnement global au service des jeunes et des entreprises.\" \/>\n<meta name=\"robots\" content=\"index, follow, max-snippet:-1, max-image-preview:large, max-video-preview:-1\" \/>\n<link rel=\"canonical\" href=\"https:\/\/www.missionslocalesnormandie.fr\/mission-locale-vernon-seine-vexin\/nos-services\/\" \/>\n<meta property=\"og:locale\" content=\"fr_FR\" \/>\n<meta property=\"og:type\" content=\"article\" \/>\n<meta property=\"og:title\" content=\"Nos services - MISSION LOCALE VERNON SEINE VEXIN\" \/>\n<meta property=\"og:description\" content=\"Emploi, formation, logement, sant\u00e9, mobilit\u00e9\u2026 un accompagnement global au service des jeunes et des entreprises.\" \/>\n<meta property=\"og:url\" content=\"https:\/\/www.missionslocalesnormandie.fr\/mission-locale-vernon-seine-vexin\/nos-services\/\" \/>\n<meta property=\"og:site_name\" content=\"MISSION LOCALE VERNON SEINE VEXIN\" \/>\n<meta property=\"article:modified_time\" content=\"2025-09-26T12:13:44+00:00\" \/>\n<meta property=\"og:image\" content=\"https:\/\/www.missionslocalesnormandie.fr\/content\/uploads\/sites\/16\/2025\/09\/amis-marchant-ensemble-dans-un-champ-exterieur-v2-675x425-c-default.png\" \/>\n<meta name=\"twitter:card\" content=\"summary_large_image\" \/>\n<meta name=\"twitter:label1\" content=\"Dur\u00e9e de lecture estim\u00e9e\" \/>\n\t<meta name=\"twitter:data1\" content=\"2 minutes\" \/>\n<script type=\"application\/ld+json\" class=\"yoast-schema-graph\">{\"@context\":\"https:\/\/schema.org\",\"@graph\":[{\"@type\":\"WebPage\",\"@id\":\"https:\/\/www.missionslocalesnormandie.fr\/mission-locale-vernon-seine-vexin\/nos-services\/\",\"url\":\"https:\/\/www.missionslocalesnormandie.fr\/mission-locale-vernon-seine-vexin\/nos-services\/\",\"name\":\"Nos services - MISSION LOCALE VERNON SEINE VEXIN\",\"isPartOf\":{\"@id\":\"https:\/\/www.missionslocalesnormandie.fr\/mission-locale-vernon-seine-vexin\/#website\"},\"datePublished\":\"2023-12-14T13:52:53+00:00\",\"dateModified\":\"2025-09-26T12:13:44+00:00\",\"description\":\"Emploi, formation, logement, sant\u00e9, mobilit\u00e9\u2026 un accompagnement global au service des jeunes et des entreprises.\",\"breadcrumb\":{\"@id\":\"https:\/\/www.missionslocalesnormandie.fr\/mission-locale-vernon-seine-vexin\/nos-services\/#breadcrumb\"},\"inLanguage\":\"fr-FR\",\"potentialAction\":[{\"@type\":\"ReadAction\",\"target\":[\"https:\/\/www.missionslocalesnormandie.fr\/mission-locale-vernon-seine-vexin\/nos-services\/\"]}]},{\"@type\":\"BreadcrumbList\",\"@id\":\"https:\/\/www.missionslocalesnormandie.fr\/mission-locale-vernon-seine-vexin\/nos-services\/#breadcrumb\",\"itemListElement\":[{\"@type\":\"ListItem\",\"position\":1,\"name\":\"Home\",\"item\":\"https:\/\/www.missionslocalesnormandie.fr\/mission-locale-vernon-seine-vexin\/\"},{\"@type\":\"ListItem\",\"position\":2,\"name\":\"Nos services\"}]},{\"@type\":\"WebSite\",\"@id\":\"https:\/\/www.missionslocalesnormandie.fr\/mission-locale-vernon-seine-vexin\/#website\",\"url\":\"https:\/\/www.missionslocalesnormandie.fr\/mission-locale-vernon-seine-vexin\/\",\"name\":\"MISSION LOCALE VERNON SEINE VEXIN\",\"description\":\"\",\"potentialAction\":[{\"@type\":\"SearchAction\",\"target\":{\"@type\":\"EntryPoint\",\"urlTemplate\":\"https:\/\/www.missionslocalesnormandie.fr\/mission-locale-vernon-seine-vexin\/?s={search_term_string}\"},\"query-input\":\"required name=search_term_string\"}],\"inLanguage\":\"fr-FR\"}]}<\/script>\n<!-- \/ Yoast SEO plugin. -->","yoast_head_json":{"title":"Nos services - MISSION LOCALE VERNON SEINE VEXIN","description":"Emploi, formation, logement, sant\u00e9, mobilit\u00e9\u2026 un accompagnement global au service des jeunes et des entreprises.","robots":{"index":"index","follow":"follow","max-snippet":"max-snippet:-1","max-image-preview":"max-image-preview:large","max-video-preview":"max-video-preview:-1"},"canonical":"https:\/\/www.missionslocalesnormandie.fr\/mission-locale-vernon-seine-vexin\/nos-services\/","og_locale":"fr_FR","og_type":"article","og_title":"Nos services - MISSION LOCALE VERNON SEINE VEXIN","og_description":"Emploi, formation, logement, sant\u00e9, mobilit\u00e9\u2026 un accompagnement global au service des jeunes et des entreprises.","og_url":"https:\/\/www.missionslocalesnormandie.fr\/mission-locale-vernon-seine-vexin\/nos-services\/","og_site_name":"MISSION LOCALE VERNON SEINE VEXIN","article_modified_time":"2025-09-26T12:13:44+00:00","og_image":[{"url":"https:\/\/www.missionslocalesnormandie.fr\/content\/uploads\/sites\/16\/2025\/09\/amis-marchant-ensemble-dans-un-champ-exterieur-v2-675x425-c-default.png"}],"twitter_card":"summary_large_image","twitter_misc":{"Dur\u00e9e de lecture estim\u00e9e":"2 minutes"},"schema":{"@context":"https:\/\/schema.org","@graph":[{"@type":"WebPage","@id":"https:\/\/www.missionslocalesnormandie.fr\/mission-locale-vernon-seine-vexin\/nos-services\/","url":"https:\/\/www.missionslocalesnormandie.fr\/mission-locale-vernon-seine-vexin\/nos-services\/","name":"Nos services - MISSION LOCALE VERNON SEINE VEXIN","isPartOf":{"@id":"https:\/\/www.missionslocalesnormandie.fr\/mission-locale-vernon-seine-vexin\/#website"},"datePublished":"2023-12-14T13:52:53+00:00","dateModified":"2025-09-26T12:13:44+00:00","description":"Emploi, formation, logement, sant\u00e9, mobilit\u00e9\u2026 un accompagnement global au service des jeunes et des entreprises.","breadcrumb":{"@id":"https:\/\/www.missionslocalesnormandie.fr\/mission-locale-vernon-seine-vexin\/nos-services\/#breadcrumb"},"inLanguage":"fr-FR","potentialAction":[{"@type":"ReadAction","target":["https:\/\/www.missionslocalesnormandie.fr\/mission-locale-vernon-seine-vexin\/nos-services\/"]}]},{"@type":"BreadcrumbList","@id":"https:\/\/www.missionslocalesnormandie.fr\/mission-locale-vernon-seine-vexin\/nos-services\/#breadcrumb","itemListElement":[{"@type":"ListItem","position":1,"name":"Home","item":"https:\/\/www.missionslocalesnormandie.fr\/mission-locale-vernon-seine-vexin\/"},{"@type":"ListItem","position":2,"name":"Nos services"}]},{"@type":"WebSite","@id":"https:\/\/www.missionslocalesnormandie.fr\/mission-locale-vernon-seine-vexin\/#website","url":"https:\/\/www.missionslocalesnormandie.fr\/mission-locale-vernon-seine-vexin\/","name":"MISSION LOCALE VERNON SEINE VEXIN","description":"","potentialAction":[{"@type":"SearchAction","target":{"@type":"EntryPoint","urlTemplate":"https:\/\/www.missionslocalesnormandie.fr\/mission-locale-vernon-seine-vexin\/?s={search_term_string}"},"query-input":"required name=search_term_string"}],"inLanguage":"fr-FR"}]}},"_links":{"self":[{"href":"https:\/\/www.missionslocalesnormandie.fr\/mission-locale-vernon-seine-vexin\/wp-json\/wp\/v2\/pages\/25"}],"collection":[{"href":"https:\/\/www.missionslocalesnormandie.fr\/mission-locale-vernon-seine-vexin\/wp-json\/wp\/v2\/pages"}],"about":[{"href":"https:\/\/www.missionslocalesnormandie.fr\/mission-locale-vernon-seine-vexin\/wp-json\/wp\/v2\/types\/page"}],"author":[{"embeddable":true,"href":"https:\/\/www.missionslocalesnormandie.fr\/mission-locale-vernon-seine-vexin\/wp-json\/wp\/v2\/users\/1"}],"replies":[{"embeddable":true,"href":"https:\/\/www.missionslocalesnormandie.fr\/mission-locale-vernon-seine-vexin\/wp-json\/wp\/v2\/comments?post=25"}],"version-history":[{"count":59,"href":"https:\/\/www.missionslocalesnormandie.fr\/mission-locale-vernon-seine-vexin\/wp-json\/wp\/v2\/pages\/25\/revisions"}],"predecessor-version":[{"id":760,"href":"https:\/\/www.missionslocalesnormandie.fr\/mission-locale-vernon-seine-vexin\/wp-json\/wp\/v2\/pages\/25\/revisions\/760"}],"wp:attachment":[{"href":"https:\/\/www.missionslocalesnormandie.fr\/mission-locale-vernon-seine-vexin\/wp-json\/wp\/v2\/media?parent=25"}],"curies":[{"name":"wp","href":"https:\/\/api.w.org\/{rel}","templated":true}]}}