{"id":60,"date":"2023-12-14T15:08:35","date_gmt":"2023-12-14T14:08:35","guid":{"rendered":"https:\/\/www.missionslocalesnormandie.fr\/mission-locale-vernon-seine-vexin\/?page_id=60"},"modified":"2025-07-17T10:02:28","modified_gmt":"2025-07-17T08:02:28","slug":"nos-services-2","status":"publish","type":"page","link":"https:\/\/www.missionslocalesnormandie.fr\/mission-locale-vernon-seine-vexin\/nos-services-2\/","title":{"rendered":"Nos services"},"content":{"rendered":"\t\t<div data-elementor-type=\"wp-page\" data-elementor-id=\"60\" class=\"elementor elementor-60\">\n\t\t\t\t<div class=\"elementor-element elementor-element-8a4a7a3 e-flex e-con-boxed e-con e-parent\" data-id=\"8a4a7a3\" data-element_type=\"container\">\n\t\t\t\t\t<div class=\"e-con-inner\">\n\t\t\t\t<div class=\"elementor-element elementor-element-cc6c449 elementor-widget elementor-widget-block_titre\" data-id=\"cc6c449\" data-element_type=\"widget\" data-widget_type=\"block_titre.default\">\n\t\t\t\t<div class=\"elementor-widget-container\">\n\t\t\t    <div class=\"container\">\n        <h2>\n            Nos services aux jeunes\n        <\/h2>\n    <\/div>\n\t\t<\/div>\n\t\t\t\t<\/div>\n\t\t\t\t<div class=\"elementor-element elementor-element-f53958e elementor-widget elementor-widget-block_simple_texte\" data-id=\"f53958e\" data-element_type=\"widget\" data-widget_type=\"block_simple_texte.default\">\n\t\t\t\t<div class=\"elementor-widget-container\">\n\t\t\t    <div class=\"container\">\n        <p data-start=\"102\" data-end=\"395\"><strong data-start=\"102\" data-end=\"177\">\ud83d\udca1 La Mission Locale, c\u2019est votre alli\u00e9e pour construire votre avenir !<\/strong><br data-start=\"177\" data-end=\"180\" \/>Vous avez entre <strong data-start=\"196\" data-end=\"212\">16 et 25 ans<\/strong> et vous \u00eates sorti(e) du syst\u00e8me scolaire ? La Mission Locale est l\u00e0 pour <strong data-start=\"287\" data-end=\"368\">VOUS accueillir \ud83e\udd1d, VOUS informer \u2139\ufe0f, VOUS orienter \ud83e\udded et VOUS accompagner \ud83d\ude80<\/strong> dans toutes vos d\u00e9marches.<\/p><p data-start=\"397\" data-end=\"664\">Besoin d\u2019un coup de pouce pour :<br data-start=\"429\" data-end=\"432\" \/>\ud83c\udf93 Trouver une formation ?<br data-start=\"458\" data-end=\"461\" \/>\ud83d\udcbc Chercher un emploi ?<br data-start=\"484\" data-end=\"487\" \/>\ud83c\udfe0 Acc\u00e9der \u00e0 un logement ?<br data-start=\"513\" data-end=\"516\" \/>\ud83e\ude7a Parler sant\u00e9 ?<br data-start=\"533\" data-end=\"536\" \/>\ud83d\ude8c G\u00e9rer vos d\u00e9placements ?<br data-start=\"563\" data-end=\"566\" \/>\ud83c\udfad Vous investir dans les loisirs, le sport ou la culture ?<br data-start=\"625\" data-end=\"628\" \/>\ud83d\uddf3\ufe0f Vous engager comme citoyen(ne) ?<\/p><p data-start=\"666\" data-end=\"789\">Nos conseillers sont \u00e0 votre \u00e9coute pour vous aider \u00e0 avancer, <strong data-start=\"729\" data-end=\"747\">\u00e0 votre rythme<\/strong>, selon <strong data-start=\"755\" data-end=\"769\">vos envies<\/strong> et <strong data-start=\"773\" data-end=\"788\">vos besoins<\/strong>.<\/p><p data-start=\"791\" data-end=\"978\">\ud83d\udc49 <strong data-start=\"881\" data-end=\"902\">La Mission Locale<\/strong>, c\u2019est un accompagnement <strong data-start=\"928\" data-end=\"954\">global et personnalis\u00e9<\/strong>, pr\u00e8s de chez vous \ud83d\udcac\ud83c\udf0d<\/p>\n    <\/div>\n\t\t<\/div>\n\t\t\t\t<\/div>\n\t\t\t\t<div class=\"elementor-element elementor-element-e6a83e1 elementor-widget elementor-widget-block_titre\" data-id=\"e6a83e1\" data-element_type=\"widget\" data-widget_type=\"block_titre.default\">\n\t\t\t\t<div class=\"elementor-widget-container\">\n\t\t\t    <div class=\"container\">\n        <h2>\n            Nos services aux entreprises\n        <\/h2>\n    <\/div>\n\t\t<\/div>\n\t\t\t\t<\/div>\n\t\t\t\t<div class=\"elementor-element elementor-element-0809e63 elementor-widget elementor-widget-block_simple_texte\" data-id=\"0809e63\" data-element_type=\"widget\" data-widget_type=\"block_simple_texte.default\">\n\t\t\t\t<div class=\"elementor-widget-container\">\n\t\t\t    <div class=\"container\">\n        <p data-start=\"112\" data-end=\"199\"><strong data-start=\"112\" data-end=\"196\">Vous \u00eates employeur ? La Mission Locale est votre partenaire emploi de proximit\u00e9<\/strong> \ud83e\udd1d<\/p><p data-start=\"201\" data-end=\"321\">Notre <strong data-start=\"207\" data-end=\"225\">service emploi<\/strong> vous accompagne dans vos recrutements avec des solutions simples, efficaces et personnalis\u00e9es :<\/p><p data-start=\"323\" data-end=\"633\">\ud83d\udd0d <strong data-start=\"326\" data-end=\"348\">Prospection cibl\u00e9e<\/strong> selon vos besoins<br data-start=\"366\" data-end=\"369\" \/>\ud83d\udce9 <strong data-start=\"372\" data-end=\"419\">Recueil et diffusion de vos offres d\u2019emploi<\/strong><br data-start=\"419\" data-end=\"422\" \/>\u2705 <strong data-start=\"424\" data-end=\"461\">Pr\u00e9s\u00e9lection de candidats motiv\u00e9s<\/strong><br data-start=\"461\" data-end=\"464\" \/>\ud83e\udd1d <strong data-start=\"467\" data-end=\"494\">Mise en relation rapide<\/strong> avec des jeunes pr\u00eats \u00e0 s\u2019engager<br data-start=\"528\" data-end=\"531\" data-is-only-node=\"\" \/>\ud83d\udcda <strong data-start=\"534\" data-end=\"558\">Mobilisation d\u2019aides<\/strong> \u00e0 l\u2019embauche : contrats aid\u00e9s (CAE-PEC), alternance, actions de formation\u2026<\/p><p data-start=\"635\" data-end=\"1013\">Notre <strong data-start=\"641\" data-end=\"662\">\u00c9quipe Entreprise<\/strong> propose aussi des actions concr\u00e8tes pour s\u00e9curiser vos recrutements :<\/p><p data-start=\"635\" data-end=\"1013\">\ud83c\udf1f <strong data-start=\"738\" data-end=\"752\">Parrainage<\/strong> : des professionnels accompagnent les jeunes dans leur insertion<br data-start=\"817\" data-end=\"820\" \/>\ud83d\udee0\ufe0f <strong data-start=\"824\" data-end=\"853\">Pr\u00e9paration des candidats<\/strong> : coaching emploi, ateliers CV, lettres, entretiens\u2026<br data-start=\"906\" data-end=\"909\" \/>\ud83d\udcde <strong data-start=\"912\" data-end=\"934\" data-is-only-node=\"\">Suivi personnalis\u00e9<\/strong> des jeunes en poste<br data-start=\"954\" data-end=\"957\" \/>\ud83d\uddc2\ufe0f <strong data-start=\"961\" data-end=\"984\">Appui administratif<\/strong> pour faciliter vos d\u00e9marches<\/p><p data-start=\"1015\" data-end=\"1122\">\ud83d\udc49 Gagnez du temps, s\u00e9curisez vos recrutements et contribuez \u00e0 l\u2019insertion des jeunes de votre territoire !<\/p>\n    <\/div>\n\t\t<\/div>\n\t\t\t\t<\/div>\n\t\t\t\t\t<\/div>\n\t\t\t\t<\/div>\n\t\t\t\t<\/div>\n\t\t","protected":false},"excerpt":{"rendered":"<p>Nos services aux jeunes \ud83d\udca1 La Mission Locale, c\u2019est votre alli\u00e9e pour construire votre avenir !Vous avez entre 16 et 25 ans et vous \u00eates sorti(e) du syst\u00e8me scolaire ? La Mission Locale est l\u00e0 pour VOUS accueillir \ud83e\udd1d, VOUS informer \u2139\ufe0f, VOUS orienter \ud83e\udded et VOUS accompagner \ud83d\ude80 dans toutes vos d\u00e9marches. Besoin d\u2019un [&hellip;]<\/p>\n","protected":false},"author":1,"featured_media":0,"parent":0,"menu_order":0,"comment_status":"closed","ping_status":"closed","template":"","meta":{"_acf_changed":false,"_crosspost_to_1":false,"_crosspost_to_2":false,"_crosspost_to_3":false,"_crosspost_to_4":false,"_crosspost_to_5":false,"_crosspost_to_6":false,"_crosspost_to_7":false,"_crosspost_to_8":false,"_crosspost_to_11":false,"_crosspost_to_12":false,"_crosspost_to_13":false,"_crosspost_to_14":false,"_crosspost_to_15":false,"inline_featured_image":false,"footnotes":""},"acf":[],"yoast_head":"<!-- This site is optimized with the Yoast SEO plugin v21.9.1 - https:\/\/yoast.com\/wordpress\/plugins\/seo\/ -->\n<title>Nos services - MISSION LOCALE VERNON SEINE VEXIN<\/title>\n<meta name=\"robots\" content=\"index, follow, max-snippet:-1, max-image-preview:large, max-video-preview:-1\" \/>\n<link rel=\"canonical\" href=\"https:\/\/www.missionslocalesnormandie.fr\/mission-locale-vernon-seine-vexin\/nos-services-2\/\" \/>\n<meta property=\"og:locale\" content=\"fr_FR\" \/>\n<meta property=\"og:type\" content=\"article\" \/>\n<meta property=\"og:title\" content=\"Nos services - MISSION LOCALE VERNON SEINE VEXIN\" \/>\n<meta property=\"og:description\" content=\"Nos services aux jeunes \ud83d\udca1 La Mission Locale, c\u2019est votre alli\u00e9e pour construire votre avenir !Vous avez entre 16 et 25 ans et vous \u00eates sorti(e) du syst\u00e8me scolaire ? La Mission Locale est l\u00e0 pour VOUS accueillir \ud83e\udd1d, VOUS informer \u2139\ufe0f, VOUS orienter \ud83e\udded et VOUS accompagner \ud83d\ude80 dans toutes vos d\u00e9marches. Besoin d\u2019un [&hellip;]\" \/>\n<meta property=\"og:url\" content=\"https:\/\/www.missionslocalesnormandie.fr\/mission-locale-vernon-seine-vexin\/nos-services-2\/\" \/>\n<meta property=\"og:site_name\" content=\"MISSION LOCALE VERNON SEINE VEXIN\" \/>\n<meta property=\"article:modified_time\" content=\"2025-07-17T08:02:28+00:00\" \/>\n<meta name=\"twitter:card\" content=\"summary_large_image\" \/>\n<meta name=\"twitter:label1\" content=\"Dur\u00e9e de lecture estim\u00e9e\" \/>\n\t<meta name=\"twitter:data1\" content=\"2 minutes\" \/>\n<script type=\"application\/ld+json\" class=\"yoast-schema-graph\">{\"@context\":\"https:\/\/schema.org\",\"@graph\":[{\"@type\":\"WebPage\",\"@id\":\"https:\/\/www.missionslocalesnormandie.fr\/mission-locale-vernon-seine-vexin\/nos-services-2\/\",\"url\":\"https:\/\/www.missionslocalesnormandie.fr\/mission-locale-vernon-seine-vexin\/nos-services-2\/\",\"name\":\"Nos services - MISSION LOCALE VERNON SEINE VEXIN\",\"isPartOf\":{\"@id\":\"https:\/\/www.missionslocalesnormandie.fr\/mission-locale-vernon-seine-vexin\/#website\"},\"datePublished\":\"2023-12-14T14:08:35+00:00\",\"dateModified\":\"2025-07-17T08:02:28+00:00\",\"breadcrumb\":{\"@id\":\"https:\/\/www.missionslocalesnormandie.fr\/mission-locale-vernon-seine-vexin\/nos-services-2\/#breadcrumb\"},\"inLanguage\":\"fr-FR\",\"potentialAction\":[{\"@type\":\"ReadAction\",\"target\":[\"https:\/\/www.missionslocalesnormandie.fr\/mission-locale-vernon-seine-vexin\/nos-services-2\/\"]}]},{\"@type\":\"BreadcrumbList\",\"@id\":\"https:\/\/www.missionslocalesnormandie.fr\/mission-locale-vernon-seine-vexin\/nos-services-2\/#breadcrumb\",\"itemListElement\":[{\"@type\":\"ListItem\",\"position\":1,\"name\":\"Home\",\"item\":\"https:\/\/www.missionslocalesnormandie.fr\/mission-locale-vernon-seine-vexin\/\"},{\"@type\":\"ListItem\",\"position\":2,\"name\":\"Nos services\"}]},{\"@type\":\"WebSite\",\"@id\":\"https:\/\/www.missionslocalesnormandie.fr\/mission-locale-vernon-seine-vexin\/#website\",\"url\":\"https:\/\/www.missionslocalesnormandie.fr\/mission-locale-vernon-seine-vexin\/\",\"name\":\"MISSION LOCALE VERNON SEINE VEXIN\",\"description\":\"\",\"potentialAction\":[{\"@type\":\"SearchAction\",\"target\":{\"@type\":\"EntryPoint\",\"urlTemplate\":\"https:\/\/www.missionslocalesnormandie.fr\/mission-locale-vernon-seine-vexin\/?s={search_term_string}\"},\"query-input\":\"required name=search_term_string\"}],\"inLanguage\":\"fr-FR\"}]}<\/script>\n<!-- \/ Yoast SEO plugin. -->","yoast_head_json":{"title":"Nos services - MISSION LOCALE VERNON SEINE VEXIN","robots":{"index":"index","follow":"follow","max-snippet":"max-snippet:-1","max-image-preview":"max-image-preview:large","max-video-preview":"max-video-preview:-1"},"canonical":"https:\/\/www.missionslocalesnormandie.fr\/mission-locale-vernon-seine-vexin\/nos-services-2\/","og_locale":"fr_FR","og_type":"article","og_title":"Nos services - MISSION LOCALE VERNON SEINE VEXIN","og_description":"Nos services aux jeunes \ud83d\udca1 La Mission Locale, c\u2019est votre alli\u00e9e pour construire votre avenir !Vous avez entre 16 et 25 ans et vous \u00eates sorti(e) du syst\u00e8me scolaire ? La Mission Locale est l\u00e0 pour VOUS accueillir \ud83e\udd1d, VOUS informer \u2139\ufe0f, VOUS orienter \ud83e\udded et VOUS accompagner \ud83d\ude80 dans toutes vos d\u00e9marches. Besoin d\u2019un [&hellip;]","og_url":"https:\/\/www.missionslocalesnormandie.fr\/mission-locale-vernon-seine-vexin\/nos-services-2\/","og_site_name":"MISSION LOCALE VERNON SEINE VEXIN","article_modified_time":"2025-07-17T08:02:28+00:00","twitter_card":"summary_large_image","twitter_misc":{"Dur\u00e9e de lecture estim\u00e9e":"2 minutes"},"schema":{"@context":"https:\/\/schema.org","@graph":[{"@type":"WebPage","@id":"https:\/\/www.missionslocalesnormandie.fr\/mission-locale-vernon-seine-vexin\/nos-services-2\/","url":"https:\/\/www.missionslocalesnormandie.fr\/mission-locale-vernon-seine-vexin\/nos-services-2\/","name":"Nos services - MISSION LOCALE VERNON SEINE VEXIN","isPartOf":{"@id":"https:\/\/www.missionslocalesnormandie.fr\/mission-locale-vernon-seine-vexin\/#website"},"datePublished":"2023-12-14T14:08:35+00:00","dateModified":"2025-07-17T08:02:28+00:00","breadcrumb":{"@id":"https:\/\/www.missionslocalesnormandie.fr\/mission-locale-vernon-seine-vexin\/nos-services-2\/#breadcrumb"},"inLanguage":"fr-FR","potentialAction":[{"@type":"ReadAction","target":["https:\/\/www.missionslocalesnormandie.fr\/mission-locale-vernon-seine-vexin\/nos-services-2\/"]}]},{"@type":"BreadcrumbList","@id":"https:\/\/www.missionslocalesnormandie.fr\/mission-locale-vernon-seine-vexin\/nos-services-2\/#breadcrumb","itemListElement":[{"@type":"ListItem","position":1,"name":"Home","item":"https:\/\/www.missionslocalesnormandie.fr\/mission-locale-vernon-seine-vexin\/"},{"@type":"ListItem","position":2,"name":"Nos services"}]},{"@type":"WebSite","@id":"https:\/\/www.missionslocalesnormandie.fr\/mission-locale-vernon-seine-vexin\/#website","url":"https:\/\/www.missionslocalesnormandie.fr\/mission-locale-vernon-seine-vexin\/","name":"MISSION LOCALE VERNON SEINE VEXIN","description":"","potentialAction":[{"@type":"SearchAction","target":{"@type":"EntryPoint","urlTemplate":"https:\/\/www.missionslocalesnormandie.fr\/mission-locale-vernon-seine-vexin\/?s={search_term_string}"},"query-input":"required name=search_term_string"}],"inLanguage":"fr-FR"}]}},"_links":{"self":[{"href":"https:\/\/www.missionslocalesnormandie.fr\/mission-locale-vernon-seine-vexin\/wp-json\/wp\/v2\/pages\/60"}],"collection":[{"href":"https:\/\/www.missionslocalesnormandie.fr\/mission-locale-vernon-seine-vexin\/wp-json\/wp\/v2\/pages"}],"about":[{"href":"https:\/\/www.missionslocalesnormandie.fr\/mission-locale-vernon-seine-vexin\/wp-json\/wp\/v2\/types\/page"}],"author":[{"embeddable":true,"href":"https:\/\/www.missionslocalesnormandie.fr\/mission-locale-vernon-seine-vexin\/wp-json\/wp\/v2\/users\/1"}],"replies":[{"embeddable":true,"href":"https:\/\/www.missionslocalesnormandie.fr\/mission-locale-vernon-seine-vexin\/wp-json\/wp\/v2\/comments?post=60"}],"version-history":[{"count":6,"href":"https:\/\/www.missionslocalesnormandie.fr\/mission-locale-vernon-seine-vexin\/wp-json\/wp\/v2\/pages\/60\/revisions"}],"predecessor-version":[{"id":438,"href":"https:\/\/www.missionslocalesnormandie.fr\/mission-locale-vernon-seine-vexin\/wp-json\/wp\/v2\/pages\/60\/revisions\/438"}],"wp:attachment":[{"href":"https:\/\/www.missionslocalesnormandie.fr\/mission-locale-vernon-seine-vexin\/wp-json\/wp\/v2\/media?parent=60"}],"curies":[{"name":"wp","href":"https:\/\/api.w.org\/{rel}","templated":true}]}}