{"id":71,"date":"2023-12-14T15:11:21","date_gmt":"2023-12-14T14:11:21","guid":{"rendered":"https:\/\/www.missionslocalesnormandie.fr\/mission-locale-vernon-seine-vexin\/?page_id=71"},"modified":"2023-12-15T10:29:09","modified_gmt":"2023-12-15T09:29:09","slug":"notre-territoire-2","status":"publish","type":"page","link":"https:\/\/www.missionslocalesnormandie.fr\/mission-locale-vernon-seine-vexin\/notre-territoire-2\/","title":{"rendered":"Notre territoire"},"content":{"rendered":"\t\t<div data-elementor-type=\"wp-page\" data-elementor-id=\"71\" class=\"elementor elementor-71\">\n\t\t\t\t<div class=\"elementor-element elementor-element-bfe77e7 e-flex e-con-boxed e-con e-parent\" data-id=\"bfe77e7\" data-element_type=\"container\">\n\t\t\t\t\t<div class=\"e-con-inner\">\n\t\t\t\t<div class=\"elementor-element elementor-element-fd65a56 elementor-widget elementor-widget-block_titre\" data-id=\"fd65a56\" data-element_type=\"widget\" data-widget_type=\"block_titre.default\">\n\t\t\t\t<div class=\"elementor-widget-container\">\n\t\t\t    <div class=\"container\">\n        <h2>\n            Un lien constant avec les communes\n        <\/h2>\n    <\/div>\n\t\t<\/div>\n\t\t\t\t<\/div>\n\t\t\t\t<div class=\"elementor-element elementor-element-7d6c881 elementor-widget elementor-widget-block_simple_texte\" data-id=\"7d6c881\" data-element_type=\"widget\" data-widget_type=\"block_simple_texte.default\">\n\t\t\t\t<div class=\"elementor-widget-container\">\n\t\t\t    <div class=\"container\">\n        <p><span style=\"font-weight: 400;\">Toutes les communes concern\u00e9es par nos actions sont convi\u00e9es aux assembl\u00e9es g\u00e9n\u00e9rales afin de pouvoir assurer un suivi r\u00e9gulier de nos actions. Plus g\u00e9n\u00e9ralement, la Mission Locale sont fr\u00e9quemment convi\u00e9es \u00e0 collaborer avec les diff\u00e9rents services municipaux afin d\u2019apporter notre expertise sur la population de 16 \u00e0 25 ans. <\/span><\/p>\n    <\/div>\n\t\t<\/div>\n\t\t\t\t<\/div>\n\t\t\t\t<div class=\"elementor-element elementor-element-1424b82 elementor-widget elementor-widget-block_titre\" data-id=\"1424b82\" data-element_type=\"widget\" data-widget_type=\"block_titre.default\">\n\t\t\t\t<div class=\"elementor-widget-container\">\n\t\t\t    <div class=\"container\">\n        <h2>\n            105 communes couvertes\n        <\/h2>\n    <\/div>\n\t\t<\/div>\n\t\t\t\t<\/div>\n\t\t\t\t<div class=\"elementor-element elementor-element-22bd89a elementor-widget elementor-widget-block_simple_texte\" data-id=\"22bd89a\" data-element_type=\"widget\" data-widget_type=\"block_simple_texte.default\">\n\t\t\t\t<div class=\"elementor-widget-container\">\n\t\t\t    <div class=\"container\">\n        <p><span style=\"font-weight: 400;\">La Mission Locale de l\u2019Agglom\u00e9ration Rouennaise couvre 105 communes :\u00a0<\/span><\/p><p><span style=\"font-weight: 400;\">AMFREVILLE LA MIVOIE<\/span><\/p><p><span style=\"font-weight: 400;\">ANCEAUMEVILLE<\/span><\/p><p><span style=\"font-weight: 400;\">AUTHIEUX RATIEVILLE<\/span><\/p><p><span style=\"font-weight: 400;\">AUZOUVILLE SUR RY<\/span><\/p><p><span style=\"font-weight: 400;\">BELBEUF<\/span><\/p><p><span style=\"font-weight: 400;\">BIERVILLE<\/span><\/p><p><span style=\"font-weight: 400;\">BIHOREL<\/span><\/p><p><span style=\"font-weight: 400;\">BLAINVILLE CREVON<\/span><\/p><p><span style=\"font-weight: 400;\">BOIS D'ENNEBOURG<\/span><\/p><p><span style=\"font-weight: 400;\">BOIS GUILBERT<\/span><\/p><p><span style=\"font-weight: 400;\">BOIS GUILLAUME<\/span><\/p><p><span style=\"font-weight: 400;\">BOIS HEROULT<\/span><\/p><p><span style=\"font-weight: 400;\">BOIS L'EVEQUE<\/span><\/p><p><span style=\"font-weight: 400;\">BOISSAY<\/span><\/p><p><span style=\"font-weight: 400;\">BONSECOURS<\/span><\/p><p><span style=\"font-weight: 400;\">BOOS<\/span><\/p><p><span style=\"font-weight: 400;\">BOSC BORDEL<\/span><\/p><p><span style=\"font-weight: 400;\">BOSC EDELINE<\/span><\/p><p><span style=\"font-weight: 400;\">BOSC GUERARD SAINT ADRIEN<\/span><\/p><p><span style=\"font-weight: 400;\">BUCHY<\/span><\/p><p><span style=\"font-weight: 400;\">CAILLY<\/span><\/p><p><span style=\"font-weight: 400;\">CANTELEU<\/span><\/p><p><span style=\"font-weight: 400;\">CATENAY<\/span><\/p><p><span style=\"font-weight: 400;\">CLAVILLE MOTTEVILLE<\/span><\/p><p><span style=\"font-weight: 400;\">CLERES<\/span><\/p><p><span style=\"font-weight: 400;\">DARNETAL\u00a0<\/span><\/p><p><span style=\"font-weight: 400;\">DEVILLE LES ROUEN<\/span><\/p><p><span style=\"font-weight: 400;\">ELBEUF SUR ANDELLE<\/span><\/p><p><span style=\"font-weight: 400;\">ERNEMONT SUR BUCHY<\/span><\/p><p><span style=\"font-weight: 400;\">ESLETTES<\/span><\/p><p><span style=\"font-weight: 400;\">ESTEVILLE<\/span><\/p><p><span style=\"font-weight: 400;\">FONTAINE LE BOURG<\/span><\/p><p><span style=\"font-weight: 400;\">FONTAINE SOUS PREAUX<\/span><\/p><p><span style=\"font-weight: 400;\">FRANQUEVILLE SAINT PIERRE<\/span><\/p><p><span style=\"font-weight: 400;\">FRESNE LE PLAN<\/span><\/p><p><span style=\"font-weight: 400;\">FRICHEMESNIL<\/span><\/p><p><span style=\"font-weight: 400;\">GOUY<\/span><\/p><p><span style=\"font-weight: 400;\">GRAINVILLE SUR RY<\/span><\/p><p><span style=\"font-weight: 400;\">GRAND COURONNE<\/span><\/p><p><span style=\"font-weight: 400;\">GRAND QUEVILLY<\/span><\/p><p><span style=\"font-weight: 400;\">GRUGNY<\/span><\/p><p><span style=\"font-weight: 400;\">HAUTOT SUR SEINE<\/span><\/p><p><span style=\"font-weight: 400;\">HERONCHELLES<\/span><\/p><p><span style=\"font-weight: 400;\">HOUPPEVILLE<\/span><\/p><p><span style=\"font-weight: 400;\">ISNEAUVILLE<\/span><\/p><p><span style=\"font-weight: 400;\">LA BOUILLE<\/span><\/p><p><span style=\"font-weight: 400;\">LA HOUSSAYE BERANGER<\/span><\/p><p><span style=\"font-weight: 400;\">LA NEUVILLE CHANT D'OISEL<\/span><\/p><p><span style=\"font-weight: 400;\">LA RUE SAINT PIERRE<\/span><\/p><p><span style=\"font-weight: 400;\">LA VAUPALIERE<\/span><\/p><p><span style=\"font-weight: 400;\">LA VIEUX RUE<\/span><\/p><p><span style=\"font-weight: 400;\">LE BOCASSE<\/span><\/p><p><span style=\"font-weight: 400;\">LE HERON<\/span><\/p><p><span style=\"font-weight: 400;\">LE HOULME<\/span><\/p><p><span style=\"font-weight: 400;\">LE MESNIL ESNARD<\/span><\/p><p><span style=\"font-weight: 400;\">LES AUTHIEUX S\/ LE PORT ST OUEN<\/span><\/p><p><span style=\"font-weight: 400;\">LONGUERUE<\/span><\/p><p><span style=\"font-weight: 400;\">MALAUNAY<\/span><\/p><p><span style=\"font-weight: 400;\">MAROMME<\/span><\/p><p><span style=\"font-weight: 400;\">MARTAINVILLE EPREVILLE<\/span><\/p><p><span style=\"font-weight: 400;\">MESNIL RAOUL<\/span><\/p><p><span style=\"font-weight: 400;\">MONT CAUVAIRE<\/span><\/p><p><span style=\"font-weight: 400;\">MONT SAINT AIGNAN<\/span><\/p><p><span style=\"font-weight: 400;\">MONTIGNY<\/span><\/p><p><span style=\"font-weight: 400;\">MONTMAIN<\/span><\/p><p><span style=\"font-weight: 400;\">MONTVILLE<\/span><\/p><p><span style=\"font-weight: 400;\">MORGNY LA POMMERAYE<\/span><\/p><p><span style=\"font-weight: 400;\">MOULINEAUX<\/span><\/p><p><span style=\"font-weight: 400;\">NOTRE DAME DE BONDEVILLE<\/span><\/p><p><span style=\"font-weight: 400;\">OISSEL<\/span><\/p><p><span style=\"font-weight: 400;\">PETIT COURONNE<\/span><\/p><p><span style=\"font-weight: 400;\">PETIT QUEVILLY<\/span><\/p><p><span style=\"font-weight: 400;\">PIERREVAL<\/span><\/p><p><span style=\"font-weight: 400;\">PISSY POVILLE<\/span><\/p><p><span style=\"font-weight: 400;\">PREAUX<\/span><\/p><p><span style=\"font-weight: 400;\">QUEVREVILLE LA POTERIE<\/span><\/p><p><span style=\"font-weight: 400;\">QUINCAMPOIX<\/span><\/p><p><span style=\"font-weight: 400;\">REBETS<\/span><\/p><p><span style=\"font-weight: 400;\">RONCHEROLLES S\/ LE VIVIER<\/span><\/p><p><span style=\"font-weight: 400;\">ROUEN<\/span><\/p><p><span style=\"font-weight: 400;\">ROUMARE<\/span><\/p><p><span style=\"font-weight: 400;\">RY<\/span><\/p><p><span style=\"font-weight: 400;\">SAHURS<\/span><\/p><p><span style=\"font-weight: 400;\">SERVAVILLE SALMONVILLE<\/span><\/p><p><span style=\"font-weight: 400;\">SIERVILLE<\/span><\/p><p><span style=\"font-weight: 400;\">SOTTEVILLE LES ROUEN<\/span><\/p><p><span style=\"font-weight: 400;\">ST AIGNAN SUR RY<\/span><\/p><p><span style=\"font-weight: 400;\">ST ANDRE SUR CAILLY<\/span><\/p><p><span style=\"font-weight: 400;\">ST AUBIN CELLOVILLE<\/span><\/p><p><span style=\"font-weight: 400;\">ST AUBIN EPINAY<\/span><\/p><p><span style=\"font-weight: 400;\">ST DENIS LE THIBOULT<\/span><\/p><p><span style=\"font-weight: 400;\">ST ETIENNE DU ROUVRAY<\/span><\/p><p><span style=\"font-weight: 400;\">ST GEORGES S\/ FONTAINE<\/span><\/p><p><span style=\"font-weight: 400;\">ST GERMAIN DES ESSOURTS<\/span><\/p><p><span style=\"font-weight: 400;\">ST GERMAIN SOUS CAILLY<\/span><\/p><p><span style=\"font-weight: 400;\">ST JACQUES SUR DARNETAL<\/span><\/p><p><span style=\"font-weight: 400;\">ST JEAN DU CARDONNAY<\/span><\/p><p><span style=\"font-weight: 400;\">ST LEGER DU BOURG DENIS<\/span><\/p><p><span style=\"font-weight: 400;\">ST MARTIN DU VIVIER<\/span><\/p><p><span style=\"font-weight: 400;\">ST PIERRE DE MANNEVILLE<\/span><\/p><p><span style=\"font-weight: 400;\">STE CROIX SUR BUCHY<\/span><\/p><p><span style=\"font-weight: 400;\">VAL DE LA HAYE<\/span><\/p><p><span style=\"font-weight: 400;\">VIEUX MANOIR<\/span><\/p><p><span style=\"font-weight: 400;\">YMARE<\/span><\/p><p><span style=\"font-weight: 400;\">YQUEBEUF<\/span><\/p>\n    <\/div>\n\t\t<\/div>\n\t\t\t\t<\/div>\n\t\t\t\t\t<\/div>\n\t\t\t\t<\/div>\n\t\t\t\t<\/div>\n\t\t","protected":false},"excerpt":{"rendered":"<p>Un lien constant avec les communes Toutes les communes concern\u00e9es par nos actions sont convi\u00e9es aux assembl\u00e9es g\u00e9n\u00e9rales afin de pouvoir assurer un suivi r\u00e9gulier de nos actions. Plus g\u00e9n\u00e9ralement, la Mission Locale sont fr\u00e9quemment convi\u00e9es \u00e0 collaborer avec les diff\u00e9rents services municipaux afin d\u2019apporter notre expertise sur la population de 16 \u00e0 25 ans. [&hellip;]<\/p>\n","protected":false},"author":1,"featured_media":0,"parent":0,"menu_order":0,"comment_status":"closed","ping_status":"closed","template":"","meta":{"_acf_changed":false,"_crosspost_to_1":false,"_crosspost_to_2":false,"_crosspost_to_3":false,"_crosspost_to_4":false,"_crosspost_to_5":false,"_crosspost_to_6":false,"_crosspost_to_7":false,"_crosspost_to_8":false,"_crosspost_to_11":false,"_crosspost_to_12":false,"_crosspost_to_13":false,"_crosspost_to_14":false,"_crosspost_to_15":false,"inline_featured_image":false,"footnotes":""},"acf":[],"yoast_head":"<!-- This site is optimized with the Yoast SEO plugin v21.9.1 - https:\/\/yoast.com\/wordpress\/plugins\/seo\/ -->\n<title>Notre territoire - MISSION LOCALE VERNON SEINE VEXIN<\/title>\n<meta name=\"robots\" content=\"index, follow, max-snippet:-1, max-image-preview:large, max-video-preview:-1\" \/>\n<link rel=\"canonical\" href=\"https:\/\/www.missionslocalesnormandie.fr\/mission-locale-vernon-seine-vexin\/notre-territoire-2\/\" \/>\n<meta property=\"og:locale\" content=\"fr_FR\" \/>\n<meta property=\"og:type\" content=\"article\" \/>\n<meta property=\"og:title\" content=\"Notre territoire - MISSION LOCALE VERNON SEINE VEXIN\" \/>\n<meta property=\"og:description\" content=\"Un lien constant avec les communes Toutes les communes concern\u00e9es par nos actions sont convi\u00e9es aux assembl\u00e9es g\u00e9n\u00e9rales afin de pouvoir assurer un suivi r\u00e9gulier de nos actions. Plus g\u00e9n\u00e9ralement, la Mission Locale sont fr\u00e9quemment convi\u00e9es \u00e0 collaborer avec les diff\u00e9rents services municipaux afin d\u2019apporter notre expertise sur la population de 16 \u00e0 25 ans. [&hellip;]\" \/>\n<meta property=\"og:url\" content=\"https:\/\/www.missionslocalesnormandie.fr\/mission-locale-vernon-seine-vexin\/notre-territoire-2\/\" \/>\n<meta property=\"og:site_name\" content=\"MISSION LOCALE VERNON SEINE VEXIN\" \/>\n<meta property=\"article:modified_time\" content=\"2023-12-15T09:29:09+00:00\" \/>\n<meta name=\"twitter:card\" content=\"summary_large_image\" \/>\n<meta name=\"twitter:label1\" content=\"Dur\u00e9e de lecture estim\u00e9e\" \/>\n\t<meta name=\"twitter:data1\" content=\"2 minutes\" \/>\n<script type=\"application\/ld+json\" class=\"yoast-schema-graph\">{\"@context\":\"https:\/\/schema.org\",\"@graph\":[{\"@type\":\"WebPage\",\"@id\":\"https:\/\/www.missionslocalesnormandie.fr\/mission-locale-vernon-seine-vexin\/notre-territoire-2\/\",\"url\":\"https:\/\/www.missionslocalesnormandie.fr\/mission-locale-vernon-seine-vexin\/notre-territoire-2\/\",\"name\":\"Notre territoire - MISSION LOCALE VERNON SEINE VEXIN\",\"isPartOf\":{\"@id\":\"https:\/\/www.missionslocalesnormandie.fr\/mission-locale-vernon-seine-vexin\/#website\"},\"datePublished\":\"2023-12-14T14:11:21+00:00\",\"dateModified\":\"2023-12-15T09:29:09+00:00\",\"breadcrumb\":{\"@id\":\"https:\/\/www.missionslocalesnormandie.fr\/mission-locale-vernon-seine-vexin\/notre-territoire-2\/#breadcrumb\"},\"inLanguage\":\"fr-FR\",\"potentialAction\":[{\"@type\":\"ReadAction\",\"target\":[\"https:\/\/www.missionslocalesnormandie.fr\/mission-locale-vernon-seine-vexin\/notre-territoire-2\/\"]}]},{\"@type\":\"BreadcrumbList\",\"@id\":\"https:\/\/www.missionslocalesnormandie.fr\/mission-locale-vernon-seine-vexin\/notre-territoire-2\/#breadcrumb\",\"itemListElement\":[{\"@type\":\"ListItem\",\"position\":1,\"name\":\"Home\",\"item\":\"https:\/\/www.missionslocalesnormandie.fr\/mission-locale-vernon-seine-vexin\/\"},{\"@type\":\"ListItem\",\"position\":2,\"name\":\"Notre territoire\"}]},{\"@type\":\"WebSite\",\"@id\":\"https:\/\/www.missionslocalesnormandie.fr\/mission-locale-vernon-seine-vexin\/#website\",\"url\":\"https:\/\/www.missionslocalesnormandie.fr\/mission-locale-vernon-seine-vexin\/\",\"name\":\"MISSION LOCALE VERNON SEINE VEXIN\",\"description\":\"\",\"potentialAction\":[{\"@type\":\"SearchAction\",\"target\":{\"@type\":\"EntryPoint\",\"urlTemplate\":\"https:\/\/www.missionslocalesnormandie.fr\/mission-locale-vernon-seine-vexin\/?s={search_term_string}\"},\"query-input\":\"required name=search_term_string\"}],\"inLanguage\":\"fr-FR\"}]}<\/script>\n<!-- \/ Yoast SEO plugin. -->","yoast_head_json":{"title":"Notre territoire - MISSION LOCALE VERNON SEINE VEXIN","robots":{"index":"index","follow":"follow","max-snippet":"max-snippet:-1","max-image-preview":"max-image-preview:large","max-video-preview":"max-video-preview:-1"},"canonical":"https:\/\/www.missionslocalesnormandie.fr\/mission-locale-vernon-seine-vexin\/notre-territoire-2\/","og_locale":"fr_FR","og_type":"article","og_title":"Notre territoire - MISSION LOCALE VERNON SEINE VEXIN","og_description":"Un lien constant avec les communes Toutes les communes concern\u00e9es par nos actions sont convi\u00e9es aux assembl\u00e9es g\u00e9n\u00e9rales afin de pouvoir assurer un suivi r\u00e9gulier de nos actions. Plus g\u00e9n\u00e9ralement, la Mission Locale sont fr\u00e9quemment convi\u00e9es \u00e0 collaborer avec les diff\u00e9rents services municipaux afin d\u2019apporter notre expertise sur la population de 16 \u00e0 25 ans. [&hellip;]","og_url":"https:\/\/www.missionslocalesnormandie.fr\/mission-locale-vernon-seine-vexin\/notre-territoire-2\/","og_site_name":"MISSION LOCALE VERNON SEINE VEXIN","article_modified_time":"2023-12-15T09:29:09+00:00","twitter_card":"summary_large_image","twitter_misc":{"Dur\u00e9e de lecture estim\u00e9e":"2 minutes"},"schema":{"@context":"https:\/\/schema.org","@graph":[{"@type":"WebPage","@id":"https:\/\/www.missionslocalesnormandie.fr\/mission-locale-vernon-seine-vexin\/notre-territoire-2\/","url":"https:\/\/www.missionslocalesnormandie.fr\/mission-locale-vernon-seine-vexin\/notre-territoire-2\/","name":"Notre territoire - MISSION LOCALE VERNON SEINE VEXIN","isPartOf":{"@id":"https:\/\/www.missionslocalesnormandie.fr\/mission-locale-vernon-seine-vexin\/#website"},"datePublished":"2023-12-14T14:11:21+00:00","dateModified":"2023-12-15T09:29:09+00:00","breadcrumb":{"@id":"https:\/\/www.missionslocalesnormandie.fr\/mission-locale-vernon-seine-vexin\/notre-territoire-2\/#breadcrumb"},"inLanguage":"fr-FR","potentialAction":[{"@type":"ReadAction","target":["https:\/\/www.missionslocalesnormandie.fr\/mission-locale-vernon-seine-vexin\/notre-territoire-2\/"]}]},{"@type":"BreadcrumbList","@id":"https:\/\/www.missionslocalesnormandie.fr\/mission-locale-vernon-seine-vexin\/notre-territoire-2\/#breadcrumb","itemListElement":[{"@type":"ListItem","position":1,"name":"Home","item":"https:\/\/www.missionslocalesnormandie.fr\/mission-locale-vernon-seine-vexin\/"},{"@type":"ListItem","position":2,"name":"Notre territoire"}]},{"@type":"WebSite","@id":"https:\/\/www.missionslocalesnormandie.fr\/mission-locale-vernon-seine-vexin\/#website","url":"https:\/\/www.missionslocalesnormandie.fr\/mission-locale-vernon-seine-vexin\/","name":"MISSION LOCALE VERNON SEINE VEXIN","description":"","potentialAction":[{"@type":"SearchAction","target":{"@type":"EntryPoint","urlTemplate":"https:\/\/www.missionslocalesnormandie.fr\/mission-locale-vernon-seine-vexin\/?s={search_term_string}"},"query-input":"required name=search_term_string"}],"inLanguage":"fr-FR"}]}},"_links":{"self":[{"href":"https:\/\/www.missionslocalesnormandie.fr\/mission-locale-vernon-seine-vexin\/wp-json\/wp\/v2\/pages\/71"}],"collection":[{"href":"https:\/\/www.missionslocalesnormandie.fr\/mission-locale-vernon-seine-vexin\/wp-json\/wp\/v2\/pages"}],"about":[{"href":"https:\/\/www.missionslocalesnormandie.fr\/mission-locale-vernon-seine-vexin\/wp-json\/wp\/v2\/types\/page"}],"author":[{"embeddable":true,"href":"https:\/\/www.missionslocalesnormandie.fr\/mission-locale-vernon-seine-vexin\/wp-json\/wp\/v2\/users\/1"}],"replies":[{"embeddable":true,"href":"https:\/\/www.missionslocalesnormandie.fr\/mission-locale-vernon-seine-vexin\/wp-json\/wp\/v2\/comments?post=71"}],"version-history":[{"count":6,"href":"https:\/\/www.missionslocalesnormandie.fr\/mission-locale-vernon-seine-vexin\/wp-json\/wp\/v2\/pages\/71\/revisions"}],"predecessor-version":[{"id":291,"href":"https:\/\/www.missionslocalesnormandie.fr\/mission-locale-vernon-seine-vexin\/wp-json\/wp\/v2\/pages\/71\/revisions\/291"}],"wp:attachment":[{"href":"https:\/\/www.missionslocalesnormandie.fr\/mission-locale-vernon-seine-vexin\/wp-json\/wp\/v2\/media?parent=71"}],"curies":[{"name":"wp","href":"https:\/\/api.w.org\/{rel}","templated":true}]}}