{"id":77,"date":"2023-12-14T15:13:13","date_gmt":"2023-12-14T14:13:13","guid":{"rendered":"https:\/\/www.missionslocalesnormandie.fr\/mission-locale-vernon-seine-vexin\/?page_id=77"},"modified":"2025-09-26T13:46:13","modified_gmt":"2025-09-26T11:46:13","slug":"nous-contacter-2","status":"publish","type":"page","link":"https:\/\/www.missionslocalesnormandie.fr\/mission-locale-vernon-seine-vexin\/nous-contacter-2\/","title":{"rendered":"Nous contacter"},"content":{"rendered":"\t\t<div data-elementor-type=\"wp-page\" data-elementor-id=\"77\" class=\"elementor elementor-77\">\n\t\t\t\t<div class=\"elementor-element elementor-element-825c0ab e-flex e-con-boxed e-con e-parent\" data-id=\"825c0ab\" data-element_type=\"container\">\n\t\t\t\t\t<div class=\"e-con-inner\">\n\t\t\t\t<div class=\"elementor-element elementor-element-4b8d9eb elementor-widget elementor-widget-block_simple_texte\" data-id=\"4b8d9eb\" data-element_type=\"widget\" data-widget_type=\"block_simple_texte.default\">\n\t\t\t\t<div class=\"elementor-widget-container\">\n\t\t\t    <div class=\"container\">\n        <div class=\"elementor-element elementor-element-1518f3e elementor-widget elementor-widget-block_simple_texte\" data-id=\"1518f3e\" data-element_type=\"widget\" data-widget_type=\"block_simple_texte.default\"><div class=\"elementor-widget-container\"><div class=\"container\"><h2>Par t\u00e9l\u00e9phone<\/h2><p>La Mission Locale Vernon Seine Vexin est joignable au\u00a0<strong>02.32.51.50.65<\/strong>\u00a0le lundi de 13h30 \u00e0 17h et du mardi au vendredi de 9h \u00e0 12h30 et de 13h30 \u00e0 17h.<\/p><\/div><\/div><\/div><div class=\"elementor-element elementor-element-67ff8d5 elementor-widget elementor-widget-block_titre\" data-id=\"67ff8d5\" data-element_type=\"widget\" data-widget_type=\"block_titre.default\"><div class=\"elementor-widget-container\"><div class=\"container\"><h2>Par mail<\/h2><\/div><\/div><\/div><div class=\"elementor-element elementor-element-59cc95a elementor-widget elementor-widget-block_simple_texte\" data-id=\"59cc95a\" data-element_type=\"widget\" data-widget_type=\"block_simple_texte.default\"><div class=\"elementor-widget-container\"><div class=\"container\"><p>Si tu souhaites nous contacter par mail, tu peux nous envoyer ton message ou ta question \u00e0\u00a0<strong>missionlocale@mlvsv.fr<\/strong><\/p><\/div><\/div><\/div>\n    <\/div>\n\t\t<\/div>\n\t\t\t\t<\/div>\n\t\t\t\t\t<\/div>\n\t\t\t\t<\/div>\n\t\t\t\t<\/div>\n\t\t","protected":false},"excerpt":{"rendered":"<p>Par t\u00e9l\u00e9phone La Mission Locale Vernon Seine Vexin est joignable au\u00a002.32.51.50.65\u00a0le lundi de 13h30 \u00e0 17h et du mardi au vendredi de 9h \u00e0 12h30 et de 13h30 \u00e0 17h. Par mail Si tu souhaites nous contacter par mail, tu peux nous envoyer ton message ou ta question \u00e0\u00a0missionlocale@mlvsv.fr<\/p>\n","protected":false},"author":1,"featured_media":0,"parent":0,"menu_order":0,"comment_status":"closed","ping_status":"closed","template":"","meta":{"_acf_changed":false,"_crosspost_to_1":false,"_crosspost_to_2":false,"_crosspost_to_3":false,"_crosspost_to_4":false,"_crosspost_to_5":false,"_crosspost_to_6":false,"_crosspost_to_7":false,"_crosspost_to_8":false,"_crosspost_to_11":false,"_crosspost_to_12":false,"_crosspost_to_13":false,"_crosspost_to_14":false,"_crosspost_to_15":false,"inline_featured_image":false,"footnotes":""},"acf":[],"yoast_head":"<!-- This site is optimized with the Yoast SEO plugin v21.9.1 - https:\/\/yoast.com\/wordpress\/plugins\/seo\/ -->\n<title>Nous contacter - MISSION LOCALE VERNON SEINE VEXIN<\/title>\n<meta name=\"robots\" content=\"index, follow, max-snippet:-1, max-image-preview:large, max-video-preview:-1\" \/>\n<link rel=\"canonical\" href=\"https:\/\/www.missionslocalesnormandie.fr\/mission-locale-vernon-seine-vexin\/nous-contacter-2\/\" \/>\n<meta property=\"og:locale\" content=\"fr_FR\" \/>\n<meta property=\"og:type\" content=\"article\" \/>\n<meta property=\"og:title\" content=\"Nous contacter - MISSION LOCALE VERNON SEINE VEXIN\" \/>\n<meta property=\"og:description\" content=\"Par t\u00e9l\u00e9phone La Mission Locale Vernon Seine Vexin est joignable au\u00a002.32.51.50.65\u00a0le lundi de 13h30 \u00e0 17h et du mardi au vendredi de 9h \u00e0 12h30 et de 13h30 \u00e0 17h. Par mail Si tu souhaites nous contacter par mail, tu peux nous envoyer ton message ou ta question \u00e0\u00a0missionlocale@mlvsv.fr\" \/>\n<meta property=\"og:url\" content=\"https:\/\/www.missionslocalesnormandie.fr\/mission-locale-vernon-seine-vexin\/nous-contacter-2\/\" \/>\n<meta property=\"og:site_name\" content=\"MISSION LOCALE VERNON SEINE VEXIN\" \/>\n<meta property=\"article:modified_time\" content=\"2025-09-26T11:46:13+00:00\" \/>\n<meta name=\"twitter:card\" content=\"summary_large_image\" \/>\n<meta name=\"twitter:label1\" content=\"Dur\u00e9e de lecture estim\u00e9e\" \/>\n\t<meta name=\"twitter:data1\" content=\"1 minute\" \/>\n<script type=\"application\/ld+json\" class=\"yoast-schema-graph\">{\"@context\":\"https:\/\/schema.org\",\"@graph\":[{\"@type\":\"WebPage\",\"@id\":\"https:\/\/www.missionslocalesnormandie.fr\/mission-locale-vernon-seine-vexin\/nous-contacter-2\/\",\"url\":\"https:\/\/www.missionslocalesnormandie.fr\/mission-locale-vernon-seine-vexin\/nous-contacter-2\/\",\"name\":\"Nous contacter - MISSION LOCALE VERNON SEINE VEXIN\",\"isPartOf\":{\"@id\":\"https:\/\/www.missionslocalesnormandie.fr\/mission-locale-vernon-seine-vexin\/#website\"},\"datePublished\":\"2023-12-14T14:13:13+00:00\",\"dateModified\":\"2025-09-26T11:46:13+00:00\",\"breadcrumb\":{\"@id\":\"https:\/\/www.missionslocalesnormandie.fr\/mission-locale-vernon-seine-vexin\/nous-contacter-2\/#breadcrumb\"},\"inLanguage\":\"fr-FR\",\"potentialAction\":[{\"@type\":\"ReadAction\",\"target\":[\"https:\/\/www.missionslocalesnormandie.fr\/mission-locale-vernon-seine-vexin\/nous-contacter-2\/\"]}]},{\"@type\":\"BreadcrumbList\",\"@id\":\"https:\/\/www.missionslocalesnormandie.fr\/mission-locale-vernon-seine-vexin\/nous-contacter-2\/#breadcrumb\",\"itemListElement\":[{\"@type\":\"ListItem\",\"position\":1,\"name\":\"Home\",\"item\":\"https:\/\/www.missionslocalesnormandie.fr\/mission-locale-vernon-seine-vexin\/\"},{\"@type\":\"ListItem\",\"position\":2,\"name\":\"Nous contacter\"}]},{\"@type\":\"WebSite\",\"@id\":\"https:\/\/www.missionslocalesnormandie.fr\/mission-locale-vernon-seine-vexin\/#website\",\"url\":\"https:\/\/www.missionslocalesnormandie.fr\/mission-locale-vernon-seine-vexin\/\",\"name\":\"MISSION LOCALE VERNON SEINE VEXIN\",\"description\":\"\",\"potentialAction\":[{\"@type\":\"SearchAction\",\"target\":{\"@type\":\"EntryPoint\",\"urlTemplate\":\"https:\/\/www.missionslocalesnormandie.fr\/mission-locale-vernon-seine-vexin\/?s={search_term_string}\"},\"query-input\":\"required name=search_term_string\"}],\"inLanguage\":\"fr-FR\"}]}<\/script>\n<!-- \/ Yoast SEO plugin. -->","yoast_head_json":{"title":"Nous contacter - MISSION LOCALE VERNON SEINE VEXIN","robots":{"index":"index","follow":"follow","max-snippet":"max-snippet:-1","max-image-preview":"max-image-preview:large","max-video-preview":"max-video-preview:-1"},"canonical":"https:\/\/www.missionslocalesnormandie.fr\/mission-locale-vernon-seine-vexin\/nous-contacter-2\/","og_locale":"fr_FR","og_type":"article","og_title":"Nous contacter - MISSION LOCALE VERNON SEINE VEXIN","og_description":"Par t\u00e9l\u00e9phone La Mission Locale Vernon Seine Vexin est joignable au\u00a002.32.51.50.65\u00a0le lundi de 13h30 \u00e0 17h et du mardi au vendredi de 9h \u00e0 12h30 et de 13h30 \u00e0 17h. Par mail Si tu souhaites nous contacter par mail, tu peux nous envoyer ton message ou ta question \u00e0\u00a0missionlocale@mlvsv.fr","og_url":"https:\/\/www.missionslocalesnormandie.fr\/mission-locale-vernon-seine-vexin\/nous-contacter-2\/","og_site_name":"MISSION LOCALE VERNON SEINE VEXIN","article_modified_time":"2025-09-26T11:46:13+00:00","twitter_card":"summary_large_image","twitter_misc":{"Dur\u00e9e de lecture estim\u00e9e":"1 minute"},"schema":{"@context":"https:\/\/schema.org","@graph":[{"@type":"WebPage","@id":"https:\/\/www.missionslocalesnormandie.fr\/mission-locale-vernon-seine-vexin\/nous-contacter-2\/","url":"https:\/\/www.missionslocalesnormandie.fr\/mission-locale-vernon-seine-vexin\/nous-contacter-2\/","name":"Nous contacter - MISSION LOCALE VERNON SEINE VEXIN","isPartOf":{"@id":"https:\/\/www.missionslocalesnormandie.fr\/mission-locale-vernon-seine-vexin\/#website"},"datePublished":"2023-12-14T14:13:13+00:00","dateModified":"2025-09-26T11:46:13+00:00","breadcrumb":{"@id":"https:\/\/www.missionslocalesnormandie.fr\/mission-locale-vernon-seine-vexin\/nous-contacter-2\/#breadcrumb"},"inLanguage":"fr-FR","potentialAction":[{"@type":"ReadAction","target":["https:\/\/www.missionslocalesnormandie.fr\/mission-locale-vernon-seine-vexin\/nous-contacter-2\/"]}]},{"@type":"BreadcrumbList","@id":"https:\/\/www.missionslocalesnormandie.fr\/mission-locale-vernon-seine-vexin\/nous-contacter-2\/#breadcrumb","itemListElement":[{"@type":"ListItem","position":1,"name":"Home","item":"https:\/\/www.missionslocalesnormandie.fr\/mission-locale-vernon-seine-vexin\/"},{"@type":"ListItem","position":2,"name":"Nous contacter"}]},{"@type":"WebSite","@id":"https:\/\/www.missionslocalesnormandie.fr\/mission-locale-vernon-seine-vexin\/#website","url":"https:\/\/www.missionslocalesnormandie.fr\/mission-locale-vernon-seine-vexin\/","name":"MISSION LOCALE VERNON SEINE VEXIN","description":"","potentialAction":[{"@type":"SearchAction","target":{"@type":"EntryPoint","urlTemplate":"https:\/\/www.missionslocalesnormandie.fr\/mission-locale-vernon-seine-vexin\/?s={search_term_string}"},"query-input":"required name=search_term_string"}],"inLanguage":"fr-FR"}]}},"_links":{"self":[{"href":"https:\/\/www.missionslocalesnormandie.fr\/mission-locale-vernon-seine-vexin\/wp-json\/wp\/v2\/pages\/77"}],"collection":[{"href":"https:\/\/www.missionslocalesnormandie.fr\/mission-locale-vernon-seine-vexin\/wp-json\/wp\/v2\/pages"}],"about":[{"href":"https:\/\/www.missionslocalesnormandie.fr\/mission-locale-vernon-seine-vexin\/wp-json\/wp\/v2\/types\/page"}],"author":[{"embeddable":true,"href":"https:\/\/www.missionslocalesnormandie.fr\/mission-locale-vernon-seine-vexin\/wp-json\/wp\/v2\/users\/1"}],"replies":[{"embeddable":true,"href":"https:\/\/www.missionslocalesnormandie.fr\/mission-locale-vernon-seine-vexin\/wp-json\/wp\/v2\/comments?post=77"}],"version-history":[{"count":6,"href":"https:\/\/www.missionslocalesnormandie.fr\/mission-locale-vernon-seine-vexin\/wp-json\/wp\/v2\/pages\/77\/revisions"}],"predecessor-version":[{"id":725,"href":"https:\/\/www.missionslocalesnormandie.fr\/mission-locale-vernon-seine-vexin\/wp-json\/wp\/v2\/pages\/77\/revisions\/725"}],"wp:attachment":[{"href":"https:\/\/www.missionslocalesnormandie.fr\/mission-locale-vernon-seine-vexin\/wp-json\/wp\/v2\/media?parent=77"}],"curies":[{"name":"wp","href":"https:\/\/api.w.org\/{rel}","templated":true}]}}