{"id":897,"date":"2026-01-27T12:01:19","date_gmt":"2026-01-27T11:01:19","guid":{"rendered":"https:\/\/www.missionslocalesnormandie.fr\/?page_id=2521"},"modified":"2026-01-28T16:09:19","modified_gmt":"2026-01-28T14:09:19","slug":"politique-de-confidentialite","status":"publish","type":"page","link":"https:\/\/www.missionslocalesnormandie.fr\/mission-locale-vernon-seine-vexin\/politique-de-confidentialite\/","title":{"rendered":"Politique de confidentialit\u00e9"},"content":{"rendered":"\t\t<div data-elementor-type=\"wp-page\" data-elementor-id=\"897\" class=\"elementor elementor-897\">\n\t\t\t\t<div class=\"elementor-element elementor-element-7c88842 e-flex e-con-boxed e-con e-parent\" data-id=\"7c88842\" data-element_type=\"container\">\n\t\t\t\t\t<div class=\"e-con-inner\">\n\t\t\t\t<div class=\"elementor-element elementor-element-307b0e5 elementor-widget elementor-widget-block_simple_texte\" data-id=\"307b0e5\" data-element_type=\"widget\" data-widget_type=\"block_simple_texte.default\">\n\t\t\t\t<div class=\"elementor-widget-container\">\n\t\t\t    <div class=\"container\">\n        <h2 data-start=\"345\" data-end=\"376\">Responsable du traitement<\/h2><p data-start=\"377\" data-end=\"444\">Les donn\u00e9es personnelles collect\u00e9es sur ce site sont trait\u00e9es par :<\/p><p data-start=\"446\" data-end=\"556\"><strong data-start=\"446\" data-end=\"505\">Association R\u00e9gionale des Missions Locales de Normandie<\/strong><br data-start=\"505\" data-end=\"508\" \/>115 boulevard de l\u2019Europe<br data-start=\"533\" data-end=\"536\" \/>76100 Rouen \u2013 France<\/p><hr data-start=\"558\" data-end=\"561\" \/><h2 data-start=\"563\" data-end=\"587\">Donn\u00e9es collect\u00e9es<\/h2><p data-start=\"588\" data-end=\"683\">Le site peut collecter les donn\u00e9es suivantes lorsque l\u2019utilisateur les fournit volontairement :<\/p><ul data-start=\"684\" data-end=\"885\"><li data-start=\"684\" data-end=\"700\"><p data-start=\"686\" data-end=\"700\">nom et pr\u00e9nom,<\/p><\/li><li data-start=\"701\" data-end=\"718\"><p data-start=\"703\" data-end=\"718\">adresse e-mail,<\/p><\/li><li data-start=\"719\" data-end=\"770\"><p data-start=\"721\" data-end=\"770\">contenu des messages envoy\u00e9s via les formulaires,<\/p><\/li><li data-start=\"771\" data-end=\"828\"><p data-start=\"773\" data-end=\"828\">adresse IP et donn\u00e9es techniques li\u00e9es \u00e0 la navigation,<\/p><\/li><li data-start=\"829\" data-end=\"885\"><p data-start=\"831\" data-end=\"885\">commentaires et m\u00e9tadonn\u00e9es associ\u00e9es, le cas \u00e9ch\u00e9ant.<\/p><\/li><\/ul><hr data-start=\"887\" data-end=\"890\" \/><h2 data-start=\"892\" data-end=\"922\">Finalit\u00e9s et base l\u00e9gale<\/h2><p data-start=\"923\" data-end=\"960\">Les donn\u00e9es sont collect\u00e9es afin de :<\/p><ul data-start=\"961\" data-end=\"1062\"><li data-start=\"961\" data-end=\"1006\"><p data-start=\"963\" data-end=\"1006\">r\u00e9pondre aux demandes envoy\u00e9es via le site,<\/p><\/li><li data-start=\"1007\" data-end=\"1062\"><p data-start=\"1009\" data-end=\"1062\">assurer le bon fonctionnement et la s\u00e9curit\u00e9 du site.<\/p><\/li><\/ul><p data-start=\"1064\" data-end=\"1189\">Les traitements reposent sur le <strong data-start=\"1096\" data-end=\"1129\">consentement de l\u2019utilisateur<\/strong> et sur l\u2019<strong data-start=\"1139\" data-end=\"1159\">int\u00e9r\u00eat l\u00e9gitime<\/strong> du responsable du traitement.<\/p><hr data-start=\"1191\" data-end=\"1194\" \/><h2 data-start=\"1196\" data-end=\"1209\">Cookies<\/h2><p data-start=\"1210\" data-end=\"1359\">Le site utilise des cookies n\u00e9cessaires \u00e0 son fonctionnement.<br data-start=\"1271\" data-end=\"1274\" \/>D\u2019autres cookies peuvent \u00eatre utilis\u00e9s sous r\u00e9serve du consentement de l\u2019utilisateur.<\/p><p data-start=\"1361\" data-end=\"1606\">La gestion des cookies est assur\u00e9e par l\u2019outil <strong data-start=\"1408\" data-end=\"1421\">Complianz<\/strong>, qui permet \u00e0 l\u2019utilisateur de donner, refuser ou modifier son consentement \u00e0 tout moment.<br data-start=\"1512\" data-end=\"1515\" \/>Pour plus d\u2019informations, l\u2019utilisateur peut consulter la <strong data-start=\"1573\" data-end=\"1597\">politique de cookies<\/strong> du site.<\/p><hr data-start=\"1608\" data-end=\"1611\" \/><h2 data-start=\"1613\" data-end=\"1644\">Destinataires des donn\u00e9es<\/h2><p data-start=\"1645\" data-end=\"1821\">Les donn\u00e9es personnelles sont destin\u00e9es exclusivement \u00e0 l\u2019Association R\u00e9gionale des Missions Locales de Normandie et ne sont pas transmises \u00e0 des tiers, sauf obligation l\u00e9gale.<\/p><hr data-start=\"1823\" data-end=\"1826\" \/><h2 data-start=\"1828\" data-end=\"1855\">Dur\u00e9e de conservation<\/h2><p data-start=\"1856\" data-end=\"1921\">Les donn\u00e9es personnelles sont conserv\u00e9es pour une dur\u00e9e limit\u00e9e :<\/p><ul data-start=\"1922\" data-end=\"2082\"><li data-start=\"1922\" data-end=\"1977\"><p data-start=\"1924\" data-end=\"1977\">donn\u00e9es issues des formulaires : <strong data-start=\"1957\" data-end=\"1976\">12 mois maximum<\/strong>,<\/p><\/li><li data-start=\"1978\" data-end=\"2021\"><p data-start=\"1980\" data-end=\"2021\">donn\u00e9es techniques : <strong data-start=\"2001\" data-end=\"2020\">12 mois maximum<\/strong>,<\/p><\/li><li data-start=\"2022\" data-end=\"2082\"><p data-start=\"2024\" data-end=\"2082\">commentaires : dur\u00e9e n\u00e9cessaire \u00e0 la gestion des \u00e9changes.<\/p><\/li><\/ul><hr data-start=\"2084\" data-end=\"2087\" \/><h2 data-start=\"2089\" data-end=\"2118\">Droits des utilisateurs<\/h2><p data-start=\"2119\" data-end=\"2281\">Conform\u00e9ment au RGPD, chaque utilisateur dispose d\u2019un droit d\u2019acc\u00e8s, de rectification, d\u2019effacement, d\u2019opposition, de limitation et de portabilit\u00e9 de ses donn\u00e9es.<\/p><p data-start=\"2283\" data-end=\"2431\">Les droits peuvent \u00eatre exerc\u00e9s en contactant le responsable du traitement.<br data-start=\"2358\" data-end=\"2361\" \/>En cas de litige, l\u2019utilisateur peut saisir la <strong data-start=\"2408\" data-end=\"2416\">CNIL<\/strong> (<a class=\"decorated-link cursor-pointer\" target=\"_new\" rel=\"noopener\" data-start=\"2418\" data-end=\"2429\">www.cnil.fr<\/a>).<\/p><hr data-start=\"2433\" data-end=\"2436\" \/><h2 data-start=\"2438\" data-end=\"2452\">S\u00e9curit\u00e9<\/h2><p data-start=\"2453\" data-end=\"2584\">Des mesures techniques et organisationnelles appropri\u00e9es sont mises en \u0153uvre afin de garantir la s\u00e9curit\u00e9 des donn\u00e9es personnelles.<\/p>\n    <\/div>\n\t\t<\/div>\n\t\t\t\t<\/div>\n\t\t\t\t\t<\/div>\n\t\t\t\t<\/div>\n\t\t\t\t<\/div>\n\t\t","protected":false},"excerpt":{"rendered":"<p>Responsable du traitement Les donn\u00e9es personnelles collect\u00e9es sur ce site sont trait\u00e9es par : Association R\u00e9gionale des Missions Locales de Normandie115 boulevard de l\u2019Europe76100 Rouen \u2013 France Donn\u00e9es collect\u00e9es Le site peut collecter les donn\u00e9es suivantes lorsque l\u2019utilisateur les fournit volontairement : nom et pr\u00e9nom, adresse e-mail, contenu des messages envoy\u00e9s via les formulaires, adresse [&hellip;]<\/p>\n","protected":false},"author":34,"featured_media":0,"parent":0,"menu_order":0,"comment_status":"open","ping_status":"open","template":"","meta":{"_acf_changed":false,"_crosspost_to_1":true,"_crosspost_to_2":false,"_crosspost_to_3":true,"_crosspost_to_4":true,"_crosspost_to_5":true,"_crosspost_to_6":true,"_crosspost_to_7":true,"_crosspost_to_8":true,"_crosspost_to_11":true,"_crosspost_to_12":true,"_crosspost_to_13":true,"_crosspost_to_14":true,"_crosspost_to_15":true,"inline_featured_image":false,"footnotes":""},"acf":[],"yoast_head":"<!-- This site is optimized with the Yoast SEO plugin v21.9.1 - https:\/\/yoast.com\/wordpress\/plugins\/seo\/ -->\n<title>Politique de confidentialit\u00e9 - MISSION LOCALE VERNON SEINE VEXIN<\/title>\n<meta name=\"robots\" content=\"index, follow, max-snippet:-1, max-image-preview:large, max-video-preview:-1\" \/>\n<link rel=\"canonical\" href=\"https:\/\/www.missionslocalesnormandie.fr\/mission-locale-vernon-seine-vexin\/politique-de-confidentialite\/\" \/>\n<meta property=\"og:locale\" content=\"fr_FR\" \/>\n<meta property=\"og:type\" content=\"article\" \/>\n<meta property=\"og:title\" content=\"Politique de confidentialit\u00e9 - MISSION LOCALE VERNON SEINE VEXIN\" \/>\n<meta property=\"og:description\" content=\"Responsable du traitement Les donn\u00e9es personnelles collect\u00e9es sur ce site sont trait\u00e9es par : Association R\u00e9gionale des Missions Locales de Normandie115 boulevard de l\u2019Europe76100 Rouen \u2013 France Donn\u00e9es collect\u00e9es Le site peut collecter les donn\u00e9es suivantes lorsque l\u2019utilisateur les fournit volontairement : nom et pr\u00e9nom, adresse e-mail, contenu des messages envoy\u00e9s via les formulaires, adresse [&hellip;]\" \/>\n<meta property=\"og:url\" content=\"https:\/\/www.missionslocalesnormandie.fr\/mission-locale-vernon-seine-vexin\/politique-de-confidentialite\/\" \/>\n<meta property=\"og:site_name\" content=\"MISSION LOCALE VERNON SEINE VEXIN\" \/>\n<meta name=\"twitter:card\" content=\"summary_large_image\" \/>\n<meta name=\"twitter:label1\" content=\"Dur\u00e9e de lecture estim\u00e9e\" \/>\n\t<meta name=\"twitter:data1\" content=\"2 minutes\" \/>\n<script type=\"application\/ld+json\" class=\"yoast-schema-graph\">{\"@context\":\"https:\/\/schema.org\",\"@graph\":[{\"@type\":\"WebPage\",\"@id\":\"https:\/\/www.missionslocalesnormandie.fr\/mission-locale-vernon-seine-vexin\/politique-de-confidentialite\/\",\"url\":\"https:\/\/www.missionslocalesnormandie.fr\/mission-locale-vernon-seine-vexin\/politique-de-confidentialite\/\",\"name\":\"Politique de confidentialit\u00e9 - MISSION LOCALE VERNON SEINE VEXIN\",\"isPartOf\":{\"@id\":\"https:\/\/www.missionslocalesnormandie.fr\/mission-locale-vernon-seine-vexin\/#website\"},\"datePublished\":\"-0001-11-30T00:00:00+00:00\",\"dateModified\":\"-0001-11-30T00:00:00+00:00\",\"breadcrumb\":{\"@id\":\"https:\/\/www.missionslocalesnormandie.fr\/mission-locale-vernon-seine-vexin\/politique-de-confidentialite\/#breadcrumb\"},\"inLanguage\":\"fr-FR\",\"potentialAction\":[{\"@type\":\"ReadAction\",\"target\":[\"https:\/\/www.missionslocalesnormandie.fr\/mission-locale-vernon-seine-vexin\/politique-de-confidentialite\/\"]}]},{\"@type\":\"BreadcrumbList\",\"@id\":\"https:\/\/www.missionslocalesnormandie.fr\/mission-locale-vernon-seine-vexin\/politique-de-confidentialite\/#breadcrumb\",\"itemListElement\":[{\"@type\":\"ListItem\",\"position\":1,\"name\":\"Home\",\"item\":\"https:\/\/www.missionslocalesnormandie.fr\/mission-locale-vernon-seine-vexin\/\"},{\"@type\":\"ListItem\",\"position\":2,\"name\":\"Politique de confidentialit\u00e9\"}]},{\"@type\":\"WebSite\",\"@id\":\"https:\/\/www.missionslocalesnormandie.fr\/mission-locale-vernon-seine-vexin\/#website\",\"url\":\"https:\/\/www.missionslocalesnormandie.fr\/mission-locale-vernon-seine-vexin\/\",\"name\":\"MISSION LOCALE VERNON SEINE VEXIN\",\"description\":\"\",\"potentialAction\":[{\"@type\":\"SearchAction\",\"target\":{\"@type\":\"EntryPoint\",\"urlTemplate\":\"https:\/\/www.missionslocalesnormandie.fr\/mission-locale-vernon-seine-vexin\/?s={search_term_string}\"},\"query-input\":\"required name=search_term_string\"}],\"inLanguage\":\"fr-FR\"}]}<\/script>\n<!-- \/ Yoast SEO plugin. -->","yoast_head_json":{"title":"Politique de confidentialit\u00e9 - MISSION LOCALE VERNON SEINE VEXIN","robots":{"index":"index","follow":"follow","max-snippet":"max-snippet:-1","max-image-preview":"max-image-preview:large","max-video-preview":"max-video-preview:-1"},"canonical":"https:\/\/www.missionslocalesnormandie.fr\/mission-locale-vernon-seine-vexin\/politique-de-confidentialite\/","og_locale":"fr_FR","og_type":"article","og_title":"Politique de confidentialit\u00e9 - MISSION LOCALE VERNON SEINE VEXIN","og_description":"Responsable du traitement Les donn\u00e9es personnelles collect\u00e9es sur ce site sont trait\u00e9es par : Association R\u00e9gionale des Missions Locales de Normandie115 boulevard de l\u2019Europe76100 Rouen \u2013 France Donn\u00e9es collect\u00e9es Le site peut collecter les donn\u00e9es suivantes lorsque l\u2019utilisateur les fournit volontairement : nom et pr\u00e9nom, adresse e-mail, contenu des messages envoy\u00e9s via les formulaires, adresse [&hellip;]","og_url":"https:\/\/www.missionslocalesnormandie.fr\/mission-locale-vernon-seine-vexin\/politique-de-confidentialite\/","og_site_name":"MISSION LOCALE VERNON SEINE VEXIN","twitter_card":"summary_large_image","twitter_misc":{"Dur\u00e9e de lecture estim\u00e9e":"2 minutes"},"schema":{"@context":"https:\/\/schema.org","@graph":[{"@type":"WebPage","@id":"https:\/\/www.missionslocalesnormandie.fr\/mission-locale-vernon-seine-vexin\/politique-de-confidentialite\/","url":"https:\/\/www.missionslocalesnormandie.fr\/mission-locale-vernon-seine-vexin\/politique-de-confidentialite\/","name":"Politique de confidentialit\u00e9 - MISSION LOCALE VERNON SEINE VEXIN","isPartOf":{"@id":"https:\/\/www.missionslocalesnormandie.fr\/mission-locale-vernon-seine-vexin\/#website"},"datePublished":"-0001-11-30T00:00:00+00:00","dateModified":"-0001-11-30T00:00:00+00:00","breadcrumb":{"@id":"https:\/\/www.missionslocalesnormandie.fr\/mission-locale-vernon-seine-vexin\/politique-de-confidentialite\/#breadcrumb"},"inLanguage":"fr-FR","potentialAction":[{"@type":"ReadAction","target":["https:\/\/www.missionslocalesnormandie.fr\/mission-locale-vernon-seine-vexin\/politique-de-confidentialite\/"]}]},{"@type":"BreadcrumbList","@id":"https:\/\/www.missionslocalesnormandie.fr\/mission-locale-vernon-seine-vexin\/politique-de-confidentialite\/#breadcrumb","itemListElement":[{"@type":"ListItem","position":1,"name":"Home","item":"https:\/\/www.missionslocalesnormandie.fr\/mission-locale-vernon-seine-vexin\/"},{"@type":"ListItem","position":2,"name":"Politique de confidentialit\u00e9"}]},{"@type":"WebSite","@id":"https:\/\/www.missionslocalesnormandie.fr\/mission-locale-vernon-seine-vexin\/#website","url":"https:\/\/www.missionslocalesnormandie.fr\/mission-locale-vernon-seine-vexin\/","name":"MISSION LOCALE VERNON SEINE VEXIN","description":"","potentialAction":[{"@type":"SearchAction","target":{"@type":"EntryPoint","urlTemplate":"https:\/\/www.missionslocalesnormandie.fr\/mission-locale-vernon-seine-vexin\/?s={search_term_string}"},"query-input":"required name=search_term_string"}],"inLanguage":"fr-FR"}]}},"_links":{"self":[{"href":"https:\/\/www.missionslocalesnormandie.fr\/mission-locale-vernon-seine-vexin\/wp-json\/wp\/v2\/pages\/897"}],"collection":[{"href":"https:\/\/www.missionslocalesnormandie.fr\/mission-locale-vernon-seine-vexin\/wp-json\/wp\/v2\/pages"}],"about":[{"href":"https:\/\/www.missionslocalesnormandie.fr\/mission-locale-vernon-seine-vexin\/wp-json\/wp\/v2\/types\/page"}],"author":[{"embeddable":true,"href":"https:\/\/www.missionslocalesnormandie.fr\/mission-locale-vernon-seine-vexin\/wp-json\/wp\/v2\/users\/34"}],"replies":[{"embeddable":true,"href":"https:\/\/www.missionslocalesnormandie.fr\/mission-locale-vernon-seine-vexin\/wp-json\/wp\/v2\/comments?post=897"}],"version-history":[{"count":0,"href":"https:\/\/www.missionslocalesnormandie.fr\/mission-locale-vernon-seine-vexin\/wp-json\/wp\/v2\/pages\/897\/revisions"}],"wp:attachment":[{"href":"https:\/\/www.missionslocalesnormandie.fr\/mission-locale-vernon-seine-vexin\/wp-json\/wp\/v2\/media?parent=897"}],"curies":[{"name":"wp","href":"https:\/\/api.w.org\/{rel}","templated":true}]}}