{"id":9,"date":"2023-12-14T14:42:24","date_gmt":"2023-12-14T13:42:24","guid":{"rendered":"https:\/\/www.missionslocalesnormandie.fr\/mission-locale-vernon-seine-vexin\/?page_id=9"},"modified":"2025-09-26T14:11:03","modified_gmt":"2025-09-26T12:11:03","slug":"notre-organisation","status":"publish","type":"page","link":"https:\/\/www.missionslocalesnormandie.fr\/mission-locale-vernon-seine-vexin\/notre-organisation\/","title":{"rendered":"Notre Mission Locale"},"content":{"rendered":"\t\t<div data-elementor-type=\"wp-page\" data-elementor-id=\"9\" class=\"elementor elementor-9\">\n\t\t\t\t<div class=\"elementor-element elementor-element-540668a e-flex e-con-boxed e-con e-parent\" data-id=\"540668a\" data-element_type=\"container\">\n\t\t\t\t\t<div class=\"e-con-inner\">\n\t\t\t\t<div class=\"elementor-element elementor-element-03aeeec elementor-widget elementor-widget-block_titre\" data-id=\"03aeeec\" data-element_type=\"widget\" data-widget_type=\"block_titre.default\">\n\t\t\t\t<div class=\"elementor-widget-container\">\n\t\t\t    <div class=\"container\">\n        <h2>\n            Un guichet unique pour t'aider \u00e0 construire ton avenir\n        <\/h2>\n    <\/div>\n\t\t<\/div>\n\t\t\t\t<\/div>\n\t\t\t\t\t<\/div>\n\t\t\t\t<\/div>\n\t\t<div class=\"elementor-element elementor-element-dca62cf e-flex e-con-boxed e-con e-parent\" data-id=\"dca62cf\" data-element_type=\"container\">\n\t\t\t\t\t<div class=\"e-con-inner\">\n\t\t\t\t<div class=\"elementor-element elementor-element-ad87637 elementor-widget elementor-widget-block_titre_texte_visuel\" data-id=\"ad87637\" data-element_type=\"widget\" data-widget_type=\"block_titre_texte_visuel.default\">\n\t\t\t\t<div class=\"elementor-widget-container\">\n\t\t\t    <div class=\"container\">\n        <div class=\"row my-4\">\n            <div class=\"col-lg-6 mb-4 mb-lg-0\">\n                \n                    <div class=\"\">\n        <div class=\"edito-intro\">\n            <p data-start=\"75\" data-end=\"217\">La <strong data-start=\"78\" data-end=\"106\">Mission Locale de Vernon<\/strong> est un <strong data-start=\"114\" data-end=\"135\">guichet unique \ud83c\udfe2<\/strong> pour accompagner les jeunes de <strong data-start=\"167\" data-end=\"185\">16 \u00e0 25 ans \ud83d\udc65<\/strong> dans leur parcours d\u2019insertion.<\/p><p data-start=\"219\" data-end=\"364\">Elle propose un <strong data-start=\"235\" data-end=\"269\">accompagnement personnalis\u00e9 \ud83e\udd1d<\/strong> autour de plusieurs axes essentiels : <strong data-start=\"300\" data-end=\"364\">l\u2019emploi, la formation, le logement, la mobilit\u00e9, la citoyennet\u00e9, la sant\u00e9 et la culture.<\/strong><\/p><p data-start=\"219\" data-end=\"364\">Plus de <strong data-start=\"407\" data-end=\"433\">25 salari\u00e9s engag\u00e9s \ud83d\udcbc<\/strong> \u0153uvrent chaque jour pour accompagner les jeunes avec bienveillance et professionnalisme.<\/p><p data-start=\"366\" data-end=\"468\">Chaque jeune b\u00e9n\u00e9ficie de <strong data-start=\"392\" data-end=\"419\">solutions sur mesure \ud83c\udfaf<\/strong> selon son niveau, ses envies et ses difficult\u00e9s.<\/p><p data-start=\"470\" data-end=\"604\">La Mission Locale t\u2019aide \u00e0 <strong data-start=\"497\" data-end=\"540\">construire ton projet professionnel \ud83d\udee0\ufe0f<\/strong>, \u00e0 <strong data-start=\"544\" data-end=\"572\">trouver une formation \ud83d\udcda<\/strong> et \u00e0 <strong data-start=\"578\" data-end=\"603\">acc\u00e9der \u00e0 l\u2019emploi \ud83d\udcbc<\/strong>.<\/p><p data-start=\"606\" data-end=\"706\">C\u2019est un <strong data-start=\"615\" data-end=\"645\">partenaire de confiance \ud83d\udcac<\/strong>, \u00e0 tes c\u00f4t\u00e9s pour t\u2019aider \u00e0 avancer vers <strong data-start=\"687\" data-end=\"705\">l\u2019autonomie \ud83d\ude80<\/strong>.<\/p>\n        <\/div>\n    <\/div>\n\n                            <\/div>\n            <div class=\"col-lg-6 \">\n                                    <figure>\n                                                \n                                                                                                            <a href=\"https:\/\/www.missionslocalesnormandie.fr\/content\/uploads\/sites\/16\/2025\/07\/Villa-castelli-MLVSV.jpg\">\n                                <img decoding=\"async\" src=\"https:\/\/www.missionslocalesnormandie.fr\/content\/uploads\/sites\/16\/2025\/07\/Villa-castelli-MLVSV-675x425-c-default.jpg\"\n                                     alt=\"MISSION LOCALE VERNON SEINE VEXIN\"\/>\n                            <\/a>\n                        \n                                            <\/figure>\n                \n\n            <\/div>\n        <\/div>\n    <\/div>\n\t\t<\/div>\n\t\t\t\t<\/div>\n\t\t\t\t<div class=\"elementor-element elementor-element-1b7fccf elementor-widget elementor-widget-block_liens_fichiers\" data-id=\"1b7fccf\" data-element_type=\"widget\" data-widget_type=\"block_liens_fichiers.default\">\n\t\t\t\t<div class=\"elementor-widget-container\">\n\t\t\t    <div class=\"container\">\n        <div class=\"my-4\">\n                                                                        <a href=\"https:\/\/www.missionslocalesnormandie.fr\/content\/uploads\/sites\/16\/2025\/09\/Rapport-Activite-2024-Mission-Locale-Vernon-Seine-Vexin.pdf\" class=\"generic-link-file -pdf me-4 mb-3\"\n                           target=\"_blank\"\n                           rel=\"noopener noreferrer\">\n                            Notre Rapport d'Activit\u00e9 2024\n                        <\/a>\n                                                        <\/div>\n    <\/div>\n\t\t<\/div>\n\t\t\t\t<\/div>\n\t\t\t\t\t<\/div>\n\t\t\t\t<\/div>\n\t\t\t\t<\/div>\n\t\t","protected":false},"excerpt":{"rendered":"<p>Un guichet unique pour t&#8217;aider \u00e0 construire ton avenir La Mission Locale de Vernon est un guichet unique \ud83c\udfe2 pour accompagner les jeunes de 16 \u00e0 25 ans \ud83d\udc65 dans leur parcours d\u2019insertion. Elle propose un accompagnement personnalis\u00e9 \ud83e\udd1d autour de plusieurs axes essentiels : l\u2019emploi, la formation, le logement, la mobilit\u00e9, la citoyennet\u00e9, la [&hellip;]<\/p>\n","protected":false},"author":1,"featured_media":0,"parent":0,"menu_order":0,"comment_status":"closed","ping_status":"closed","template":"","meta":{"_acf_changed":false,"_crosspost_to_1":false,"_crosspost_to_2":false,"_crosspost_to_3":false,"_crosspost_to_4":false,"_crosspost_to_5":false,"_crosspost_to_6":false,"_crosspost_to_7":false,"_crosspost_to_8":false,"_crosspost_to_11":false,"_crosspost_to_12":false,"_crosspost_to_13":false,"_crosspost_to_14":false,"_crosspost_to_15":false,"inline_featured_image":false,"footnotes":""},"acf":[],"yoast_head":"<!-- This site is optimized with the Yoast SEO plugin v21.9.1 - https:\/\/yoast.com\/wordpress\/plugins\/seo\/ -->\n<title>Notre Mission Locale - MISSION LOCALE VERNON SEINE VEXIN<\/title>\n<meta name=\"description\" content=\"Besoin d\u2019un coup de pouce pour ton avenir ? La Mission Locale t\u2019accompagne dans l\u2019emploi, la formation, le logement et bien plus encore !\" \/>\n<meta name=\"robots\" content=\"index, follow, max-snippet:-1, max-image-preview:large, max-video-preview:-1\" \/>\n<link rel=\"canonical\" href=\"https:\/\/www.missionslocalesnormandie.fr\/mission-locale-vernon-seine-vexin\/notre-organisation\/\" \/>\n<meta property=\"og:locale\" content=\"fr_FR\" \/>\n<meta property=\"og:type\" content=\"article\" \/>\n<meta property=\"og:title\" content=\"Notre Mission Locale - MISSION LOCALE VERNON SEINE VEXIN\" \/>\n<meta property=\"og:description\" content=\"Besoin d\u2019un coup de pouce pour ton avenir ? La Mission Locale t\u2019accompagne dans l\u2019emploi, la formation, le logement et bien plus encore !\" \/>\n<meta property=\"og:url\" content=\"https:\/\/www.missionslocalesnormandie.fr\/mission-locale-vernon-seine-vexin\/notre-organisation\/\" \/>\n<meta property=\"og:site_name\" content=\"MISSION LOCALE VERNON SEINE VEXIN\" \/>\n<meta property=\"article:modified_time\" content=\"2025-09-26T12:11:03+00:00\" \/>\n<meta property=\"og:image\" content=\"https:\/\/www.missionslocalesnormandie.fr\/content\/uploads\/sites\/16\/2025\/07\/Villa-castelli-MLVSV-675x425-c-default.jpg\" \/>\n<meta name=\"twitter:card\" content=\"summary_large_image\" \/>\n<meta name=\"twitter:label1\" content=\"Dur\u00e9e de lecture estim\u00e9e\" \/>\n\t<meta name=\"twitter:data1\" content=\"1 minute\" \/>\n<script type=\"application\/ld+json\" class=\"yoast-schema-graph\">{\"@context\":\"https:\/\/schema.org\",\"@graph\":[{\"@type\":\"WebPage\",\"@id\":\"https:\/\/www.missionslocalesnormandie.fr\/mission-locale-vernon-seine-vexin\/notre-organisation\/\",\"url\":\"https:\/\/www.missionslocalesnormandie.fr\/mission-locale-vernon-seine-vexin\/notre-organisation\/\",\"name\":\"Notre Mission Locale - MISSION LOCALE VERNON SEINE VEXIN\",\"isPartOf\":{\"@id\":\"https:\/\/www.missionslocalesnormandie.fr\/mission-locale-vernon-seine-vexin\/#website\"},\"datePublished\":\"2023-12-14T13:42:24+00:00\",\"dateModified\":\"2025-09-26T12:11:03+00:00\",\"description\":\"Besoin d\u2019un coup de pouce pour ton avenir ? La Mission Locale t\u2019accompagne dans l\u2019emploi, la formation, le logement et bien plus encore !\",\"breadcrumb\":{\"@id\":\"https:\/\/www.missionslocalesnormandie.fr\/mission-locale-vernon-seine-vexin\/notre-organisation\/#breadcrumb\"},\"inLanguage\":\"fr-FR\",\"potentialAction\":[{\"@type\":\"ReadAction\",\"target\":[\"https:\/\/www.missionslocalesnormandie.fr\/mission-locale-vernon-seine-vexin\/notre-organisation\/\"]}]},{\"@type\":\"BreadcrumbList\",\"@id\":\"https:\/\/www.missionslocalesnormandie.fr\/mission-locale-vernon-seine-vexin\/notre-organisation\/#breadcrumb\",\"itemListElement\":[{\"@type\":\"ListItem\",\"position\":1,\"name\":\"Home\",\"item\":\"https:\/\/www.missionslocalesnormandie.fr\/mission-locale-vernon-seine-vexin\/\"},{\"@type\":\"ListItem\",\"position\":2,\"name\":\"Notre Mission Locale\"}]},{\"@type\":\"WebSite\",\"@id\":\"https:\/\/www.missionslocalesnormandie.fr\/mission-locale-vernon-seine-vexin\/#website\",\"url\":\"https:\/\/www.missionslocalesnormandie.fr\/mission-locale-vernon-seine-vexin\/\",\"name\":\"MISSION LOCALE VERNON SEINE VEXIN\",\"description\":\"\",\"potentialAction\":[{\"@type\":\"SearchAction\",\"target\":{\"@type\":\"EntryPoint\",\"urlTemplate\":\"https:\/\/www.missionslocalesnormandie.fr\/mission-locale-vernon-seine-vexin\/?s={search_term_string}\"},\"query-input\":\"required name=search_term_string\"}],\"inLanguage\":\"fr-FR\"}]}<\/script>\n<!-- \/ Yoast SEO plugin. -->","yoast_head_json":{"title":"Notre Mission Locale - MISSION LOCALE VERNON SEINE VEXIN","description":"Besoin d\u2019un coup de pouce pour ton avenir ? La Mission Locale t\u2019accompagne dans l\u2019emploi, la formation, le logement et bien plus encore !","robots":{"index":"index","follow":"follow","max-snippet":"max-snippet:-1","max-image-preview":"max-image-preview:large","max-video-preview":"max-video-preview:-1"},"canonical":"https:\/\/www.missionslocalesnormandie.fr\/mission-locale-vernon-seine-vexin\/notre-organisation\/","og_locale":"fr_FR","og_type":"article","og_title":"Notre Mission Locale - MISSION LOCALE VERNON SEINE VEXIN","og_description":"Besoin d\u2019un coup de pouce pour ton avenir ? La Mission Locale t\u2019accompagne dans l\u2019emploi, la formation, le logement et bien plus encore !","og_url":"https:\/\/www.missionslocalesnormandie.fr\/mission-locale-vernon-seine-vexin\/notre-organisation\/","og_site_name":"MISSION LOCALE VERNON SEINE VEXIN","article_modified_time":"2025-09-26T12:11:03+00:00","og_image":[{"url":"https:\/\/www.missionslocalesnormandie.fr\/content\/uploads\/sites\/16\/2025\/07\/Villa-castelli-MLVSV-675x425-c-default.jpg"}],"twitter_card":"summary_large_image","twitter_misc":{"Dur\u00e9e de lecture estim\u00e9e":"1 minute"},"schema":{"@context":"https:\/\/schema.org","@graph":[{"@type":"WebPage","@id":"https:\/\/www.missionslocalesnormandie.fr\/mission-locale-vernon-seine-vexin\/notre-organisation\/","url":"https:\/\/www.missionslocalesnormandie.fr\/mission-locale-vernon-seine-vexin\/notre-organisation\/","name":"Notre Mission Locale - MISSION LOCALE VERNON SEINE VEXIN","isPartOf":{"@id":"https:\/\/www.missionslocalesnormandie.fr\/mission-locale-vernon-seine-vexin\/#website"},"datePublished":"2023-12-14T13:42:24+00:00","dateModified":"2025-09-26T12:11:03+00:00","description":"Besoin d\u2019un coup de pouce pour ton avenir ? La Mission Locale t\u2019accompagne dans l\u2019emploi, la formation, le logement et bien plus encore !","breadcrumb":{"@id":"https:\/\/www.missionslocalesnormandie.fr\/mission-locale-vernon-seine-vexin\/notre-organisation\/#breadcrumb"},"inLanguage":"fr-FR","potentialAction":[{"@type":"ReadAction","target":["https:\/\/www.missionslocalesnormandie.fr\/mission-locale-vernon-seine-vexin\/notre-organisation\/"]}]},{"@type":"BreadcrumbList","@id":"https:\/\/www.missionslocalesnormandie.fr\/mission-locale-vernon-seine-vexin\/notre-organisation\/#breadcrumb","itemListElement":[{"@type":"ListItem","position":1,"name":"Home","item":"https:\/\/www.missionslocalesnormandie.fr\/mission-locale-vernon-seine-vexin\/"},{"@type":"ListItem","position":2,"name":"Notre Mission Locale"}]},{"@type":"WebSite","@id":"https:\/\/www.missionslocalesnormandie.fr\/mission-locale-vernon-seine-vexin\/#website","url":"https:\/\/www.missionslocalesnormandie.fr\/mission-locale-vernon-seine-vexin\/","name":"MISSION LOCALE VERNON SEINE VEXIN","description":"","potentialAction":[{"@type":"SearchAction","target":{"@type":"EntryPoint","urlTemplate":"https:\/\/www.missionslocalesnormandie.fr\/mission-locale-vernon-seine-vexin\/?s={search_term_string}"},"query-input":"required name=search_term_string"}],"inLanguage":"fr-FR"}]}},"_links":{"self":[{"href":"https:\/\/www.missionslocalesnormandie.fr\/mission-locale-vernon-seine-vexin\/wp-json\/wp\/v2\/pages\/9"}],"collection":[{"href":"https:\/\/www.missionslocalesnormandie.fr\/mission-locale-vernon-seine-vexin\/wp-json\/wp\/v2\/pages"}],"about":[{"href":"https:\/\/www.missionslocalesnormandie.fr\/mission-locale-vernon-seine-vexin\/wp-json\/wp\/v2\/types\/page"}],"author":[{"embeddable":true,"href":"https:\/\/www.missionslocalesnormandie.fr\/mission-locale-vernon-seine-vexin\/wp-json\/wp\/v2\/users\/1"}],"replies":[{"embeddable":true,"href":"https:\/\/www.missionslocalesnormandie.fr\/mission-locale-vernon-seine-vexin\/wp-json\/wp\/v2\/comments?post=9"}],"version-history":[{"count":30,"href":"https:\/\/www.missionslocalesnormandie.fr\/mission-locale-vernon-seine-vexin\/wp-json\/wp\/v2\/pages\/9\/revisions"}],"predecessor-version":[{"id":754,"href":"https:\/\/www.missionslocalesnormandie.fr\/mission-locale-vernon-seine-vexin\/wp-json\/wp\/v2\/pages\/9\/revisions\/754"}],"wp:attachment":[{"href":"https:\/\/www.missionslocalesnormandie.fr\/mission-locale-vernon-seine-vexin\/wp-json\/wp\/v2\/media?parent=9"}],"curies":[{"name":"wp","href":"https:\/\/api.w.org\/{rel}","templated":true}]}}